{"id":16055,"date":"2023-03-09T06:04:56","date_gmt":"2023-03-09T06:04:56","guid":{"rendered":"http:\/\/103.190.27.205\/technis\/www\/accueil\/"},"modified":"2023-03-31T11:27:21","modified_gmt":"2023-03-31T11:27:21","slug":"accueil","status":"publish","type":"page","link":"http:\/\/103.190.27.205\/technis\/www\/fr\/","title":{"rendered":"Accueil"},"content":{"rendered":"<section class=\"wpb-content-wrapper\"><p>[vc_row full_width=\u00a0\u00bbstretch_row\u00a0\u00bb el_class=\u00a0\u00bbbanner-section\u00a0\u00bb css=\u00a0\u00bb.vc_custom_1679500963284{background-image: url(http:\/\/103.190.27.205\/technis\/www\/wp-content\/uploads\/2023\/03\/AdobeStock_281897358-2.jpeg?id=880) !important;background-position: center !important;background-repeat: no-repeat !important;background-size: cover !important;}\u00a0\u00bb][vc_column][vc_row_inner el_class=\u00a0\u00bbbanner-details row-reverse\u00a0\u00bb][vc_column_inner el_class=\u00a0\u00bbbanner-image wow fadeInRight\u00a0\u00bb offset=\u00a0\u00bbvc_col-lg-6 vc_col-md-6&Prime; data_wow_delay=\u00a0\u00bb.2s\u00a0\u00bb][vc_single_image image=\u00a0\u00bb15597&Prime; img_size=\u00a0\u00bbfull\u00a0\u00bb css_animation=\u00a0\u00bbnone\u00a0\u00bb el_class=\u00a0\u00bbimg-full\u00a0\u00bb][\/vc_column_inner][vc_column_inner el_class=\u00a0\u00bbbanner-content wow fadeInUp\u00a0\u00bb offset=\u00a0\u00bbvc_col-lg-6 vc_col-md-6&Prime;][vc_column_text css_animation=\u00a0\u00bbnone\u00a0\u00bb el_class=\u00a0\u00bbbannet-title\u00a0\u00bb]<\/p>\n<h1>Une unique plateforme pour tous vos flux de donn\u00e9es<\/h1>\n<p>[\/vc_column_text][vc_column_text css_animation=\u00a0\u00bbnone\u00a0\u00bb el_class=\u00a0\u00bbbannet-text\u00a0\u00bb]La plateforme Technis digitalise les magasins et b\u00e2timents physiques pour collecter en temps r\u00e9el des donn\u00e9es sur la fr\u00e9quentation, le comportement des clients, l&rsquo;\u00e9nergie et la qualit\u00e9 environnementale.[\/vc_column_text][vc_btn title=\u00a0\u00bbDemander une d\u00e9mo\u00a0\u00bb css_animation=\u00a0\u00bbnone\u00a0\u00bb link=\u00a0\u00bburl:http%3A%2F%2F103.190.27.205%2Ftechnis%2Fwww%2Fget-a-demo%2F|title:Demander%20une%20d%C3%A9mo|\u00a0\u00bb el_class=\u00a0\u00bbbtn primary\u00a0\u00bb][vc_btn title=\u00a0\u00bbDemander un devis\u00a0\u00bb css_animation=\u00a0\u00bbnone\u00a0\u00bb el_class=\u00a0\u00bbbtn secondary\u00a0\u00bb link=\u00a0\u00bburl:http%3A%2F%2F103.190.27.205%2Ftechnis%2Fwww%2Ffr%2Fnous-contacter%2F|title:Nous%20contacter|\u00a0\u00bb][\/vc_column_inner][\/vc_row_inner]<video class=\"bg-video\" poster='http:\/\/103.190.27.205\/technis\/www\/wp-content\/uploads\/2023\/03\/AdobeStock_281897358-2.jpeg' autoplay=\"\" loop=\"\" muted=\"\" playsinline=\"\"><source src=\"http:\/\/103.190.27.205\/technis\/www\/wp-content\/uploads\/2023\/03\/video_website_01.mp4\"><\/video>[\/vc_column][\/vc_row][vc_row el_class=\u00a0\u00bbs-pd\u00a0\u00bb][vc_column][vc_row_inner][vc_column_inner el_class=\u00a0\u00bbtext-md-center wow fadeInUp\u00a0\u00bb offset=\u00a0\u00bbvc_col-lg-6 vc_col-md-6&Prime;][vc_column_text css_animation=\u00a0\u00bbnone\u00a0\u00bb el_class=\u00a0\u00bbmb-16&Prime;]<\/p>\n<h5>Suite logicielle<\/h5>\n<p>[\/vc_column_text][vc_column_text css_animation=\u00a0\u00bbnone\u00a0\u00bb el_class=\u00a0\u00bbmb-32&Prime;]<\/p>\n<h2>Unifiez vos donn\u00e9es immobili\u00e8res gr\u00e2ce \u00e0 la plateforme compl\u00e8te de Technis, qui simplifie les solutions logicielles complexes et fragment\u00e9es.<\/h2>\n<p>[\/vc_column_text][\/vc_column_inner][vc_column_inner width=\u00a0\u00bb1\/2&Prime;][\/vc_column_inner][\/vc_row_inner][vc_row_inner content_placement=\u00a0\u00bbtop\u00a0\u00bb][vc_column_inner el_class=\u00a0\u00bbhome-suite-btn text-md-center wow fadeInUp\u00a0\u00bb offset=\u00a0\u00bbvc_col-lg-2 vc_col-md-3&Prime;][vc_btn title=\u00a0\u00bbEn savoir plus\u00a0\u00bb css_animation=\u00a0\u00bbnone\u00a0\u00bb link=\u00a0\u00bburl:http%3A%2F%2F103.190.27.205%2Ftechnis%2Fwww%2Fproducts%2Ftechnis-os%2F|title:Technis%20OS|\u00a0\u00bb el_class=\u00a0\u00bbbtn primary\u00a0\u00bb][\/vc_column_inner][vc_column_inner el_class=\u00a0\u00bbmb-md-24&Prime; offset=\u00a0\u00bbvc_col-lg-8 vc_col-md-9&Prime;]<div class=\"left-icon-with-text-section gap-24 icon-top mobile-1 tablet-2 desktop-2 body-text-color\"><div class=\"left-icon-with-text-item wow fadeInUp\" style=\"background-color:#fafbfc; color:#3c3c3b;\" data-wow-delay=\"200ms\"><div class=\"icon\"><img decoding=\"async\" src=\"http:\/\/103.190.27.205\/technis\/www\/wp-content\/uploads\/2023\/03\/collect.png\" alt=\"icon\"><\/div><div class=\"text\"><h4>Collecter<\/h4><p>Nous collectons des donn\u00e9es \u00e0 partir de diff\u00e9rents capteurs et sources afin de fournir des informations pr\u00e9cises.<\/p><\/div><\/div><div class=\"left-icon-with-text-item wow fadeInUp\" style=\"background-color:#fafbfc; color:#3c3c3b;\" data-wow-delay=\"400ms\"><div class=\"icon\"><img decoding=\"async\" src=\"http:\/\/103.190.27.205\/technis\/www\/wp-content\/uploads\/2023\/03\/store.png\" alt=\"icon\"><\/div><div class=\"text\"><h4>Stocker<\/h4><p>Les donn\u00e9es collect\u00e9es sont stock\u00e9es en toute s\u00e9curit\u00e9 sur notre plateforme, o\u00f9 elles sont facilement accessibles.<\/p><\/div><\/div><div class=\"left-icon-with-text-item wow fadeInUp\" style=\"background-color:#fafbfc; color:#3c3c3b;\" data-wow-delay=\"600ms\"><div class=\"icon\"><img decoding=\"async\" src=\"http:\/\/103.190.27.205\/technis\/www\/wp-content\/uploads\/2023\/03\/format.png\" alt=\"icon\"><\/div><div class=\"text\"><h4>Formater<\/h4><p>Nous traitons les donn\u00e9es brutes pour les transformer en informations et en visualisations concr\u00e8tes.<\/p><\/div><\/div><div class=\"left-icon-with-text-item wow fadeInUp\" style=\"background-color:#fafbfc; color:#3c3c3b;\" data-wow-delay=\"800ms\"><div class=\"icon\"><img decoding=\"async\" src=\"http:\/\/103.190.27.205\/technis\/www\/wp-content\/uploads\/2023\/03\/process.png\" alt=\"icon\"><\/div><div class=\"text\"><h4>Traiter<\/h4><p>Nous utilisons des algorithmes avanc\u00e9s pour fournir des informations concr\u00e8tes \u00e0 partir des donn\u00e9es collect\u00e9es.<\/p><\/div><\/div><\/div>[\/vc_column_inner][vc_column_inner width=\u00a0\u00bb1\/6&Prime; offset=\u00a0\u00bbvc_col-lg-2 vc_col-md-2 vc_hidden-md vc_hidden-sm vc_hidden-xs\u00a0\u00bb][\/vc_column_inner][\/vc_row_inner][\/vc_column][\/vc_row][vc_row full_width=\u00a0\u00bbstretch_row\u00a0\u00bb content_placement=\u00a0\u00bbmiddle\u00a0\u00bb el_class=\u00a0\u00bbbg-gradient s-pd\u00a0\u00bb][vc_column offset=\u00a0\u00bbvc_col-lg-5 vc_col-md-5&Prime; el_class=\u00a0\u00bbmb-md-24 wow fadeInUp\u00a0\u00bb][vc_single_image image=\u00a0\u00bb15607&Prime; img_size=\u00a0\u00bbfull\u00a0\u00bb alignment=\u00a0\u00bbcenter\u00a0\u00bb el_class=\u00a0\u00bbmax-450 mx-auto\u00a0\u00bb][\/vc_column][vc_column offset=\u00a0\u00bbvc_col-lg-7 vc_col-md-7&Prime; el_class=\u00a0\u00bbtext-sm-center\u00a0\u00bb][vc_row_inner][vc_column_inner el_class=\u00a0\u00bbwow fadeInUp\u00a0\u00bb data_wow_delay=\u00a0\u00bb.2s\u00a0\u00bb][vc_column_text css_animation=\u00a0\u00bbnone\u00a0\u00bb el_class=\u00a0\u00bbmb-16&Prime;]<\/p>\n<h5>Technis Os<\/h5>\n<p>[\/vc_column_text][\/vc_column_inner][\/vc_row_inner][vc_row_inner el_class=\u00a0\u00bbmb-24&Prime;][vc_column_inner el_class=\u00a0\u00bbwow fadeInUp\u00a0\u00bb width=\u00a0\u00bb2\/3&Prime; data_wow_delay=\u00a0\u00bb.2s\u00a0\u00bb][vc_column_text css_animation=\u00a0\u00bbnone\u00a0\u00bb el_class=\u00a0\u00bbmb-24 text-white\u00a0\u00bb]<\/p>\n<h2>Disponible avec 4 applications<\/h2>\n<p>[\/vc_column_text][\/vc_column_inner][vc_column_inner el_class=\u00a0\u00bbwow fadeInUp\u00a0\u00bb width=\u00a0\u00bb1\/3&Prime; data_wow_delay=\u00a0\u00bb.4s\u00a0\u00bb][vc_btn title=\u00a0\u00bbDemander une d\u00e9mo\u00a0\u00bb align=\u00a0\u00bbright\u00a0\u00bb css_animation=\u00a0\u00bbnone\u00a0\u00bb link=\u00a0\u00bburl:http%3A%2F%2F103.190.27.205%2Ftechnis%2Fwww%2Fget-a-demo%2F|title:Demander%20une%20d%C3%A9mo|\u00a0\u00bb el_class=\u00a0\u00bbbtn secondary white btn-sm-center mb-24&Prime;][\/vc_column_inner][\/vc_row_inner][vc_row_inner][vc_column_inner]<div class=\"top-icon-with-text-section gap-24 content-left mobile-1 tablet-2 desktop-2 \"><a href=\"http:\/\/103.190.27.205\/technis\/www\/products\/technis-flow\/\" class=\"top-icon-with-text-item wow fadeInUp\" style=\"background-color:rgba(0,0,0,0.7); color:#ffffff;\" data-wow-delay=\"200ms\"><div class=\"icon\"><img decoding=\"async\" src=\"http:\/\/103.190.27.205\/technis\/www\/wp-content\/uploads\/2023\/03\/flow.svg\" alt=\"icon\"><\/div><div class=\"text\"><h4>Technis Flow<\/h4><p>Solution am\u00e9lior\u00e9e de comptage en temps r\u00e9el des visiteurs et des clients dans les espaces publics, avec comptage multizone.<\/p><\/div><\/a><a href=\"http:\/\/103.190.27.205\/technis\/www\/products\/technis-energy\/\" class=\"top-icon-with-text-item wow fadeInUp\" style=\"background-color:rgba(0,0,0,0.7); color:#ffffff;\" data-wow-delay=\"400ms\"><div class=\"icon\"><img decoding=\"async\" src=\"http:\/\/103.190.27.205\/technis\/www\/wp-content\/uploads\/2023\/03\/energy.svg\" alt=\"icon\"><\/div><div class=\"text\"><h4>Technis Energy<\/h4><p>Solution de consolidation des donn\u00e9es de consommation d'\u00e9nergie, avec un suivi en temps r\u00e9el et automatisation ESG.<\/p><\/div><\/a><a href=\"http:\/\/103.190.27.205\/technis\/www\/products\/technis-comfort\/\" class=\"top-icon-with-text-item wow fadeInUp\" style=\"background-color:rgba(0,0,0,0.7); color:#ffffff;\" data-wow-delay=\"600ms\"><div class=\"icon\"><img decoding=\"async\" src=\"http:\/\/103.190.27.205\/technis\/www\/wp-content\/uploads\/2023\/03\/comfort.svg\" alt=\"icon\"><\/div><div class=\"text\"><h4>Technis Comfort<\/h4><p>Solution pour superviser et maintenir un niveau \u00e9lev\u00e9 de confort dans les espaces gr\u00e2ce \u00e0 la surveillance de l'environnement.<\/p><\/div><\/a><a href=\"http:\/\/103.190.27.205\/technis\/www\/products\/technis-behavior\/\" class=\"top-icon-with-text-item wow fadeInUp\" style=\"background-color:rgba(0,0,0,0.7); color:#ffffff;\" data-wow-delay=\"800ms\"><div class=\"icon\"><img decoding=\"async\" src=\"http:\/\/103.190.27.205\/technis\/www\/wp-content\/uploads\/2023\/03\/shopping-cart.svg\" alt=\"icon\"><\/div><div class=\"text\"><h4>Technis Behavior<\/h4><p>Solution pour obtenir des informations sur le comportement des visiteurs, et am\u00e9liorer l'exp\u00e9rience des clients.<\/p><\/div><\/a><\/div>[\/vc_column_inner][\/vc_row_inner][\/vc_column][\/vc_row][vc_row el_class=\u00a0\u00bbs-pd\u00a0\u00bb][vc_column][vc_row_inner][vc_column_inner el_class=\u00a0\u00bbwow fadeInUp\u00a0\u00bb][vc_column_text css_animation=\u00a0\u00bbnone\u00a0\u00bb el_class=\u00a0\u00bbmb-16 text-center\u00a0\u00bb]<\/p>\n<h5>Nos solutions<\/h5>\n<p>[\/vc_column_text][vc_column_text css_animation=\u00a0\u00bbnone\u00a0\u00bb el_class=\u00a0\u00bbmb-8&Prime;]<\/p>\n<h2 style=\"text-align: center;\">Des r\u00e9ponses concr\u00e8tes aux enjeux de nos clients<\/h2>\n<p>[\/vc_column_text][vc_column_text css_animation=\u00a0\u00bbnone\u00a0\u00bb el_class=\u00a0\u00bbmb-24&Prime;]<\/p>\n<p style=\"text-align: center;\">Technis offre une plateforme polyvalente de collecte et d&rsquo;analyse de donn\u00e9es qui s&rsquo;adresse \u00e0 un large \u00e9ventail d&rsquo;industries, afin d&rsquo;optimiser leurs b\u00e2timents et leurs espaces pour am\u00e9liorer l&rsquo;exp\u00e9rience des utilisateurs, l&rsquo;efficacit\u00e9 op\u00e9rationnelle et prendre des d\u00e9cisions \u00e9clair\u00e9es.<\/p>\n<p>[\/vc_column_text][vc_btn title=\u00a0\u00bbDemander un devis\u00a0\u00bb align=\u00a0\u00bbcenter\u00a0\u00bb css_animation=\u00a0\u00bbnone\u00a0\u00bb link=\u00a0\u00bburl:http%3A%2F%2F103.190.27.205%2Ftechnis%2Fwww%2Ffr%2Fnous-contacter%2F|title:Nous%20contacter|\u00a0\u00bb el_class=\u00a0\u00bbbtn primary\u00a0\u00bb][\/vc_column_inner][\/vc_row_inner][vc_row_inner el_class=\u00a0\u00bbs-pt-half\u00a0\u00bb][vc_column_inner]<div class=\"accordion wow fadeInUp\"><div class=\"accordion-item\"><h4 class=\"accordion-title\">Retail<\/h4><div class=\"accordion-content\"><img decoding=\"async\" class=\"accordion-image-mobile\" src=\"http:\/\/103.190.27.205\/technis\/www\/wp-content\/uploads\/2023\/03\/retail.jpg\" alt=\"\"><p>Boostez les profits et l'exp\u00e9rience client de votre commerce avec Technis. Nos solutions offrent des informations ROIstes pour am\u00e9liorer la valeur de votre commerce, la satisfaction de vos clients et la croissance de vos revenus.<\/p>\n<a class=\"arrow-link\" href=\"https:\/\/www.technis.com\/solutions\/retail-mall-center\/\">Centre commercial<\/a>\n<a class=\"arrow-link\" href=\"https:\/\/www.technis.com\/solutions\/retail-point-of-sale-network\/\">R\u00e9seau de points de vente<\/a>\n<a class=\"arrow-link\" href=\"https:\/\/www.technis.com\/solutions\/retail-corner-and-shops-in-shop\/\">Corner<\/a>\n<a class=\"arrow-link\" href=\"https:\/\/www.technis.com\/solutions\/retail-luxury\/\">Luxe<\/a><\/div><img decoding=\"async\" class=\"accordion-image\" src=\"http:\/\/103.190.27.205\/technis\/www\/wp-content\/uploads\/2023\/03\/retail.jpg\" alt=\"\"><\/div><div class=\"accordion-item\"><h4 class=\"accordion-title\">Immobilier<\/h4><div class=\"accordion-content\"><img decoding=\"async\" class=\"accordion-image-mobile\" src=\"http:\/\/103.190.27.205\/technis\/www\/wp-content\/uploads\/2023\/03\/AdobeStock_83928200-1.jpeg\" alt=\"\"><p>Technis am\u00e9liore la performance des b\u00e2timents et la satisfaction des clients, permettant aux gestionnaires d'actifs immobiliers de prendre des d\u00e9cisions bas\u00e9es sur des donn\u00e9es et de r\u00e9duire les co\u00fbts d'exploitation.<\/p>\n<a class=\"arrow-link\" href=\"https:\/\/www.technis.com\/solutions\/real-estate-real-estate-asset-manager\/\">Gestionnaire d'actifs immobiliers<\/a>\n<a class=\"arrow-link\" href=\"https:\/\/www.technis.com\/solutions\/real-estate-investor-or-real-estate-company\/\">Investisseur<\/a>\n<a class=\"arrow-link\" href=\"https:\/\/www.technis.com\/solutions\/real-estate-real-estate-promoter\/\">Promoteur<\/a><\/div><img decoding=\"async\" class=\"accordion-image\" src=\"http:\/\/103.190.27.205\/technis\/www\/wp-content\/uploads\/2023\/03\/AdobeStock_83928200-1.jpeg\" alt=\"\"><\/div><div class=\"accordion-item\"><h4 class=\"accordion-title\">Facility & Office management<\/h4><div class=\"accordion-content\"><img decoding=\"async\" class=\"accordion-image-mobile\" src=\"http:\/\/103.190.27.205\/technis\/www\/wp-content\/uploads\/2023\/03\/AdobeStock_210620329-1.jpeg\" alt=\"\"><p>Technis optimise la performance des b\u00e2timents, r\u00e9duit les co\u00fbts \u00e9nerg\u00e9tiques et am\u00e9liore l'exp\u00e9rience des occupants gr\u00e2ce \u00e0 des donn\u00e9es en temps r\u00e9el pour une prise de d\u00e9cision plus intelligente dans la gestion des actifs.<\/p>\n<a class=\"arrow-link\" href=\"https:\/\/www.technis.com\/solutions\/facility-office-management-occupant-tenant\/\">Occupant \/ Locataire<\/a>\n<a class=\"arrow-link\" href=\"https:\/\/www.technis.com\/solutions\/facility-office-management-business-services\/\">Business Services<\/a>\n<a class=\"arrow-link\" href=\"https:\/\/www.technis.com\/solutions\/facility-office-management\/\">Facility Management<\/a>\n<a class=\"arrow-link\" href=\"https:\/\/www.technis.com\/solutions\/facility-office-management-coworking-spaces\/\">Espace de co-working<\/a><\/div><img decoding=\"async\" class=\"accordion-image\" src=\"http:\/\/103.190.27.205\/technis\/www\/wp-content\/uploads\/2023\/03\/AdobeStock_210620329-1.jpeg\" alt=\"\"><\/div><div class=\"accordion-item\"><h4 class=\"accordion-title\">Transports<\/h4><div class=\"accordion-content\"><img decoding=\"async\" class=\"accordion-image-mobile\" src=\"http:\/\/103.190.27.205\/technis\/www\/wp-content\/uploads\/2023\/03\/AdobeStock_364332689.jpeg\" alt=\"\"><p>Technis optimise l'efficacit\u00e9 op\u00e9rationnelle et l'exp\u00e9rience des passagers gr\u00e2ce \u00e0 des donn\u00e9es en temps r\u00e9el pour l'industrie du transport, r\u00e9duisant les co\u00fbts, am\u00e9liorant la s\u00e9curit\u00e9 et offrant une exp\u00e9rience de voyage sans faille.<\/p>\n<a class=\"arrow-link\" href=\"https:\/\/www.technis.com\/solutions\/mobilities-station\/\">Gare \/ Station<\/a>\n<a class=\"arrow-link\" href=\"https:\/\/www.technis.com\/solutions\/mobilities-airport-airline\/\">A\u00e9roport \/ Compagnie a\u00e9rienne<\/a><\/div><img decoding=\"async\" class=\"accordion-image\" src=\"http:\/\/103.190.27.205\/technis\/www\/wp-content\/uploads\/2023\/03\/AdobeStock_364332689.jpeg\" alt=\"\"><\/div><div class=\"accordion-item\"><h4 class=\"accordion-title\">Ev\u00e8nementiel<\/h4><div class=\"accordion-content\"><img decoding=\"async\" class=\"accordion-image-mobile\" src=\"http:\/\/103.190.27.205\/technis\/www\/wp-content\/uploads\/2023\/03\/AdobeStock_108505122.jpeg\" alt=\"\"><p>Technis optimise la logistique des \u00e9v\u00e9nements et l'exp\u00e9rience des participants gr\u00e2ce \u00e0 des donn\u00e9es en temps r\u00e9el pour les organisateurs d'\u00e9v\u00e9nements et les gestionnaires de sites, ce qui se traduit par une exp\u00e9rience m\u00e9morable et sans faille.<\/p>\n<a class=\"arrow-link\" href=\"https:\/\/www.technis.com\/solutions\/event-convention-center\/\">Centre de congr\u00e8s<\/a>\n<a class=\"arrow-link\" href=\"https:\/\/www.technis.com\/solutions\/event-event-organizer\/\">Organisateur d'\u00e9v\u00e8nements<\/a>\n<a class=\"arrow-link\" href=\"https:\/\/www.technis.com\/solutions\/event-exhibitor\/\">Exposant<\/a><\/div><img decoding=\"async\" class=\"accordion-image\" src=\"http:\/\/103.190.27.205\/technis\/www\/wp-content\/uploads\/2023\/03\/AdobeStock_108505122.jpeg\" alt=\"\"><\/div><div class=\"accordion-item\"><h4 class=\"accordion-title\">\u00c9ducation<\/h4><div class=\"accordion-content\"><img decoding=\"async\" class=\"accordion-image-mobile\" src=\"http:\/\/103.190.27.205\/technis\/www\/wp-content\/uploads\/2023\/03\/AdobeStock_119150241.jpeg\" alt=\"\"><p>Technis optimise les op\u00e9rations sur les campus, l'exp\u00e9rience des \u00e9tudiants et l'efficacit\u00e9 \u00e9nerg\u00e9tique pour les \u00e9tablissements d'enseignement gr\u00e2ce \u00e0 des donn\u00e9es en temps r\u00e9el, favorisant un environnement s\u00fbr et confortable pour la r\u00e9ussite scolaire.<\/p>\n<a class=\"arrow-link\" href=\"https:\/\/www.technis.com\/solutions\/education-university-campus\/\">Universit\u00e9 \/ Campus<\/a><\/div><img decoding=\"async\" class=\"accordion-image\" src=\"http:\/\/103.190.27.205\/technis\/www\/wp-content\/uploads\/2023\/03\/AdobeStock_119150241.jpeg\" alt=\"\"><\/div><\/div>[\/vc_column_inner][\/vc_row_inner][\/vc_column][\/vc_row][vc_row full_width=\u00a0\u00bbstretch_row_content_no_spaces\u00a0\u00bb el_class=\u00a0\u00bbs-pt\u00a0\u00bb css=\u00a0\u00bb.vc_custom_1678508265986{background-color: #fafbfc !important;}\u00a0\u00bb][vc_column][vc_row_inner el_class=\u00a0\u00bbcontainer\u00a0\u00bb][vc_column_inner el_class=\u00a0\u00bbwow fadeInUp\u00a0\u00bb][vc_column_text css_animation=\u00a0\u00bbnone\u00a0\u00bb el_class=\u00a0\u00bbmb-16 text-center\u00a0\u00bb]<\/p>\n<h5>Plus de 150 clients<\/h5>\n<p>[\/vc_column_text][vc_column_text css_animation=\u00a0\u00bbnone\u00a0\u00bb el_class=\u00a0\u00bbmb-24&Prime;]<\/p>\n<h2 style=\"text-align: center;\">Nous font confiance<\/h2>\n<p>[\/vc_column_text][\/vc_column_inner][\/vc_row_inner][vc_row_inner el_class=\u00a0\u00bbs-pt-half mb-16&Prime;][vc_column_inner]<div class=\"client-logos move-left\"><ul class=\"client-logos-list\"><li class=\"logo-item\"><img decoding=\"async\" src=\"http:\/\/103.190.27.205\/technis\/www\/wp-content\/uploads\/2023\/03\/client-logo-13.png\"><\/li><li class=\"logo-item\"><img decoding=\"async\" src=\"http:\/\/103.190.27.205\/technis\/www\/wp-content\/uploads\/2023\/03\/client-logo-1.png\"><\/li><li class=\"logo-item\"><img decoding=\"async\" src=\"http:\/\/103.190.27.205\/technis\/www\/wp-content\/uploads\/2023\/03\/client-logo-7.png\"><\/li><li class=\"logo-item\"><img decoding=\"async\" src=\"http:\/\/103.190.27.205\/technis\/www\/wp-content\/uploads\/2023\/03\/client-logo-3.png\"><\/li><li class=\"logo-item\"><img decoding=\"async\" src=\"http:\/\/103.190.27.205\/technis\/www\/wp-content\/uploads\/2023\/03\/client-logo-4.png\"><\/li><li class=\"logo-item\"><img decoding=\"async\" src=\"http:\/\/103.190.27.205\/technis\/www\/wp-content\/uploads\/2023\/03\/client-logo-8.png\"><\/li><li class=\"logo-item\"><img decoding=\"async\" src=\"http:\/\/103.190.27.205\/technis\/www\/wp-content\/uploads\/2023\/03\/client-logo-9.png\"><\/li><li class=\"logo-item\"><img decoding=\"async\" src=\"http:\/\/103.190.27.205\/technis\/www\/wp-content\/uploads\/2023\/03\/client-logo-14.png\"><\/li><li class=\"logo-item\"><img decoding=\"async\" src=\"http:\/\/103.190.27.205\/technis\/www\/wp-content\/uploads\/2023\/03\/client-logo-18.png\"><\/li><li class=\"logo-item\"><img decoding=\"async\" src=\"http:\/\/103.190.27.205\/technis\/www\/wp-content\/uploads\/2023\/03\/client-logo-15.png\"><\/li><li class=\"logo-item\"><img decoding=\"async\" src=\"http:\/\/103.190.27.205\/technis\/www\/wp-content\/uploads\/2023\/03\/client-logo-16.png\"><\/li><li class=\"logo-item\"><img decoding=\"async\" src=\"http:\/\/103.190.27.205\/technis\/www\/wp-content\/uploads\/2023\/03\/client-logo-17.png\"><\/li><\/ul><\/div><div class=\"client-logos move-right\"><ul class=\"client-logos-list\"><li class=\"logo-item\"><img decoding=\"async\" src=\"http:\/\/103.190.27.205\/technis\/www\/wp-content\/uploads\/2023\/03\/client-logo-20.png\"><\/li><li class=\"logo-item\"><img decoding=\"async\" src=\"http:\/\/103.190.27.205\/technis\/www\/wp-content\/uploads\/2023\/03\/client-logo-6.png\"><\/li><li class=\"logo-item\"><img decoding=\"async\" src=\"http:\/\/103.190.27.205\/technis\/www\/wp-content\/uploads\/2023\/03\/client-logo-5.png\"><\/li><li class=\"logo-item\"><img decoding=\"async\" src=\"http:\/\/103.190.27.205\/technis\/www\/wp-content\/uploads\/2023\/03\/client-logo-10.png\"><\/li><li class=\"logo-item\"><img decoding=\"async\" src=\"http:\/\/103.190.27.205\/technis\/www\/wp-content\/uploads\/2023\/03\/client-logo-11.png\"><\/li><li class=\"logo-item\"><img decoding=\"async\" src=\"http:\/\/103.190.27.205\/technis\/www\/wp-content\/uploads\/2023\/03\/client-logo-2.png\"><\/li><li class=\"logo-item\"><img decoding=\"async\" src=\"http:\/\/103.190.27.205\/technis\/www\/wp-content\/uploads\/2023\/03\/client-logo-12.png\"><\/li><li class=\"logo-item\"><img decoding=\"async\" src=\"http:\/\/103.190.27.205\/technis\/www\/wp-content\/uploads\/2023\/03\/client-logo-24.png\"><\/li><li class=\"logo-item\"><img decoding=\"async\" src=\"http:\/\/103.190.27.205\/technis\/www\/wp-content\/uploads\/2023\/03\/client-logo-21.png\"><\/li><li class=\"logo-item\"><img decoding=\"async\" src=\"http:\/\/103.190.27.205\/technis\/www\/wp-content\/uploads\/2023\/03\/client-logo-22.png\"><\/li><li class=\"logo-item\"><img decoding=\"async\" src=\"http:\/\/103.190.27.205\/technis\/www\/wp-content\/uploads\/2023\/03\/client-logo-23.png\"><\/li><li class=\"logo-item\"><img decoding=\"async\" src=\"http:\/\/103.190.27.205\/technis\/www\/wp-content\/uploads\/2023\/03\/client-logo-19.png\"><\/li><\/ul><\/div>[\/vc_column_inner][\/vc_row_inner][\/vc_column][\/vc_row][vc_row full_width=\u00a0\u00bbstretch_row\u00a0\u00bb css=\u00a0\u00bb.vc_custom_1678508416316{background-color: #fafbfc !important;}\u00a0\u00bb el_class=\u00a0\u00bbs-pt-half s-pb\u00a0\u00bb][vc_column width=\u00a0\u00bb1\/12&Prime; offset=\u00a0\u00bbvc_col-lg-2 vc_col-md-1 vc_hidden-sm vc_hidden-xs\u00a0\u00bb][\/vc_column][vc_column offset=\u00a0\u00bbvc_col-lg-8 vc_col-md-10&Prime; el_class=\u00a0\u00bbwow fadeInUp\u00a0\u00bb]<div class=\"testimonial-section\"><div class=\"testimonial-list\"><div class=\"testimonial-item\"><h6 class=\"mb-24\">La solution de Technis nous permet d'optimiser l'espace dans certains b\u00e2timents de notre campus et d'am\u00e9liorer l'exp\u00e9rience et la s\u00e9curit\u00e9 des visiteurs.<\/h6><h6><span class=\"font-semibold\">- Eric du Pasquier,<\/span>&nbsp;Facility and Security Manager, EPFL<\/h6><\/div><div class=\"testimonial-item\"><h6 class=\"mb-24\">Nous avons d\u00e9ploy\u00e9 la solution Technis pour optimiser la gestion de nos diff\u00e9rents salons d'a\u00e9roport, ce qui nous permet d'offrir un meilleur service \u00e0 nos clients.<\/h6><h6><span class=\"font-semibold\">- Juan Luis Montes Gonz\u00e1lez,<\/span>&nbsp;Iberia<\/h6><\/div><\/div><\/div>[\/vc_column][vc_column width=\u00a0\u00bb1\/12&Prime; offset=\u00a0\u00bbvc_col-lg-2 vc_col-md-1 vc_hidden-sm vc_hidden-xs\u00a0\u00bb][\/vc_column][\/vc_row]<\/p>\n<\/section>","protected":false},"excerpt":{"rendered":"<p>[vc_row full_width=\u00a0\u00bbstretch_row\u00a0\u00bb el_class=\u00a0\u00bbbanner-section\u00a0\u00bb css=\u00a0\u00bb.vc_custom_1679500963284{background-image: url(http:\/\/103.190.27.205\/technis\/www\/wp-content\/uploads\/2023\/03\/AdobeStock_281897358-2.jpeg?id=880) !important;background-position: center !important;background-repeat: no-repeat !important;background-size: cover !important;}\u00a0\u00bb][vc_column][vc_row_inner el_class=\u00a0\u00bbbanner-details row-reverse\u00a0\u00bb][vc_column_inner el_class=\u00a0\u00bbbanner-image wow fadeInRight\u00a0\u00bb offset=\u00a0\u00bbvc_col-lg-6 vc_col-md-6&Prime; data_wow_delay=\u00a0\u00bb.2s\u00a0\u00bb][vc_single_image image=\u00a0\u00bb15597&Prime; img_size=\u00a0\u00bbfull\u00a0\u00bb css_animation=\u00a0\u00bbnone\u00a0\u00bb el_class=\u00a0\u00bbimg-full\u00a0\u00bb][\/vc_column_inner][vc_column_inner el_class=\u00a0\u00bbbanner-content wow fadeInUp\u00a0\u00bb offset=\u00a0\u00bbvc_col-lg-6 vc_col-md-6&Prime;][vc_column_text css_animation=\u00a0\u00bbnone\u00a0\u00bb el_class=\u00a0\u00bbbannet-title\u00a0\u00bb] Une unique plateforme pour tous vos flux de donn\u00e9es [\/vc_column_text][vc_column_text css_animation=\u00a0\u00bbnone\u00a0\u00bb el_class=\u00a0\u00bbbannet-text\u00a0\u00bb]La plateforme Technis digitalise les magasins et b\u00e2timents physiques pour collecter en temps <a href=\"http:\/\/103.190.27.205\/technis\/www\/fr\/\" class=\"more-link\">&#8230;<span class=\"screen-reader-text\">  Accueil<\/span><\/a><\/p>\n","protected":false},"author":1,"featured_media":0,"parent":0,"menu_order":0,"comment_status":"closed","ping_status":"closed","template":"","meta":{"content-type":"","footnotes":""},"class_list":["post-16055","page","type-page","status-publish","hentry"],"_links":{"self":[{"href":"http:\/\/103.190.27.205\/technis\/www\/fr\/wp-json\/wp\/v2\/pages\/16055","targetHints":{"allow":["GET"]}}],"collection":[{"href":"http:\/\/103.190.27.205\/technis\/www\/fr\/wp-json\/wp\/v2\/pages"}],"about":[{"href":"http:\/\/103.190.27.205\/technis\/www\/fr\/wp-json\/wp\/v2\/types\/page"}],"author":[{"embeddable":true,"href":"http:\/\/103.190.27.205\/technis\/www\/fr\/wp-json\/wp\/v2\/users\/1"}],"replies":[{"embeddable":true,"href":"http:\/\/103.190.27.205\/technis\/www\/fr\/wp-json\/wp\/v2\/comments?post=16055"}],"version-history":[{"count":34,"href":"http:\/\/103.190.27.205\/technis\/www\/fr\/wp-json\/wp\/v2\/pages\/16055\/revisions"}],"predecessor-version":[{"id":18939,"href":"http:\/\/103.190.27.205\/technis\/www\/fr\/wp-json\/wp\/v2\/pages\/16055\/revisions\/18939"}],"wp:attachment":[{"href":"http:\/\/103.190.27.205\/technis\/www\/fr\/wp-json\/wp\/v2\/media?parent=16055"}],"curies":[{"name":"wp","href":"https:\/\/api.w.org\/{rel}","templated":true}]}}