{"id":16072,"date":"2023-03-13T11:46:41","date_gmt":"2023-03-13T11:46:41","guid":{"rendered":"http:\/\/103.190.27.205\/technis\/www\/nous-contacter\/"},"modified":"2023-03-31T07:52:51","modified_gmt":"2023-03-31T07:52:51","slug":"nous-contacter","status":"publish","type":"page","link":"http:\/\/103.190.27.205\/technis\/www\/fr\/nous-contacter\/","title":{"rendered":"Nous contacter"},"content":{"rendered":"<section class=\"wpb-content-wrapper\"><p>[vc_row full_width=\u00a0\u00bbstretch_row\u00a0\u00bb css=\u00a0\u00bb.vc_custom_1678707999586{background-color: #fafbfc !important;}\u00a0\u00bb el_class=\u00a0\u00bbfirst-section\u00a0\u00bb][vc_column][vc_row_inner el_class=\u00a0\u00bbs-pb-half\u00a0\u00bb][vc_column_inner el_class=\u00a0\u00bbwow fadeInUp\u00a0\u00bb][vc_column_text]<\/p>\n<h1>Nous contacter<\/h1>\n<p>[\/vc_column_text][\/vc_column_inner][\/vc_row_inner][vc_row_inner content_placement=\u00a0\u00bbmiddle\u00a0\u00bb el_class=\u00a0\u00bbs-pb-half row-reverse\u00a0\u00bb][vc_column_inner el_class=\u00a0\u00bbmb-md-24 wow fadeInUp\u00a0\u00bb offset=\u00a0\u00bbvc_col-lg-6 vc_col-md-6&Prime; data_wow_delay=\u00a0\u00bb.2s\u00a0\u00bb][vc_single_image image=\u00a0\u00bb15558&Prime; img_size=\u00a0\u00bbfull\u00a0\u00bb alignment=\u00a0\u00bbcenter\u00a0\u00bb][\/vc_column_inner][vc_column_inner el_class=\u00a0\u00bbcontact-form-block wow fadeInUp\u00a0\u00bb offset=\u00a0\u00bbvc_col-lg-6 vc_col-md-6&Prime;][vc_column_text]\n<div class=\"wpcf7 no-js\" id=\"wpcf7-f16237-o1\" lang=\"fr-FR\" dir=\"ltr\">\n<div class=\"screen-reader-response\"><p role=\"status\" aria-live=\"polite\" aria-atomic=\"true\"><\/p> <ul><\/ul><\/div>\n<form action=\"\/technis\/www\/fr\/wp-json\/wp\/v2\/pages\/16072#wpcf7-f16237-o1\" method=\"post\" class=\"wpcf7-form init\" aria-label=\"Formulaire de contact\" novalidate=\"novalidate\" data-status=\"init\">\n<div style=\"display: none;\">\n<input type=\"hidden\" name=\"_wpcf7\" value=\"16237\" \/>\n<input type=\"hidden\" name=\"_wpcf7_version\" value=\"5.7.5.1\" \/>\n<input type=\"hidden\" name=\"_wpcf7_locale\" value=\"fr_FR\" \/>\n<input type=\"hidden\" name=\"_wpcf7_unit_tag\" value=\"wpcf7-f16237-o1\" \/>\n<input type=\"hidden\" name=\"_wpcf7_container_post\" value=\"0\" \/>\n<input type=\"hidden\" name=\"_wpcf7_posted_data_hash\" value=\"\" \/>\n<\/div>\n<ul class=\"form-list contact-form\">\n\t<li class=\"half\">\n\t\t<p><label> PR\u00c9NOM <\/label><span class=\"wpcf7-form-control-wrap\" data-name=\"your-fname\"><input size=\"40\" class=\"wpcf7-form-control wpcf7-text wpcf7-validates-as-required text-field\" aria-required=\"true\" aria-invalid=\"false\" placeholder=\"Saisissez votre pr\u00e9nom\" value=\"\" type=\"text\" name=\"your-fname\" \/><\/span>\n\t\t<\/p>\n\t<\/li>\n\t<li class=\"half\">\n\t\t<p><label> NOM DE FAMILLE <\/label><span class=\"wpcf7-form-control-wrap\" data-name=\"your-lname\"><input size=\"40\" class=\"wpcf7-form-control wpcf7-text wpcf7-validates-as-required text-field\" aria-required=\"true\" aria-invalid=\"false\" placeholder=\"Saisissez votre pr\u00e9nom\" value=\"\" type=\"text\" name=\"your-lname\" \/><\/span>\n\t\t<\/p>\n\t<\/li>\n\t<li class=\"half\">\n\t\t<p><label> EMAIL <\/label><span class=\"wpcf7-form-control-wrap\" data-name=\"Email\"><input size=\"40\" class=\"wpcf7-form-control wpcf7-text wpcf7-email wpcf7-validates-as-required wpcf7-validates-as-email text-field\" aria-required=\"true\" aria-invalid=\"false\" placeholder=\"Saisissez votre adresse \u00e9lectronique\" value=\"\" type=\"email\" name=\"Email\" \/><\/span>\n\t\t<\/p>\n\t<\/li>\n\t<li class=\"half\">\n\t\t<p><label> T\u00c9L\u00c9PHONE <\/label><span class=\"wpcf7-form-control-wrap\" data-name=\"Phone\"><input size=\"40\" class=\"wpcf7-form-control wpcf7-text wpcf7-tel wpcf7-validates-as-tel text-field\" aria-invalid=\"false\" placeholder=\"Entrez votre num\u00e9ro de t\u00e9l\u00e9phone\" value=\"\" type=\"tel\" name=\"Phone\" \/><\/span>\n\t\t<\/p>\n\t<\/li>\n\t<li>\n\t\t<p><label> OBJET <\/label><span class=\"wpcf7-form-control-wrap\" data-name=\"subject\"><select class=\"wpcf7-form-control wpcf7-select text-field\" aria-invalid=\"false\" name=\"subject\"><option value=\"\">&#8212;Veuillez choisir une option&#8212;<\/option><option value=\"Contact the customer hotline\">Contact the customer hotline<\/option><option value=\"Become a partner\">Become a partner<\/option><option value=\"Get a quote \/ Request a demo\">Get a quote \/ Request a demo<\/option><option value=\"Other request\">Other request<\/option><\/select><\/span>\n\t\t<\/p>\n\t<\/li>\n\t<li class=\"text-right\">\n\t\t<p><input class=\"wpcf7-form-control has-spinner wpcf7-submit btn primary\" type=\"submit\" value=\"SEND\" \/>\n\t\t<\/p>\n\t<\/li>\n<\/ul><div class=\"wpcf7-response-output\" aria-hidden=\"true\"><\/div>\n<\/form>\n<\/div>\n[\/vc_column_text][\/vc_column_inner][\/vc_row_inner][vc_row_inner equal_height=\u00a0\u00bbyes\u00a0\u00bb el_class=\u00a0\u00bbcontact-detail-row\u00a0\u00bb css=\u00a0\u00bb.vc_custom_1678709611352{margin-right: 0px !important;margin-left: 0px !important;background-color: #ffffff !important;}\u00a0\u00bb][vc_column_inner el_class=\u00a0\u00bbtext-md-center mb-md-24 wow fadeInUp\u00a0\u00bb offset=\u00a0\u00bbvc_col-lg-4 vc_col-md-4&Prime;][vc_column_text el_class=\u00a0\u00bbmb-8 text-darkgrey\u00a0\u00bb]<\/p>\n<h4>T\u00e9l\u00e9phone<\/h4>\n<p>[\/vc_column_text][vc_column_text el_class=\u00a0\u00bbmb-8&Prime;]+33 1 76 40 28 06, +41 21 519 05 07[\/vc_column_text][vc_column_text el_class=\u00a0\u00bbmb-8&Prime;]+1 617 915 2163[\/vc_column_text][vc_column_text]De 9h \u00e0 18h[\/vc_column_text][\/vc_column_inner][vc_column_inner el_class=\u00a0\u00bbcontact-email-block text-md-center mb-md-24 wow fadeInUp\u00a0\u00bb offset=\u00a0\u00bbvc_col-lg-3 vc_col-md-3&Prime; data_wow_delay=\u00a0\u00bb.2s\u00a0\u00bb][vc_column_text el_class=\u00a0\u00bbmb-8 text-darkgrey\u00a0\u00bb]<\/p>\n<h4>E-mail :<\/h4>\n<p>[\/vc_column_text][vc_column_text]<a href=\"mailto:sales@technis.com\">sales@technis.com<\/a>[\/vc_column_text][\/vc_column_inner][vc_column_inner el_class=\u00a0\u00bbcontact-hotline-block text-md-center wow fadeInUp\u00a0\u00bb offset=\u00a0\u00bbvc_col-lg-5 vc_col-md-5&Prime; data_wow_delay=\u00a0\u00bb.4s\u00a0\u00bb][vc_column_text el_class=\u00a0\u00bbmb-8 text-darkgrey\u00a0\u00bb]<\/p>\n<h4>Service client Technis<\/h4>\n<p>[\/vc_column_text][vc_column_text el_class=\u00a0\u00bbmb-8&Prime;]En cas d&rsquo;urgence, nos \u00e9quipes sont \u00e0 votre disposition 5 jours par semaine, de 9h \u00e0 18h. USA : 9am EST \/ 5pm EST.[\/vc_column_text][vc_column_text el_class=\u00a0\u00bbmb-8&Prime;]+33 1 76 40 28 06, +41 21 519 05 07[\/vc_column_text][vc_column_text el_class=\u00a0\u00bbmb-8&Prime;]+1 617 915 2163[\/vc_column_text][vc_column_text]<a href=\"mailto:support@technis.com\">support@technis.com<\/a>[\/vc_column_text][\/vc_column_inner][\/vc_row_inner][\/vc_column][\/vc_row][vc_row full_width=\u00a0\u00bbstretch_row\u00a0\u00bb el_class=\u00a0\u00bbs-pd\u00a0\u00bb css=\u00a0\u00bb.vc_custom_1678711429164{background-color: #fafbfc !important;}\u00a0\u00bb][vc_column][vc_row_inner el_class=\u00a0\u00bbs-pb-half\u00a0\u00bb][vc_column_inner el_class=\u00a0\u00bbwow fadeInUp\u00a0\u00bb][vc_column_text]<\/p>\n<h2 style=\"text-align: center;\">Nos bureaux<\/h2>\n<p>[\/vc_column_text][\/vc_column_inner][\/vc_row_inner][vc_row_inner equal_height=\u00a0\u00bbyes\u00a0\u00bb el_class=\u00a0\u00bbour-offices-row\u00a0\u00bb][vc_column_inner el_class=\u00a0\u00bbour-offices-block wow fadeInUp\u00a0\u00bb width=\u00a0\u00bb1\/2&Prime; offset=\u00a0\u00bbvc_col-lg-4 vc_col-md-4&Prime;][vc_column_text el_class=\u00a0\u00bbmb-16&Prime;]<\/p>\n<h4>Lausanne, Suisse<\/h4>\n<p>[\/vc_column_text][vc_column_text el_class=\u00a0\u00bbmb-8&Prime;]PLACE DE LA GARE 10, 1003 LAUSANNE[\/vc_column_text][vc_column_text el_class=\u00a0\u00bbmb-8&Prime;]+41 21 519 05 07[\/vc_column_text][vc_column_text]<a href=\"mailto:sales@technis.com\">sales@technis.com<\/a>[\/vc_column_text][\/vc_column_inner][vc_column_inner el_class=\u00a0\u00bbour-offices-block wow fadeInUp\u00a0\u00bb width=\u00a0\u00bb1\/2&Prime; offset=\u00a0\u00bbvc_col-lg-4 vc_col-md-4&Prime; data_wow_delay=\u00a0\u00bb.1s\u00a0\u00bb][vc_column_text el_class=\u00a0\u00bbmb-16&Prime;]<\/p>\n<h4>Paris, France<\/h4>\n<p>[\/vc_column_text][vc_column_text el_class=\u00a0\u00bbmb-8&Prime;]242 BD VOLTAIRE, 75011 PARIS[\/vc_column_text][vc_column_text el_class=\u00a0\u00bbmb-8&Prime;]+33 1 76 40 28 06[\/vc_column_text][vc_column_text]<a href=\"mailto:sales@technis.com\">sales@technis.com<\/a>[\/vc_column_text][\/vc_column_inner][vc_column_inner el_class=\u00a0\u00bbour-offices-block wow fadeInUp\u00a0\u00bb width=\u00a0\u00bb1\/2&Prime; offset=\u00a0\u00bbvc_col-lg-4 vc_col-md-4&Prime; data_wow_delay=\u00a0\u00bb.2s\u00a0\u00bb][vc_column_text el_class=\u00a0\u00bbmb-16&Prime;]<\/p>\n<h4>Boston, \u00c9tats-Unis<\/h4>\n<p>[\/vc_column_text][vc_column_text el_class=\u00a0\u00bbmb-8&Prime;]22 LOGAN ST, NEW BEDFORD, MA 02745[\/vc_column_text][vc_column_text el_class=\u00a0\u00bbmb-8&Prime;]+1 617 915 2163[\/vc_column_text][vc_column_text]<a href=\"mailto:sales@technis.com\">sales@technis.com<\/a>[\/vc_column_text][\/vc_column_inner][\/vc_row_inner][\/vc_column][\/vc_row]<\/p>\n<\/section>","protected":false},"excerpt":{"rendered":"<p>[vc_row full_width=\u00a0\u00bbstretch_row\u00a0\u00bb css=\u00a0\u00bb.vc_custom_1678707999586{background-color: #fafbfc !important;}\u00a0\u00bb el_class=\u00a0\u00bbfirst-section\u00a0\u00bb][vc_column][vc_row_inner el_class=\u00a0\u00bbs-pb-half\u00a0\u00bb][vc_column_inner el_class=\u00a0\u00bbwow fadeInUp\u00a0\u00bb][vc_column_text] Nous contacter [\/vc_column_text][\/vc_column_inner][\/vc_row_inner][vc_row_inner content_placement=\u00a0\u00bbmiddle\u00a0\u00bb el_class=\u00a0\u00bbs-pb-half row-reverse\u00a0\u00bb][vc_column_inner el_class=\u00a0\u00bbmb-md-24 wow fadeInUp\u00a0\u00bb offset=\u00a0\u00bbvc_col-lg-6 vc_col-md-6&Prime; data_wow_delay=\u00a0\u00bb.2s\u00a0\u00bb][vc_single_image image=\u00a0\u00bb15558&Prime; img_size=\u00a0\u00bbfull\u00a0\u00bb alignment=\u00a0\u00bbcenter\u00a0\u00bb][\/vc_column_inner][vc_column_inner el_class=\u00a0\u00bbcontact-form-block wow fadeInUp\u00a0\u00bb offset=\u00a0\u00bbvc_col-lg-6 vc_col-md-6&Prime;][vc_column_text][\/vc_column_text][\/vc_column_inner][\/vc_row_inner][vc_row_inner equal_height=\u00a0\u00bbyes\u00a0\u00bb el_class=\u00a0\u00bbcontact-detail-row\u00a0\u00bb css=\u00a0\u00bb.vc_custom_1678709611352{margin-right: 0px !important;margin-left: 0px !important;background-color: #ffffff !important;}\u00a0\u00bb][vc_column_inner el_class=\u00a0\u00bbtext-md-center mb-md-24 wow fadeInUp\u00a0\u00bb offset=\u00a0\u00bbvc_col-lg-4 vc_col-md-4&Prime;][vc_column_text el_class=\u00a0\u00bbmb-8 text-darkgrey\u00a0\u00bb] T\u00e9l\u00e9phone [\/vc_column_text][vc_column_text el_class=\u00a0\u00bbmb-8&Prime;]+33 1 76 40 28 06, +41 <a href=\"http:\/\/103.190.27.205\/technis\/www\/fr\/nous-contacter\/\" class=\"more-link\">&#8230;<span class=\"screen-reader-text\">  Nous contacter<\/span><\/a><\/p>\n","protected":false},"author":1,"featured_media":0,"parent":0,"menu_order":0,"comment_status":"closed","ping_status":"closed","template":"","meta":{"content-type":"","footnotes":""},"class_list":["post-16072","page","type-page","status-publish","hentry"],"_links":{"self":[{"href":"http:\/\/103.190.27.205\/technis\/www\/fr\/wp-json\/wp\/v2\/pages\/16072","targetHints":{"allow":["GET"]}}],"collection":[{"href":"http:\/\/103.190.27.205\/technis\/www\/fr\/wp-json\/wp\/v2\/pages"}],"about":[{"href":"http:\/\/103.190.27.205\/technis\/www\/fr\/wp-json\/wp\/v2\/types\/page"}],"author":[{"embeddable":true,"href":"http:\/\/103.190.27.205\/technis\/www\/fr\/wp-json\/wp\/v2\/users\/1"}],"replies":[{"embeddable":true,"href":"http:\/\/103.190.27.205\/technis\/www\/fr\/wp-json\/wp\/v2\/comments?post=16072"}],"version-history":[{"count":14,"href":"http:\/\/103.190.27.205\/technis\/www\/fr\/wp-json\/wp\/v2\/pages\/16072\/revisions"}],"predecessor-version":[{"id":18916,"href":"http:\/\/103.190.27.205\/technis\/www\/fr\/wp-json\/wp\/v2\/pages\/16072\/revisions\/18916"}],"wp:attachment":[{"href":"http:\/\/103.190.27.205\/technis\/www\/fr\/wp-json\/wp\/v2\/media?parent=16072"}],"curies":[{"name":"wp","href":"https:\/\/api.w.org\/{rel}","templated":true}]}}