{"id":16136,"date":"2023-03-24T08:58:20","date_gmt":"2023-03-24T08:58:20","guid":{"rendered":"http:\/\/103.190.27.205\/technis\/www\/promoteur-immobilier\/"},"modified":"2023-04-04T15:11:59","modified_gmt":"2023-04-04T15:11:59","slug":"promoteur-immobilier","status":"publish","type":"page","link":"http:\/\/103.190.27.205\/technis\/www\/fr\/solutions\/promoteur-immobilier\/","title":{"rendered":"Promoteur immobilier"},"content":{"rendered":"<section class=\"wpb-content-wrapper\"><p>[vc_row full_width=\u00a0\u00bbstretch_row\u00a0\u00bb el_class=\u00a0\u00bbbanner-section\u00a0\u00bb css=\u00a0\u00bb.vc_custom_1679665702932{background-image: url(http:\/\/103.190.27.205\/technis\/www\/wp-content\/uploads\/2023\/03\/AdobeStock_55455893.jpeg?id=1685) !important;background-position: center !important;background-repeat: no-repeat !important;background-size: cover !important;}\u00a0\u00bb][vc_column][vc_row_inner el_class=\u00a0\u00bbbanner-details row-reverse\u00a0\u00bb][vc_column_inner el_class=\u00a0\u00bbbanner-image wow fadeInRight\u00a0\u00bb offset=\u00a0\u00bbvc_col-lg-6 vc_col-md-6&Prime; data_wow_delay=\u00a0\u00bb.2s\u00a0\u00bb][vc_single_image image=\u00a0\u00bb15628&Prime; img_size=\u00a0\u00bbfull\u00a0\u00bb el_class=\u00a0\u00bbimg-full\u00a0\u00bb][\/vc_column_inner][vc_column_inner el_class=\u00a0\u00bbbanner-content wow fadeInUp\u00a0\u00bb offset=\u00a0\u00bbvc_col-lg-6 vc_col-md-6&Prime;][vc_column_text el_class=\u00a0\u00bbbannet-title\u00a0\u00bb]<\/p>\n<h1>Promoteur immobilier<\/h1>\n<p>[\/vc_column_text][vc_column_text el_class=\u00a0\u00bbbannet-text\u00a0\u00bb]Construire et d\u00e9velopper votre base d&rsquo;actifs \u00e0 la valeur la plus \u00e9lev\u00e9e en utilisant une technologie bas\u00e9e sur les donn\u00e9es.[\/vc_column_text][vc_btn title=\u00a0\u00bbDemander une d\u00e9mo\u00a0\u00bb link=\u00a0\u00bburl:http%3A%2F%2F103.190.27.205%2Ftechnis%2Fwww%2Ffr%2Fdemander-une-demo%2F|title:Demander%20une%20d%C3%A9mo\u00a0\u00bb el_class=\u00a0\u00bbbtn primary\u00a0\u00bb][\/vc_column_inner][\/vc_row_inner][\/vc_column][\/vc_row][vc_row el_class=\u00a0\u00bbs-pd\u00a0\u00bb][vc_column el_class=\u00a0\u00bbwow fadeInUp\u00a0\u00bb][vc_gallery type=\u00a0\u00bbimage_grid\u00a0\u00bb images=\u00a0\u00bb15796,15797,15798,15799&Prime; img_size=\u00a0\u00bbfull\u00a0\u00bb onclick=\u00a0\u00bb\u00a0\u00bb el_class=\u00a0\u00bblogo-gallery\u00a0\u00bb][\/vc_column][\/vc_row][vc_row full_width=\u00a0\u00bbstretch_row\u00a0\u00bb content_placement=\u00a0\u00bbmiddle\u00a0\u00bb el_class=\u00a0\u00bbs-pd\u00a0\u00bb css=\u00a0\u00bb.vc_custom_1678427554128{background-color: #fafbfc !important;}\u00a0\u00bb][vc_column el_class=\u00a0\u00bbmb-md-24 wow fadeInLeft\u00a0\u00bb offset=\u00a0\u00bbvc_col-lg-6 vc_col-md-6&Prime;][vc_single_image image=\u00a0\u00bb15611&Prime; img_size=\u00a0\u00bbfull\u00a0\u00bb alignment=\u00a0\u00bbcenter\u00a0\u00bb][\/vc_column][vc_column el_class=\u00a0\u00bbmax-580 ml-auto text-md-center wow fadeInUp\u00a0\u00bb offset=\u00a0\u00bbvc_col-lg-6 vc_col-md-6&Prime; data_wow_delay=\u00a0\u00bb.2s\u00a0\u00bb][vc_column_text el_class=\u00a0\u00bbmb-16&Prime;]<\/p>\n<h5>Solution pour l&rsquo;immobilier<\/h5>\n<p>[\/vc_column_text][vc_column_text el_class=\u00a0\u00bbmb-16&Prime;]<\/p>\n<h2>Transformer le d\u00e9veloppement immobilier gr\u00e2ce \u00e0 des informations fond\u00e9es sur les donn\u00e9es<\/h2>\n<p>[\/vc_column_text][vc_column_text el_class=\u00a0\u00bbmb-32&Prime;]Technis fournit aux promoteurs immobiliers une plateforme compl\u00e8te qui leur permet de concevoir et de g\u00e9rer des b\u00e2timents plus efficaces sur le plan \u00e9nerg\u00e9tique, plus rentables et plus attrayants pour les locataires. Gr\u00e2ce \u00e0 sa technologie de pointe et \u00e0 son approche bas\u00e9e sur les donn\u00e9es, Technis aide les promoteurs \u00e0 r\u00e9duire la consommation d&rsquo;\u00e9nergie, \u00e0 am\u00e9liorer la performance des b\u00e2timents et \u00e0 am\u00e9liorer l&rsquo;exp\u00e9rience globale des locataires, tout en g\u00e9n\u00e9rant de nouvelles sources de revenus et en augmentant leur r\u00e9sultat net.[\/vc_column_text][vc_btn title=\u00a0\u00bbDemander une d\u00e9mo\u00a0\u00bb link=\u00a0\u00bburl:http%3A%2F%2F103.190.27.205%2Ftechnis%2Fwww%2Ffr%2Fdemander-une-demo%2F|title:Demander%20une%20d%C3%A9mo\u00a0\u00bb el_class=\u00a0\u00bbbtn primary\u00a0\u00bb][\/vc_column][\/vc_row][vc_row el_class=\u00a0\u00bbs-pd\u00a0\u00bb][vc_column][vc_row_inner][vc_column_inner el_class=\u00a0\u00bbwow fadeInUp\u00a0\u00bb][vc_column_text el_class=\u00a0\u00bbtext-center mb-16&Prime;]<\/p>\n<h5>Promoteur immobilier<\/h5>\n<p>[\/vc_column_text][vc_column_text el_class=\u00a0\u00bbmb-24&Prime;]<\/p>\n<h2 style=\"text-align: center;\">Vos avantages<\/h2>\n<p>[\/vc_column_text][\/vc_column_inner][\/vc_row_inner][vc_row_inner el_class=\u00a0\u00bbbenefits-row\u00a0\u00bb][vc_column_inner el_class=\u00a0\u00bbtext-md-center wow fadeInUp\u00a0\u00bb offset=\u00a0\u00bbvc_col-lg-4 vc_col-md-4&Prime;][vc_single_image image=\u00a0\u00bb15500&Prime; img_size=\u00a0\u00bbfull\u00a0\u00bb el_class=\u00a0\u00bbmb-24 img-md-center\u00a0\u00bb][vc_column_text el_class=\u00a0\u00bbmb-8 text-darkgrey\u00a0\u00bb]<\/p>\n<h4>\u00c9valuer le potentiel du march\u00e9<\/h4>\n<p>[\/vc_column_text][vc_column_text el_class=\u00a0\u00bbmb-24&Prime;]La collecte de donn\u00e9es vous permet de mesurer la zone de chalandise, et donc de donner \u00e0 vos actifs une \u00e9valuation de la situation g\u00e9ographique.[\/vc_column_text][vc_column_text el_class=\u00a0\u00bbvc-arrow-link\u00a0\u00bb]<a href=\"http:\/\/103.190.27.205\/technis\/www\/fr\/produits\/technis-behavior\/\">Consultez notre produit Technis Behavior<\/a>[\/vc_column_text][\/vc_column_inner][vc_column_inner el_class=\u00a0\u00bbtext-md-center wow fadeInUp\u00a0\u00bb offset=\u00a0\u00bbvc_col-lg-4 vc_col-md-4&Prime; data_wow_delay=\u00a0\u00bb.2s\u00a0\u00bb][vc_single_image image=\u00a0\u00bb15502&Prime; img_size=\u00a0\u00bbfull\u00a0\u00bb el_class=\u00a0\u00bbmb-24 img-md-center\u00a0\u00bb][vc_column_text el_class=\u00a0\u00bbmb-8 text-darkgrey\u00a0\u00bb]<\/p>\n<h4>Acc\u00e9l\u00e9rer les baux commerciaux<\/h4>\n<p>[\/vc_column_text][vc_column_text el_class=\u00a0\u00bbmb-24&Prime;]En num\u00e9risant vos b\u00e2timents, vous pouvez offrir des services suppl\u00e9mentaires \u00e0 vos locataires, vous d\u00e9marquer de la concurrence et g\u00e9n\u00e9rer des revenus suppl\u00e9mentaires.[\/vc_column_text][vc_column_text el_class=\u00a0\u00bbvc-arrow-link\u00a0\u00bb]<a href=\"http:\/\/103.190.27.205\/technis\/www\/fr\/produits\/technis-comfort\/\">D\u00e9couvrez notre produit Technis Comfort<\/a>[\/vc_column_text][\/vc_column_inner][vc_column_inner el_class=\u00a0\u00bbtext-md-center wow fadeInUp\u00a0\u00bb offset=\u00a0\u00bbvc_col-lg-4 vc_col-md-4&Prime; data_wow_delay=\u00a0\u00bb.4s\u00a0\u00bb][vc_single_image image=\u00a0\u00bb15501&Prime; img_size=\u00a0\u00bbfull\u00a0\u00bb el_class=\u00a0\u00bbmb-24 img-md-center\u00a0\u00bb][vc_column_text el_class=\u00a0\u00bbmb-8 text-darkgrey\u00a0\u00bb]<\/p>\n<h4>Maximiser la valeur des biens immobiliers<\/h4>\n<p>[\/vc_column_text][vc_column_text el_class=\u00a0\u00bbmb-24&Prime;]En vous \u00e9quipant de compteurs d&rsquo;\u00e9lectricit\u00e9, d&rsquo;eau et de gaz, valorisez l&rsquo;impact environnemental de votre bien gr\u00e2ce au label ESG.[\/vc_column_text][vc_column_text el_class=\u00a0\u00bbvc-arrow-link\u00a0\u00bb]<a href=\"http:\/\/103.190.27.205\/technis\/www\/fr\/produits\/technis-energy\/\">D\u00e9couvrez notre produit Technis Energy<\/a>[\/vc_column_text][\/vc_column_inner][\/vc_row_inner][\/vc_column][\/vc_row][vc_row full_width=\u00a0\u00bbstretch_row\u00a0\u00bb el_class=\u00a0\u00bbtechnis-os-section s-pd\u00a0\u00bb css=\u00a0\u00bb.vc_custom_1678432257906{background-color: #fafbfc !important;}\u00a0\u00bb][vc_column][vc_row_inner equal_height=\u00a0\u00bbyes\u00a0\u00bb content_placement=\u00a0\u00bbmiddle\u00a0\u00bb el_class=\u00a0\u00bbtechnis-os-row\u00a0\u00bb][vc_column_inner el_class=\u00a0\u00bbimage-section wow fadeInLeft\u00a0\u00bb offset=\u00a0\u00bbvc_col-lg-7 vc_col-md-7&Prime;][vc_single_image image=\u00a0\u00bb15634&Prime; img_size=\u00a0\u00bbfull\u00a0\u00bb el_class=\u00a0\u00bbtechnis-os-screen-img\u00a0\u00bb]<div class=\"left-icon-with-text-section gap-16 icon-center mobile-1 tablet-2 desktop-2 technis-img-flow\"><a href=\"http:\/\/103.190.27.205\/technis\/www\/fr\/produits\/technis-flow\/\" class=\"left-icon-with-text-item wow fadeInUp\" style=\"background-color:; color:#ffffff;\" data-wow-delay=\"200ms\"><div class=\"icon\"><img decoding=\"async\" src=\"http:\/\/103.190.27.205\/technis\/www\/wp-content\/uploads\/2023\/03\/flow.svg\" alt=\"icon\"><\/div><div class=\"text\"><h4>Technis Flow<\/h4><\/div><\/a><a href=\"http:\/\/103.190.27.205\/technis\/www\/fr\/produits\/technis-energy\/\" class=\"left-icon-with-text-item wow fadeInUp\" style=\"background-color:; color:#ffffff;\" data-wow-delay=\"400ms\"><div class=\"icon\"><img decoding=\"async\" src=\"http:\/\/103.190.27.205\/technis\/www\/wp-content\/uploads\/2023\/03\/energy.svg\" alt=\"icon\"><\/div><div class=\"text\"><h4>Technis Energy<\/h4><\/div><\/a><a href=\"http:\/\/103.190.27.205\/technis\/www\/fr\/produits\/technis-comfort\/\" class=\"left-icon-with-text-item wow fadeInUp\" style=\"background-color:; color:#ffffff;\" data-wow-delay=\"600ms\"><div class=\"icon\"><img decoding=\"async\" src=\"http:\/\/103.190.27.205\/technis\/www\/wp-content\/uploads\/2023\/03\/comfort.svg\" alt=\"icon\"><\/div><div class=\"text\"><h4>Technis Comfort<\/h4><\/div><\/a><a href=\"http:\/\/103.190.27.205\/technis\/www\/fr\/produits\/technis-behavior\/\" class=\"left-icon-with-text-item wow fadeInUp\" style=\"background-color:; color:#ffffff;\" data-wow-delay=\"800ms\"><div class=\"icon\"><img decoding=\"async\" src=\"http:\/\/103.190.27.205\/technis\/www\/wp-content\/uploads\/2023\/03\/shopping-cart.svg\" alt=\"icon\"><\/div><div class=\"text\"><h4>Technis Behavior<\/h4><\/div><\/a><\/div>[\/vc_column_inner][vc_column_inner el_class=\u00a0\u00bbcontent-section wow fadeInUp\u00a0\u00bb offset=\u00a0\u00bbvc_col-lg-5 vc_col-md-5&Prime;][vc_column_text el_class=\u00a0\u00bbmb-16&Prime;]<\/p>\n<h5>SUITE LOGICIELLE<\/h5>\n<p>[\/vc_column_text][vc_column_text el_class=\u00a0\u00bbs-pb-half\u00a0\u00bb]<\/p>\n<h2>Technis OS<\/h2>\n<p>[\/vc_column_text]<div class=\"top-icon-with-text-section gap-16 content-center mobile-1 tablet-2 desktop-2 font-semibold\"><div class=\"top-icon-with-text-item wow fadeInUp\" style=\"background-color:#ffffff; color:#3c3c3b;\" data-wow-delay=\"200ms\"><div class=\"icon\"><img decoding=\"async\" src=\"http:\/\/103.190.27.205\/technis\/www\/wp-content\/uploads\/2023\/03\/bag.svg\" alt=\"icon\"><\/div><div class=\"text\"><p>Un seul fournisseur hardware \/ software<\/p><\/div><\/div><div class=\"top-icon-with-text-item wow fadeInUp\" style=\"background-color:#ffffff; color:#3c3c3b;\" data-wow-delay=\"400ms\"><div class=\"icon\"><img decoding=\"async\" src=\"http:\/\/103.190.27.205\/technis\/www\/wp-content\/uploads\/2023\/03\/git-diff.svg\" alt=\"icon\"><\/div><div class=\"text\"><p>Transformation et stockage centralis\u00e9s des donn\u00e9es<\/p><\/div><\/div><div class=\"top-icon-with-text-item wow fadeInUp\" style=\"background-color:#ffffff; color:#3c3c3b;\" data-wow-delay=\"600ms\"><div class=\"icon\"><img decoding=\"async\" src=\"http:\/\/103.190.27.205\/technis\/www\/wp-content\/uploads\/2023\/03\/bell.svg\" alt=\"icon\"><\/div><div class=\"text\"><p>Identification automatique des anomalies par le biais d'alertes<\/p><\/div><\/div><div class=\"top-icon-with-text-item wow fadeInUp\" style=\"background-color:#ffffff; color:#3c3c3b;\" data-wow-delay=\"800ms\"><div class=\"icon\"><img decoding=\"async\" src=\"http:\/\/103.190.27.205\/technis\/www\/wp-content\/uploads\/2023\/03\/hard-drives.svg\" alt=\"icon\"><\/div><div class=\"text\"><p>Vue du portefeuille d'actifs et comparaison des donn\u00e9es<\/p><\/div><\/div><div class=\"top-icon-with-text-item wow fadeInUp\" style=\"background-color:#ffffff; color:#3c3c3b;\" data-wow-delay=\"1000ms\"><div class=\"icon\"><img decoding=\"async\" src=\"http:\/\/103.190.27.205\/technis\/www\/wp-content\/uploads\/2023\/03\/dollar.svg\" alt=\"icon\"><\/div><div class=\"text\"><p>R\u00e9duction du co\u00fbt de traitement et de la collecte manuels des donn\u00e9es<\/p><\/div><\/div><div class=\"top-icon-with-text-item wow fadeInUp\" style=\"background-color:#ffffff; color:#3c3c3b;\" data-wow-delay=\"1200ms\"><div class=\"icon\"><img decoding=\"async\" src=\"http:\/\/103.190.27.205\/technis\/www\/wp-content\/uploads\/2023\/03\/power.svg\" alt=\"icon\"><\/div><div class=\"text\"><p>Temps r\u00e9el et granularit\u00e9 \u00e9lev\u00e9e<\/p><\/div><\/div><div class=\"top-icon-with-text-item wow fadeInUp\" style=\"background-color:#ffffff; color:#3c3c3b;\" data-wow-delay=\"1400ms\"><div class=\"icon\"><img decoding=\"async\" src=\"http:\/\/103.190.27.205\/technis\/www\/wp-content\/uploads\/2023\/03\/setting.svg\" alt=\"icon\"><\/div><div class=\"text\"><p>Automatisation des processus internes et l\u00e9gaux<\/p><\/div><\/div><div class=\"top-icon-with-text-item wow fadeInUp\" style=\"background-color:#ffffff; color:#3c3c3b;\" data-wow-delay=\"1600ms\"><div class=\"icon\"><img decoding=\"async\" src=\"http:\/\/103.190.27.205\/technis\/www\/wp-content\/uploads\/2023\/03\/users-group.svg\" alt=\"icon\"><\/div><div class=\"text\"><p>Une \u00e9quipe sp\u00e9cialis\u00e9e de l'audit aux r\u00e9sultats<\/p><\/div><\/div><\/div>[\/vc_column_inner][\/vc_row_inner][\/vc_column][\/vc_row]<\/p>\n<\/section>","protected":false},"excerpt":{"rendered":"<p>[vc_row full_width=\u00a0\u00bbstretch_row\u00a0\u00bb el_class=\u00a0\u00bbbanner-section\u00a0\u00bb css=\u00a0\u00bb.vc_custom_1679665702932{background-image: url(http:\/\/103.190.27.205\/technis\/www\/wp-content\/uploads\/2023\/03\/AdobeStock_55455893.jpeg?id=1685) !important;background-position: center !important;background-repeat: no-repeat !important;background-size: cover !important;}\u00a0\u00bb][vc_column][vc_row_inner el_class=\u00a0\u00bbbanner-details row-reverse\u00a0\u00bb][vc_column_inner el_class=\u00a0\u00bbbanner-image wow fadeInRight\u00a0\u00bb offset=\u00a0\u00bbvc_col-lg-6 vc_col-md-6&Prime; data_wow_delay=\u00a0\u00bb.2s\u00a0\u00bb][vc_single_image image=\u00a0\u00bb15628&Prime; img_size=\u00a0\u00bbfull\u00a0\u00bb el_class=\u00a0\u00bbimg-full\u00a0\u00bb][\/vc_column_inner][vc_column_inner el_class=\u00a0\u00bbbanner-content wow fadeInUp\u00a0\u00bb offset=\u00a0\u00bbvc_col-lg-6 vc_col-md-6&Prime;][vc_column_text el_class=\u00a0\u00bbbannet-title\u00a0\u00bb] Promoteur immobilier [\/vc_column_text][vc_column_text el_class=\u00a0\u00bbbannet-text\u00a0\u00bb]Construire et d\u00e9velopper votre base d&rsquo;actifs \u00e0 la valeur la plus \u00e9lev\u00e9e en utilisant une technologie bas\u00e9e sur les donn\u00e9es.[\/vc_column_text][vc_btn title=\u00a0\u00bbDemander une d\u00e9mo\u00a0\u00bb <a href=\"http:\/\/103.190.27.205\/technis\/www\/fr\/solutions\/promoteur-immobilier\/\" class=\"more-link\">&#8230;<span class=\"screen-reader-text\">  Promoteur immobilier<\/span><\/a><\/p>\n","protected":false},"author":1,"featured_media":0,"parent":16232,"menu_order":0,"comment_status":"closed","ping_status":"closed","template":"","meta":{"content-type":"","footnotes":""},"class_list":["post-16136","page","type-page","status-publish","hentry"],"_links":{"self":[{"href":"http:\/\/103.190.27.205\/technis\/www\/fr\/wp-json\/wp\/v2\/pages\/16136","targetHints":{"allow":["GET"]}}],"collection":[{"href":"http:\/\/103.190.27.205\/technis\/www\/fr\/wp-json\/wp\/v2\/pages"}],"about":[{"href":"http:\/\/103.190.27.205\/technis\/www\/fr\/wp-json\/wp\/v2\/types\/page"}],"author":[{"embeddable":true,"href":"http:\/\/103.190.27.205\/technis\/www\/fr\/wp-json\/wp\/v2\/users\/1"}],"replies":[{"embeddable":true,"href":"http:\/\/103.190.27.205\/technis\/www\/fr\/wp-json\/wp\/v2\/comments?post=16136"}],"version-history":[{"count":5,"href":"http:\/\/103.190.27.205\/technis\/www\/fr\/wp-json\/wp\/v2\/pages\/16136\/revisions"}],"predecessor-version":[{"id":19051,"href":"http:\/\/103.190.27.205\/technis\/www\/fr\/wp-json\/wp\/v2\/pages\/16136\/revisions\/19051"}],"up":[{"embeddable":true,"href":"http:\/\/103.190.27.205\/technis\/www\/fr\/wp-json\/wp\/v2\/pages\/16232"}],"wp:attachment":[{"href":"http:\/\/103.190.27.205\/technis\/www\/fr\/wp-json\/wp\/v2\/media?parent=16136"}],"curies":[{"name":"wp","href":"https:\/\/api.w.org\/{rel}","templated":true}]}}