{"id":16140,"date":"2023-03-24T07:59:07","date_gmt":"2023-03-24T07:59:07","guid":{"rendered":"http:\/\/103.190.27.205\/technis\/www\/investisseur-ou-societe-immobiliere\/"},"modified":"2023-04-04T13:59:47","modified_gmt":"2023-04-04T13:59:47","slug":"investisseur-ou-societe-immobiliere","status":"publish","type":"page","link":"http:\/\/103.190.27.205\/technis\/www\/fr\/solutions\/investisseur-ou-societe-immobiliere\/","title":{"rendered":"Investisseur ou soci\u00e9t\u00e9 immobili\u00e8re"},"content":{"rendered":"<section class=\"wpb-content-wrapper\"><p>[vc_row full_width=\u00a0\u00bbstretch_row\u00a0\u00bb el_class=\u00a0\u00bbbanner-section\u00a0\u00bb css=\u00a0\u00bb.vc_custom_1679671109037{background-image: url(http:\/\/103.190.27.205\/technis\/www\/wp-content\/uploads\/2023\/03\/AdobeStock_115372207-1.jpeg?id=1741) !important;background-position: center !important;background-repeat: no-repeat !important;background-size: cover !important;}\u00a0\u00bb][vc_column][vc_row_inner el_class=\u00a0\u00bbbanner-details row-reverse\u00a0\u00bb][vc_column_inner el_class=\u00a0\u00bbbanner-image wow fadeInRight\u00a0\u00bb offset=\u00a0\u00bbvc_col-lg-6 vc_col-md-6&Prime; data_wow_delay=\u00a0\u00bb.2s\u00a0\u00bb][vc_single_image image=\u00a0\u00bb15628&Prime; img_size=\u00a0\u00bbfull\u00a0\u00bb el_class=\u00a0\u00bbimg-full\u00a0\u00bb][\/vc_column_inner][vc_column_inner el_class=\u00a0\u00bbbanner-content wow fadeInUp\u00a0\u00bb offset=\u00a0\u00bbvc_col-lg-6 vc_col-md-6&Prime;][vc_column_text el_class=\u00a0\u00bbbannet-title\u00a0\u00bb]<\/p>\n<h1>Investisseur et soci\u00e9t\u00e9 immobili\u00e8re<\/h1>\n<p>[\/vc_column_text][vc_column_text el_class=\u00a0\u00bbbannet-text\u00a0\u00bb]Am\u00e9liorez votre portefeuille immobilier.[\/vc_column_text][vc_btn title=\u00a0\u00bbDemander une d\u00e9mo\u00a0\u00bb link=\u00a0\u00bburl:http%3A%2F%2F103.190.27.205%2Ftechnis%2Fwww%2Ffr%2Fdemander-une-demo%2F|title:Demander%20une%20d%C3%A9mo\u00a0\u00bb el_class=\u00a0\u00bbbtn primary\u00a0\u00bb][\/vc_column_inner][\/vc_row_inner][\/vc_column][\/vc_row][vc_row el_class=\u00a0\u00bbs-pd\u00a0\u00bb][vc_column el_class=\u00a0\u00bbwow fadeInUp\u00a0\u00bb][vc_gallery type=\u00a0\u00bbimage_grid\u00a0\u00bb images=\u00a0\u00bb15804,15798,15805,15806&Prime; img_size=\u00a0\u00bbfull\u00a0\u00bb onclick=\u00a0\u00bb\u00a0\u00bb el_class=\u00a0\u00bblogo-gallery\u00a0\u00bb][\/vc_column][\/vc_row][vc_row full_width=\u00a0\u00bbstretch_row\u00a0\u00bb content_placement=\u00a0\u00bbmiddle\u00a0\u00bb el_class=\u00a0\u00bbs-pd\u00a0\u00bb css=\u00a0\u00bb.vc_custom_1678427554128{background-color: #fafbfc !important;}\u00a0\u00bb][vc_column el_class=\u00a0\u00bbmb-md-24 wow fadeInLeft\u00a0\u00bb offset=\u00a0\u00bbvc_col-lg-6 vc_col-md-6&Prime;][vc_single_image image=\u00a0\u00bb15611&Prime; img_size=\u00a0\u00bbfull\u00a0\u00bb alignment=\u00a0\u00bbcenter\u00a0\u00bb][\/vc_column][vc_column el_class=\u00a0\u00bbmax-580 ml-auto text-md-center wow fadeInUp\u00a0\u00bb offset=\u00a0\u00bbvc_col-lg-6 vc_col-md-6&Prime; data_wow_delay=\u00a0\u00bb.2s\u00a0\u00bb][vc_column_text el_class=\u00a0\u00bbmb-16&Prime;]<\/p>\n<h5>Solution pour l&rsquo;immobilier<\/h5>\n<p>[\/vc_column_text][vc_column_text el_class=\u00a0\u00bbmb-16&Prime;]<\/p>\n<h2>Am\u00e9liorer les performances des biens immobiliers et les rendements des investisseurs<\/h2>\n<p>[\/vc_column_text][vc_column_text el_class=\u00a0\u00bbmb-32&Prime;]Technis fournit aux investisseurs et aux soci\u00e9t\u00e9s immobili\u00e8res des outils puissants pour optimiser la gestion et l&rsquo;exploitation de leurs immeubles, leur permettant ainsi d&rsquo;augmenter leur retour sur investissement et de valoriser leurs actifs.<\/p>\n<p>Avec Technis, ces entreprises ont acc\u00e8s \u00e0 des donn\u00e9es et des analyses en temps r\u00e9el sur des indicateurs de performance cl\u00e9s tels que les taux d&rsquo;occupation, la consommation d&rsquo;\u00e9nergie et la satisfaction des locataires, ce qui leur permet de prendre des d\u00e9cisions \u00e9clair\u00e9es et d&rsquo;am\u00e9liorer l&rsquo;efficacit\u00e9 et la rentabilit\u00e9 globales de leurs portefeuilles.<\/p>\n<p>En outre, les solutions innovantes de Technis pour la gestion des foules et le suivi des comportements dans les espaces commerciaux aident les propri\u00e9taires et les op\u00e9rateurs \u00e0 mieux comprendre le comportement des clients, \u00e0 augmenter les ventes et \u00e0 am\u00e9liorer l&rsquo;exp\u00e9rience d&rsquo;achat de leurs clients.[\/vc_column_text][vc_btn title=\u00a0\u00bbDemander une d\u00e9mo\u00a0\u00bb link=\u00a0\u00bburl:http%3A%2F%2F103.190.27.205%2Ftechnis%2Fwww%2Ffr%2Fdemander-une-demo%2F|title:Demander%20une%20d%C3%A9mo\u00a0\u00bb el_class=\u00a0\u00bbbtn primary\u00a0\u00bb][\/vc_column][\/vc_row][vc_row el_class=\u00a0\u00bbs-pd\u00a0\u00bb][vc_column][vc_row_inner][vc_column_inner el_class=\u00a0\u00bbwow fadeInUp\u00a0\u00bb][vc_column_text el_class=\u00a0\u00bbtext-center mb-16&Prime;]<\/p>\n<h5>Investisseur et gestionnaire d&rsquo;actifs immobiliers<\/h5>\n<p>[\/vc_column_text][vc_column_text el_class=\u00a0\u00bbmb-24&Prime;]<\/p>\n<h2 style=\"text-align: center;\">Vos avantages<\/h2>\n<p>[\/vc_column_text][\/vc_column_inner][\/vc_row_inner][vc_row_inner el_class=\u00a0\u00bbbenefits-row\u00a0\u00bb][vc_column_inner el_class=\u00a0\u00bbtext-md-center wow fadeInUp\u00a0\u00bb offset=\u00a0\u00bbvc_col-lg-4 vc_col-md-4&Prime;][vc_single_image image=\u00a0\u00bb15500&Prime; img_size=\u00a0\u00bbfull\u00a0\u00bb el_class=\u00a0\u00bbmb-24 img-md-center\u00a0\u00bb][vc_column_text el_class=\u00a0\u00bbmb-8 text-darkgrey\u00a0\u00bb]<\/p>\n<h4>Augmenter les revenus locatifs<\/h4>\n<p>[\/vc_column_text][vc_column_text el_class=\u00a0\u00bbmb-24&Prime;]En recueillant des donn\u00e9es sur les flux de personnes et la consommation d&rsquo;\u00e9nergie, vous pouvez optimiser l&rsquo;utilisation de l&rsquo;espace et augmenter la valeur locative annuelle par m\u00e8tre carr\u00e9.[\/vc_column_text][vc_column_text el_class=\u00a0\u00bbvc-arrow-link\u00a0\u00bb]<a href=\"https:\/\/www.technis.com\/products\/technis-energy\/\">D\u00e9couvrez notre produit Technis Energy<\/a>[\/vc_column_text][\/vc_column_inner][vc_column_inner el_class=\u00a0\u00bbtext-md-center wow fadeInUp\u00a0\u00bb offset=\u00a0\u00bbvc_col-lg-4 vc_col-md-4&Prime; data_wow_delay=\u00a0\u00bb.2s\u00a0\u00bb][vc_single_image image=\u00a0\u00bb15502&Prime; img_size=\u00a0\u00bbfull\u00a0\u00bb el_class=\u00a0\u00bbmb-24 img-md-center\u00a0\u00bb][vc_column_text el_class=\u00a0\u00bbmb-8 text-darkgrey\u00a0\u00bb]<\/p>\n<h4>Relever les d\u00e9fis ESG<\/h4>\n<p>[\/vc_column_text][vc_column_text el_class=\u00a0\u00bbmb-24&Prime;]En certifiant votre portefeuille immobilier, vous pourrez r\u00e9pondre aux exigences ESG de vos investisseurs.[\/vc_column_text][vc_column_text el_class=\u00a0\u00bbvc-arrow-link\u00a0\u00bb]<a href=\"https:\/\/www.technis.com\/products\/technis-energy\/\">D\u00e9couvrez notre produit Technis Energy<\/a>[\/vc_column_text][\/vc_column_inner][vc_column_inner el_class=\u00a0\u00bbtext-md-center wow fadeInUp\u00a0\u00bb offset=\u00a0\u00bbvc_col-lg-4 vc_col-md-4&Prime; data_wow_delay=\u00a0\u00bb.4s\u00a0\u00bb][vc_single_image image=\u00a0\u00bb15501&Prime; img_size=\u00a0\u00bbfull\u00a0\u00bb el_class=\u00a0\u00bbmb-24 img-md-center\u00a0\u00bb][vc_column_text el_class=\u00a0\u00bbmb-8 text-darkgrey\u00a0\u00bb]<\/p>\n<h4>R\u00e9duire les co\u00fbts d&rsquo;exploitation<\/h4>\n<p>[\/vc_column_text][vc_column_text el_class=\u00a0\u00bbmb-24&Prime;]En collectant et en \u00e9valuant votre consommation d&rsquo;\u00e9nergie, vous pourrez r\u00e9aliser des \u00e9conomies consid\u00e9rables sur vos factures d&rsquo;\u00e9nergie.[\/vc_column_text][vc_column_text el_class=\u00a0\u00bbvc-arrow-link\u00a0\u00bb]<a href=\"https:\/\/www.technis.com\/products\/technis-energy\/\">D\u00e9couvrez notre produit Technis Energy<\/a>[\/vc_column_text][\/vc_column_inner][\/vc_row_inner][\/vc_column][\/vc_row][vc_row full_width=\u00a0\u00bbstretch_row\u00a0\u00bb el_class=\u00a0\u00bbtechnis-os-section s-pd\u00a0\u00bb css=\u00a0\u00bb.vc_custom_1678432257906{background-color: #fafbfc !important;}\u00a0\u00bb][vc_column][vc_row_inner equal_height=\u00a0\u00bbyes\u00a0\u00bb content_placement=\u00a0\u00bbmiddle\u00a0\u00bb el_class=\u00a0\u00bbtechnis-os-row\u00a0\u00bb][vc_column_inner el_class=\u00a0\u00bbimage-section wow fadeInLeft\u00a0\u00bb offset=\u00a0\u00bbvc_col-lg-7 vc_col-md-7&Prime;][vc_single_image image=\u00a0\u00bb15634&Prime; img_size=\u00a0\u00bbfull\u00a0\u00bb el_class=\u00a0\u00bbtechnis-os-screen-img\u00a0\u00bb]<div class=\"left-icon-with-text-section gap-16 icon-center mobile-1 tablet-2 desktop-2 technis-img-flow\"><a href=\"http:\/\/103.190.27.205\/technis\/www\/products\/technis-flow\/\" class=\"left-icon-with-text-item wow fadeInUp\" style=\"background-color:; color:#ffffff;\" data-wow-delay=\"200ms\"><div class=\"icon\"><img decoding=\"async\" src=\"http:\/\/103.190.27.205\/technis\/www\/wp-content\/uploads\/2023\/03\/flow.svg\" alt=\"icon\"><\/div><div class=\"text\"><h4>Technis Flow<\/h4><\/div><\/a><a href=\"http:\/\/103.190.27.205\/technis\/www\/products\/technis-energy\/\" class=\"left-icon-with-text-item wow fadeInUp\" style=\"background-color:; color:#ffffff;\" data-wow-delay=\"400ms\"><div class=\"icon\"><img decoding=\"async\" src=\"http:\/\/103.190.27.205\/technis\/www\/wp-content\/uploads\/2023\/03\/energy.svg\" alt=\"icon\"><\/div><div class=\"text\"><h4>Technis Energy<\/h4><\/div><\/a><a href=\"http:\/\/103.190.27.205\/technis\/www\/products\/technis-comfort\/\" class=\"left-icon-with-text-item wow fadeInUp\" style=\"background-color:; color:#ffffff;\" data-wow-delay=\"600ms\"><div class=\"icon\"><img decoding=\"async\" src=\"http:\/\/103.190.27.205\/technis\/www\/wp-content\/uploads\/2023\/03\/comfort.svg\" alt=\"icon\"><\/div><div class=\"text\"><h4>Technis Comfort<\/h4><\/div><\/a><a href=\"http:\/\/103.190.27.205\/technis\/www\/products\/technis-behavior\/\" class=\"left-icon-with-text-item wow fadeInUp\" style=\"background-color:; color:#ffffff;\" data-wow-delay=\"800ms\"><div class=\"icon\"><img decoding=\"async\" src=\"http:\/\/103.190.27.205\/technis\/www\/wp-content\/uploads\/2023\/03\/shopping-cart.svg\" alt=\"icon\"><\/div><div class=\"text\"><h4>Technis Behavior<\/h4><\/div><\/a><\/div>[\/vc_column_inner][vc_column_inner el_class=\u00a0\u00bbcontent-section wow fadeInUp\u00a0\u00bb offset=\u00a0\u00bbvc_col-lg-5 vc_col-md-5&Prime;][vc_column_text el_class=\u00a0\u00bbmb-16&Prime;]<\/p>\n<h5>SUITE LOGICIELLE<\/h5>\n<p>[\/vc_column_text][vc_column_text el_class=\u00a0\u00bbs-pb-half\u00a0\u00bb]<\/p>\n<h2>Technis OS<\/h2>\n<p>[\/vc_column_text]<div class=\"top-icon-with-text-section gap-16 content-center mobile-1 tablet-2 desktop-2 font-semibold\"><div class=\"top-icon-with-text-item wow fadeInUp\" style=\"background-color:#ffffff; color:#3c3c3b;\" data-wow-delay=\"200ms\"><div class=\"icon\"><img decoding=\"async\" src=\"http:\/\/103.190.27.205\/technis\/www\/wp-content\/uploads\/2023\/03\/bag.svg\" alt=\"icon\"><\/div><div class=\"text\"><p>Un seul fournisseur hardware \/ software<\/p><\/div><\/div><div class=\"top-icon-with-text-item wow fadeInUp\" style=\"background-color:#ffffff; color:#3c3c3b;\" data-wow-delay=\"400ms\"><div class=\"icon\"><img decoding=\"async\" src=\"http:\/\/103.190.27.205\/technis\/www\/wp-content\/uploads\/2023\/03\/git-diff.svg\" alt=\"icon\"><\/div><div class=\"text\"><p>Transformation et stockage centralis\u00e9s des donn\u00e9es<\/p><\/div><\/div><div class=\"top-icon-with-text-item wow fadeInUp\" style=\"background-color:#ffffff; color:#3c3c3b;\" data-wow-delay=\"600ms\"><div class=\"icon\"><img decoding=\"async\" src=\"http:\/\/103.190.27.205\/technis\/www\/wp-content\/uploads\/2023\/03\/bell.svg\" alt=\"icon\"><\/div><div class=\"text\"><p>Identification automatique des anomalies par le biais d'alertes<\/p><\/div><\/div><div class=\"top-icon-with-text-item wow fadeInUp\" style=\"background-color:#ffffff; color:#3c3c3b;\" data-wow-delay=\"800ms\"><div class=\"icon\"><img decoding=\"async\" src=\"http:\/\/103.190.27.205\/technis\/www\/wp-content\/uploads\/2023\/03\/hard-drives.svg\" alt=\"icon\"><\/div><div class=\"text\"><p>Vue du portefeuille d'actifs et comparaison des donn\u00e9es<\/p><\/div><\/div><div class=\"top-icon-with-text-item wow fadeInUp\" style=\"background-color:#ffffff; color:#3c3c3b;\" data-wow-delay=\"1000ms\"><div class=\"icon\"><img decoding=\"async\" src=\"http:\/\/103.190.27.205\/technis\/www\/wp-content\/uploads\/2023\/03\/dollar.svg\" alt=\"icon\"><\/div><div class=\"text\"><p>R\u00e9duction du co\u00fbt de traitement et de la collecte manuels des donn\u00e9es<\/p><\/div><\/div><div class=\"top-icon-with-text-item wow fadeInUp\" style=\"background-color:#ffffff; color:#3c3c3b;\" data-wow-delay=\"1200ms\"><div class=\"icon\"><img decoding=\"async\" src=\"http:\/\/103.190.27.205\/technis\/www\/wp-content\/uploads\/2023\/03\/power.svg\" alt=\"icon\"><\/div><div class=\"text\"><p>Temps r\u00e9el et granularit\u00e9 \u00e9lev\u00e9e<\/p><\/div><\/div><div class=\"top-icon-with-text-item wow fadeInUp\" style=\"background-color:#ffffff; color:#3c3c3b;\" data-wow-delay=\"1400ms\"><div class=\"icon\"><img decoding=\"async\" src=\"http:\/\/103.190.27.205\/technis\/www\/wp-content\/uploads\/2023\/03\/setting.svg\" alt=\"icon\"><\/div><div class=\"text\"><p>Automatisation des processus internes et l\u00e9gaux<\/p><\/div><\/div><div class=\"top-icon-with-text-item wow fadeInUp\" style=\"background-color:#ffffff; color:#3c3c3b;\" data-wow-delay=\"1600ms\"><div class=\"icon\"><img decoding=\"async\" src=\"http:\/\/103.190.27.205\/technis\/www\/wp-content\/uploads\/2023\/03\/users-group.svg\" alt=\"icon\"><\/div><div class=\"text\"><p>Une \u00e9quipe sp\u00e9cialis\u00e9e de l'audit aux r\u00e9sultats<\/p><\/div><\/div><\/div>[\/vc_column_inner][\/vc_row_inner][\/vc_column][\/vc_row]<\/p>\n<\/section>","protected":false},"excerpt":{"rendered":"<p>[vc_row full_width=\u00a0\u00bbstretch_row\u00a0\u00bb el_class=\u00a0\u00bbbanner-section\u00a0\u00bb css=\u00a0\u00bb.vc_custom_1679671109037{background-image: url(http:\/\/103.190.27.205\/technis\/www\/wp-content\/uploads\/2023\/03\/AdobeStock_115372207-1.jpeg?id=1741) !important;background-position: center !important;background-repeat: no-repeat !important;background-size: cover !important;}\u00a0\u00bb][vc_column][vc_row_inner el_class=\u00a0\u00bbbanner-details row-reverse\u00a0\u00bb][vc_column_inner el_class=\u00a0\u00bbbanner-image wow fadeInRight\u00a0\u00bb offset=\u00a0\u00bbvc_col-lg-6 vc_col-md-6&Prime; data_wow_delay=\u00a0\u00bb.2s\u00a0\u00bb][vc_single_image image=\u00a0\u00bb15628&Prime; img_size=\u00a0\u00bbfull\u00a0\u00bb el_class=\u00a0\u00bbimg-full\u00a0\u00bb][\/vc_column_inner][vc_column_inner el_class=\u00a0\u00bbbanner-content wow fadeInUp\u00a0\u00bb offset=\u00a0\u00bbvc_col-lg-6 vc_col-md-6&Prime;][vc_column_text el_class=\u00a0\u00bbbannet-title\u00a0\u00bb] Investisseur et soci\u00e9t\u00e9 immobili\u00e8re [\/vc_column_text][vc_column_text el_class=\u00a0\u00bbbannet-text\u00a0\u00bb]Am\u00e9liorez votre portefeuille immobilier.[\/vc_column_text][vc_btn title=\u00a0\u00bbDemander une d\u00e9mo\u00a0\u00bb link=\u00a0\u00bburl:http%3A%2F%2F103.190.27.205%2Ftechnis%2Fwww%2Ffr%2Fdemander-une-demo%2F|title:Demander%20une%20d%C3%A9mo\u00a0\u00bb el_class=\u00a0\u00bbbtn primary\u00a0\u00bb][\/vc_column_inner][\/vc_row_inner][\/vc_column][\/vc_row][vc_row el_class=\u00a0\u00bbs-pd\u00a0\u00bb][vc_column el_class=\u00a0\u00bbwow fadeInUp\u00a0\u00bb][vc_gallery type=\u00a0\u00bbimage_grid\u00a0\u00bb images=\u00a0\u00bb15804,15798,15805,15806&Prime; img_size=\u00a0\u00bbfull\u00a0\u00bb onclick=\u00a0\u00bb\u00a0\u00bb el_class=\u00a0\u00bblogo-gallery\u00a0\u00bb][\/vc_column][\/vc_row][vc_row full_width=\u00a0\u00bbstretch_row\u00a0\u00bb content_placement=\u00a0\u00bbmiddle\u00a0\u00bb el_class=\u00a0\u00bbs-pd\u00a0\u00bb <a href=\"http:\/\/103.190.27.205\/technis\/www\/fr\/solutions\/investisseur-ou-societe-immobiliere\/\" class=\"more-link\">&#8230;<span class=\"screen-reader-text\">  Investisseur ou soci\u00e9t\u00e9 immobili\u00e8re<\/span><\/a><\/p>\n","protected":false},"author":1,"featured_media":0,"parent":16232,"menu_order":0,"comment_status":"closed","ping_status":"closed","template":"","meta":{"content-type":"","footnotes":""},"class_list":["post-16140","page","type-page","status-publish","hentry"],"_links":{"self":[{"href":"http:\/\/103.190.27.205\/technis\/www\/fr\/wp-json\/wp\/v2\/pages\/16140","targetHints":{"allow":["GET"]}}],"collection":[{"href":"http:\/\/103.190.27.205\/technis\/www\/fr\/wp-json\/wp\/v2\/pages"}],"about":[{"href":"http:\/\/103.190.27.205\/technis\/www\/fr\/wp-json\/wp\/v2\/types\/page"}],"author":[{"embeddable":true,"href":"http:\/\/103.190.27.205\/technis\/www\/fr\/wp-json\/wp\/v2\/users\/1"}],"replies":[{"embeddable":true,"href":"http:\/\/103.190.27.205\/technis\/www\/fr\/wp-json\/wp\/v2\/comments?post=16140"}],"version-history":[{"count":4,"href":"http:\/\/103.190.27.205\/technis\/www\/fr\/wp-json\/wp\/v2\/pages\/16140\/revisions"}],"predecessor-version":[{"id":19041,"href":"http:\/\/103.190.27.205\/technis\/www\/fr\/wp-json\/wp\/v2\/pages\/16140\/revisions\/19041"}],"up":[{"embeddable":true,"href":"http:\/\/103.190.27.205\/technis\/www\/fr\/wp-json\/wp\/v2\/pages\/16232"}],"wp:attachment":[{"href":"http:\/\/103.190.27.205\/technis\/www\/fr\/wp-json\/wp\/v2\/media?parent=16140"}],"curies":[{"name":"wp","href":"https:\/\/api.w.org\/{rel}","templated":true}]}}