{"id":16155,"date":"2023-03-28T12:23:57","date_gmt":"2023-03-28T12:23:57","guid":{"rendered":"http:\/\/103.190.27.205\/technis\/www\/demander-une-demo\/"},"modified":"2023-03-31T09:49:03","modified_gmt":"2023-03-31T09:49:03","slug":"demander-une-demo","status":"publish","type":"page","link":"http:\/\/103.190.27.205\/technis\/www\/fr\/demander-une-demo\/","title":{"rendered":"Demander une d\u00e9mo"},"content":{"rendered":"<section class=\"wpb-content-wrapper\"><p>[vc_row full_width=\u00a0\u00bbstretch_row\u00a0\u00bb css=\u00a0\u00bb.vc_custom_1680079360941{background-color: #fafbfc !important;}\u00a0\u00bb el_class=\u00a0\u00bbfirst-section s-pb\u00a0\u00bb][vc_column][vc_row_inner][vc_column_inner el_class=\u00a0\u00bbwow fadeInUp\u00a0\u00bb][vc_column_text el_class=\u00a0\u00bbmb-16&Prime;]<\/p>\n<h1>Demander une d\u00e9mo<\/h1>\n<p>[\/vc_column_text][vc_column_text]Nos solutions vous int\u00e9ressent ? Prenez rendez-vous avec nos sp\u00e9cialistes pour une d\u00e9monstration.[\/vc_column_text][\/vc_column_inner][\/vc_row_inner][\/vc_column][\/vc_row][vc_row el_class=\u00a0\u00bbs-pb-half\u00a0\u00bb][vc_column][vc_raw_html]PCEtLSBEw6lidXQgZGUgd2lkZ2V0IGVuIGxpZ25lIENhbGVuZGx5IC0tPgo8ZGl2IGNsYXNzPSJjYWxlbmRseS1pbmxpbmUtd2lkZ2V0IiBkYXRhLXVybD0iaHR0cHM6Ly9jYWxlbmRseS5jb20vdGVjaG5pcy1jZXMtMjAyMy9ib29rLWEtZGVtbyI+PC9kaXY+CjxzY3JpcHQgdHlwZT0idGV4dC9qYXZhc2NyaXB0IiBzcmM9Imh0dHBzOi8vYXNzZXRzLmNhbGVuZGx5LmNvbS9hc3NldHMvZXh0ZXJuYWwvd2lkZ2V0LmpzIiBhc3luYz0iIj48L3NjcmlwdD4KPCEtLSBGaW4gZGUgd2lkZ2V0IGVuIGxpZ25lIENhbGVuZGx5IC0tPg==[\/vc_raw_html][\/vc_column][\/vc_row]<\/p>\n<\/section>","protected":false},"excerpt":{"rendered":"<p>[vc_row full_width=\u00a0\u00bbstretch_row\u00a0\u00bb css=\u00a0\u00bb.vc_custom_1680079360941{background-color: #fafbfc !important;}\u00a0\u00bb el_class=\u00a0\u00bbfirst-section s-pb\u00a0\u00bb][vc_column][vc_row_inner][vc_column_inner el_class=\u00a0\u00bbwow fadeInUp\u00a0\u00bb][vc_column_text el_class=\u00a0\u00bbmb-16&Prime;] Demander une d\u00e9mo [\/vc_column_text][vc_column_text]Nos solutions vous int\u00e9ressent ? Prenez rendez-vous avec nos sp\u00e9cialistes pour une d\u00e9monstration.[\/vc_column_text][\/vc_column_inner][\/vc_row_inner][\/vc_column][\/vc_row][vc_row el_class=\u00a0\u00bbs-pb-half\u00a0\u00bb][vc_column][vc_raw_html]PCEtLSBEw6lidXQgZGUgd2lkZ2V0IGVuIGxpZ25lIENhbGVuZGx5IC0tPgo8ZGl2IGNsYXNzPSJjYWxlbmRseS1pbmxpbmUtd2lkZ2V0IiBkYXRhLXVybD0iaHR0cHM6Ly9jYWxlbmRseS5jb20vdGVjaG5pcy1jZXMtMjAyMy9ib29rLWEtZGVtbyI+PC9kaXY+CjxzY3JpcHQgdHlwZT0idGV4dC9qYXZhc2NyaXB0IiBzcmM9Imh0dHBzOi8vYXNzZXRzLmNhbGVuZGx5LmNvbS9hc3NldHMvZXh0ZXJuYWwvd2lkZ2V0LmpzIiBhc3luYz0iIj48L3NjcmlwdD4KPCEtLSBGaW4gZGUgd2lkZ2V0IGVuIGxpZ25lIENhbGVuZGx5IC0tPg==[\/vc_raw_html][\/vc_column][\/vc_row]<\/p>\n","protected":false},"author":1,"featured_media":0,"parent":0,"menu_order":0,"comment_status":"closed","ping_status":"closed","template":"","meta":{"content-type":"","footnotes":""},"class_list":["post-16155","page","type-page","status-publish","hentry"],"_links":{"self":[{"href":"http:\/\/103.190.27.205\/technis\/www\/fr\/wp-json\/wp\/v2\/pages\/16155","targetHints":{"allow":["GET"]}}],"collection":[{"href":"http:\/\/103.190.27.205\/technis\/www\/fr\/wp-json\/wp\/v2\/pages"}],"about":[{"href":"http:\/\/103.190.27.205\/technis\/www\/fr\/wp-json\/wp\/v2\/types\/page"}],"author":[{"embeddable":true,"href":"http:\/\/103.190.27.205\/technis\/www\/fr\/wp-json\/wp\/v2\/users\/1"}],"replies":[{"embeddable":true,"href":"http:\/\/103.190.27.205\/technis\/www\/fr\/wp-json\/wp\/v2\/comments?post=16155"}],"version-history":[{"count":6,"href":"http:\/\/103.190.27.205\/technis\/www\/fr\/wp-json\/wp\/v2\/pages\/16155\/revisions"}],"predecessor-version":[{"id":16164,"href":"http:\/\/103.190.27.205\/technis\/www\/fr\/wp-json\/wp\/v2\/pages\/16155\/revisions\/16164"}],"wp:attachment":[{"href":"http:\/\/103.190.27.205\/technis\/www\/fr\/wp-json\/wp\/v2\/media?parent=16155"}],"curies":[{"name":"wp","href":"https:\/\/api.w.org\/{rel}","templated":true}]}}