{"id":16203,"date":"2023-03-23T09:45:51","date_gmt":"2023-03-23T09:45:51","guid":{"rendered":"http:\/\/103.190.27.205\/technis\/www\/exposant\/"},"modified":"2023-04-04T14:07:42","modified_gmt":"2023-04-04T14:07:42","slug":"exposant","status":"publish","type":"page","link":"http:\/\/103.190.27.205\/technis\/www\/fr\/solutions\/exposant\/","title":{"rendered":"Exposant"},"content":{"rendered":"<section class=\"wpb-content-wrapper\"><p>[vc_row full_width=\u00a0\u00bbstretch_row\u00a0\u00bb el_class=\u00a0\u00bbbanner-section\u00a0\u00bb css=\u00a0\u00bb.vc_custom_1679661583001{background-image: url(http:\/\/103.190.27.205\/technis\/www\/wp-content\/uploads\/2023\/03\/AdobeStock_518271060_Editorial_Use_Only.jpeg?id=1636) !important;background-position: center !important;background-repeat: no-repeat !important;background-size: cover !important;}\u00a0\u00bb][vc_column][vc_row_inner el_class=\u00a0\u00bbbanner-details row-reverse\u00a0\u00bb][vc_column_inner el_class=\u00a0\u00bbbanner-image wow fadeInRight\u00a0\u00bb offset=\u00a0\u00bbvc_col-lg-6 vc_col-md-6&Prime; data_wow_delay=\u00a0\u00bb.2s\u00a0\u00bb][vc_single_image image=\u00a0\u00bb15597&Prime; img_size=\u00a0\u00bbfull\u00a0\u00bb el_class=\u00a0\u00bbimg-full\u00a0\u00bb][\/vc_column_inner][vc_column_inner el_class=\u00a0\u00bbbanner-content wow fadeInUp\u00a0\u00bb offset=\u00a0\u00bbvc_col-lg-6 vc_col-md-6&Prime;][vc_column_text el_class=\u00a0\u00bbbannet-title\u00a0\u00bb]<\/p>\n<h1>Exposant<\/h1>\n<p>[\/vc_column_text][vc_column_text el_class=\u00a0\u00bbbannet-text\u00a0\u00bb]Am\u00e9liorez les performances de votre salon en utilisant des outils de marketing objectifs pour maximiser vos r\u00e9sultats.[\/vc_column_text][vc_btn title=\u00a0\u00bbDemander une d\u00e9mo\u00a0\u00bb link=\u00a0\u00bburl:http%3A%2F%2F103.190.27.205%2Ftechnis%2Fwww%2Ffr%2Fdemander-une-demo%2F|title:Demander%20une%20d%C3%A9mo\u00a0\u00bb el_class=\u00a0\u00bbbtn primary\u00a0\u00bb][\/vc_column_inner][\/vc_row_inner][\/vc_column][\/vc_row][vc_row el_class=\u00a0\u00bbs-pd\u00a0\u00bb][vc_column el_class=\u00a0\u00bbwow fadeInUp\u00a0\u00bb][vc_gallery type=\u00a0\u00bbimage_grid\u00a0\u00bb images=\u00a0\u00bb15794,15784,15795,15793&Prime; img_size=\u00a0\u00bbfull\u00a0\u00bb onclick=\u00a0\u00bb\u00a0\u00bb el_class=\u00a0\u00bblogo-gallery\u00a0\u00bb][\/vc_column][\/vc_row][vc_row full_width=\u00a0\u00bbstretch_row\u00a0\u00bb content_placement=\u00a0\u00bbmiddle\u00a0\u00bb el_class=\u00a0\u00bbs-pd\u00a0\u00bb css=\u00a0\u00bb.vc_custom_1678427554128{background-color: #fafbfc !important;}\u00a0\u00bb][vc_column el_class=\u00a0\u00bbmb-md-24 wow fadeInLeft\u00a0\u00bb offset=\u00a0\u00bbvc_col-lg-6 vc_col-md-6&Prime;][vc_single_image image=\u00a0\u00bb15639&Prime; img_size=\u00a0\u00bbfull\u00a0\u00bb alignment=\u00a0\u00bbcenter\u00a0\u00bb][\/vc_column][vc_column el_class=\u00a0\u00bbmax-580 ml-auto text-md-center wow fadeInUp\u00a0\u00bb offset=\u00a0\u00bbvc_col-lg-6 vc_col-md-6&Prime; data_wow_delay=\u00a0\u00bb.2s\u00a0\u00bb][vc_column_text el_class=\u00a0\u00bbmb-16&Prime;]<\/p>\n<h5>Solution pour l&rsquo;exposant<\/h5>\n<p>[\/vc_column_text][vc_column_text el_class=\u00a0\u00bbmb-16&Prime;]<\/p>\n<h2>Am\u00e9liorer les performances des \u00e9v\u00e9nements et l&rsquo;exp\u00e9rience des participants gr\u00e2ce \u00e0 des informations bas\u00e9es sur les donn\u00e9es<\/h2>\n<p>[\/vc_column_text][vc_column_text el_class=\u00a0\u00bbmb-32&Prime;]Optimisez les performances de votre salon et l&rsquo;exp\u00e9rience de vos visiteurs gr\u00e2ce aux donn\u00e9es de Technis. Notre plateforme analyse le comportement des visiteurs, le trafic et l&rsquo;utilisation de l&rsquo;espace, ce qui vous aide \u00e0 mesurer le trafic sur le stand, \u00e0 optimiser le placement des produits et \u00e0 \u00e9valuer le retour sur investissement du stand. Cr\u00e9ez un environnement dynamique qui incite les visiteurs \u00e0 revenir avec Technis.[\/vc_column_text][vc_btn title=\u00a0\u00bbDemander une d\u00e9mo\u00a0\u00bb link=\u00a0\u00bburl:http%3A%2F%2F103.190.27.205%2Ftechnis%2Fwww%2Ffr%2Fdemander-une-demo%2F|title:Demander%20une%20d%C3%A9mo\u00a0\u00bb el_class=\u00a0\u00bbbtn primary\u00a0\u00bb][\/vc_column][\/vc_row][vc_row el_class=\u00a0\u00bbs-pd\u00a0\u00bb][vc_column][vc_row_inner][vc_column_inner el_class=\u00a0\u00bbwow fadeInUp\u00a0\u00bb][vc_column_text el_class=\u00a0\u00bbtext-center mb-16&Prime;]<\/p>\n<h5>Exposant<\/h5>\n<p>[\/vc_column_text][vc_column_text el_class=\u00a0\u00bbmb-24&Prime;]<\/p>\n<h2 style=\"text-align: center;\">Vos avantages<\/h2>\n<p>[\/vc_column_text][\/vc_column_inner][\/vc_row_inner][vc_row_inner el_class=\u00a0\u00bbbenefits-row\u00a0\u00bb][vc_column_inner el_class=\u00a0\u00bbtext-md-center wow fadeInUp\u00a0\u00bb offset=\u00a0\u00bbvc_col-lg-4 vc_col-md-4&Prime;][vc_single_image image=\u00a0\u00bb15500&Prime; img_size=\u00a0\u00bbfull\u00a0\u00bb el_class=\u00a0\u00bbmb-24 img-md-center\u00a0\u00bb][vc_column_text el_class=\u00a0\u00bbmb-8 text-darkgrey\u00a0\u00bb]<\/p>\n<h4>Mesurer la fr\u00e9quentation du stand<\/h4>\n<p>[\/vc_column_text][vc_column_text el_class=\u00a0\u00bbmb-24&Prime;]Obtenez des donn\u00e9es en temps r\u00e9el sur le nombre de visiteurs et les interactions sur votre stand afin d&rsquo;analyser le ROI de votre investissement marketing pour l&rsquo;\u00e9v\u00e9nement.[\/vc_column_text][vc_column_text el_class=\u00a0\u00bbvc-arrow-link\u00a0\u00bb]<a href=\"https:\/\/www.technis.com\/products\/technis-flow\/\">D\u00e9couvrez notre produit Technis Flow<\/a>[\/vc_column_text][\/vc_column_inner][vc_column_inner el_class=\u00a0\u00bbtext-md-center wow fadeInUp\u00a0\u00bb offset=\u00a0\u00bbvc_col-lg-4 vc_col-md-4&Prime; data_wow_delay=\u00a0\u00bb.2s\u00a0\u00bb][vc_single_image image=\u00a0\u00bb15502&Prime; img_size=\u00a0\u00bbfull\u00a0\u00bb el_class=\u00a0\u00bbmb-24 img-md-center\u00a0\u00bb][vc_column_text el_class=\u00a0\u00bbmb-8 text-darkgrey\u00a0\u00bb]<\/p>\n<h4>Maximiser le placement de produits<\/h4>\n<p>[\/vc_column_text][vc_column_text el_class=\u00a0\u00bbmb-24&Prime;]En collectant des donn\u00e9es et en analysant le comportement et l&rsquo;int\u00e9r\u00eat des visiteurs, vous pouvez optimiser le placement des produits et tirer le meilleur parti des ressources de votre stand d&rsquo;exposition.[\/vc_column_text][vc_column_text el_class=\u00a0\u00bbvc-arrow-link\u00a0\u00bb]<a href=\"https:\/\/www.technis.com\/products\/technis-behavior\/\">Consultez notre produit Technis Behavior<\/a>[\/vc_column_text][\/vc_column_inner][vc_column_inner el_class=\u00a0\u00bbtext-md-center wow fadeInUp\u00a0\u00bb offset=\u00a0\u00bbvc_col-lg-4 vc_col-md-4&Prime; data_wow_delay=\u00a0\u00bb.4s\u00a0\u00bb][vc_single_image image=\u00a0\u00bb15501&Prime; img_size=\u00a0\u00bbfull\u00a0\u00bb el_class=\u00a0\u00bbmb-24 img-md-center\u00a0\u00bb][vc_column_text el_class=\u00a0\u00bbmb-8 text-darkgrey\u00a0\u00bb]<\/p>\n<h4>\u00c9valuer le retour sur investissement du stand<\/h4>\n<p>[\/vc_column_text][vc_column_text el_class=\u00a0\u00bbmb-24&Prime;]La collecte de donn\u00e9es facilite la comparaison du chiffre d&rsquo;affaires g\u00e9n\u00e9r\u00e9 avec d&rsquo;autres \u00e9v\u00e9nements, ce qui facilite les d\u00e9cisions de participation \u00e0 de futurs \u00e9v\u00e9nements.[\/vc_column_text][vc_column_text el_class=\u00a0\u00bbvc-arrow-link\u00a0\u00bb]<a href=\"https:\/\/www.technis.com\/products\/technis-flow\/\">D\u00e9couvrez notre produit Technis Flow<\/a>[\/vc_column_text][\/vc_column_inner][\/vc_row_inner][\/vc_column][\/vc_row][vc_row full_width=\u00a0\u00bbstretch_row\u00a0\u00bb el_class=\u00a0\u00bbtechnis-os-section s-pd\u00a0\u00bb css=\u00a0\u00bb.vc_custom_1678432257906{background-color: #fafbfc !important;}\u00a0\u00bb][vc_column][vc_row_inner equal_height=\u00a0\u00bbyes\u00a0\u00bb content_placement=\u00a0\u00bbmiddle\u00a0\u00bb el_class=\u00a0\u00bbtechnis-os-row\u00a0\u00bb][vc_column_inner el_class=\u00a0\u00bbimage-section wow fadeInLeft\u00a0\u00bb offset=\u00a0\u00bbvc_col-lg-7 vc_col-md-7&Prime;][vc_single_image image=\u00a0\u00bb15634&Prime; img_size=\u00a0\u00bbfull\u00a0\u00bb el_class=\u00a0\u00bbtechnis-os-screen-img\u00a0\u00bb]<div class=\"left-icon-with-text-section gap-16 icon-center mobile-1 tablet-2 desktop-2 technis-img-flow\"><a href=\"http:\/\/103.190.27.205\/technis\/www\/products\/technis-flow\/\" class=\"left-icon-with-text-item wow fadeInUp\" style=\"background-color:; color:#ffffff;\" data-wow-delay=\"200ms\"><div class=\"icon\"><img decoding=\"async\" src=\"http:\/\/103.190.27.205\/technis\/www\/wp-content\/uploads\/2023\/03\/flow.svg\" alt=\"icon\"><\/div><div class=\"text\"><h4>Technis Flow<\/h4><\/div><\/a><a href=\"http:\/\/103.190.27.205\/technis\/www\/products\/technis-energy\/\" class=\"left-icon-with-text-item wow fadeInUp\" style=\"background-color:; color:#ffffff;\" data-wow-delay=\"400ms\"><div class=\"icon\"><img decoding=\"async\" src=\"http:\/\/103.190.27.205\/technis\/www\/wp-content\/uploads\/2023\/03\/energy.svg\" alt=\"icon\"><\/div><div class=\"text\"><h4>Technis Energy<\/h4><\/div><\/a><a href=\"http:\/\/103.190.27.205\/technis\/www\/products\/technis-comfort\/\" class=\"left-icon-with-text-item wow fadeInUp\" style=\"background-color:; color:#ffffff;\" data-wow-delay=\"600ms\"><div class=\"icon\"><img decoding=\"async\" src=\"http:\/\/103.190.27.205\/technis\/www\/wp-content\/uploads\/2023\/03\/comfort.svg\" alt=\"icon\"><\/div><div class=\"text\"><h4>Technis Comfort<\/h4><\/div><\/a><a href=\"http:\/\/103.190.27.205\/technis\/www\/products\/technis-behavior\/\" class=\"left-icon-with-text-item wow fadeInUp\" style=\"background-color:; color:#ffffff;\" data-wow-delay=\"800ms\"><div class=\"icon\"><img decoding=\"async\" src=\"http:\/\/103.190.27.205\/technis\/www\/wp-content\/uploads\/2023\/03\/shopping-cart.svg\" alt=\"icon\"><\/div><div class=\"text\"><h4>Technis Behavior<\/h4><\/div><\/a><\/div>[\/vc_column_inner][vc_column_inner el_class=\u00a0\u00bbcontent-section wow fadeInUp\u00a0\u00bb offset=\u00a0\u00bbvc_col-lg-5 vc_col-md-5&Prime;][vc_column_text el_class=\u00a0\u00bbmb-16&Prime;]<\/p>\n<h5>SUITE LOGICIELLE<\/h5>\n<p>[\/vc_column_text][vc_column_text el_class=\u00a0\u00bbs-pb-half\u00a0\u00bb]<\/p>\n<h2>Technis OS<\/h2>\n<p>[\/vc_column_text]<div class=\"top-icon-with-text-section gap-16 content-center mobile-1 tablet-2 desktop-2 font-semibold\"><div class=\"top-icon-with-text-item wow fadeInUp\" style=\"background-color:#ffffff; color:#3c3c3b;\" data-wow-delay=\"200ms\"><div class=\"icon\"><img decoding=\"async\" src=\"http:\/\/103.190.27.205\/technis\/www\/wp-content\/uploads\/2023\/03\/bag.svg\" alt=\"icon\"><\/div><div class=\"text\"><p>Un seul fournisseur hardware \/ software<\/p><\/div><\/div><div class=\"top-icon-with-text-item wow fadeInUp\" style=\"background-color:#ffffff; color:#3c3c3b;\" data-wow-delay=\"400ms\"><div class=\"icon\"><img decoding=\"async\" src=\"http:\/\/103.190.27.205\/technis\/www\/wp-content\/uploads\/2023\/03\/git-diff.svg\" alt=\"icon\"><\/div><div class=\"text\"><p>Transformation et stockage centralis\u00e9s des donn\u00e9es<\/p><\/div><\/div><div class=\"top-icon-with-text-item wow fadeInUp\" style=\"background-color:#ffffff; color:#3c3c3b;\" data-wow-delay=\"600ms\"><div class=\"icon\"><img decoding=\"async\" src=\"http:\/\/103.190.27.205\/technis\/www\/wp-content\/uploads\/2023\/03\/bell.svg\" alt=\"icon\"><\/div><div class=\"text\"><p>Identification automatique des anomalies par le biais d'alertes<\/p><\/div><\/div><div class=\"top-icon-with-text-item wow fadeInUp\" style=\"background-color:#ffffff; color:#3c3c3b;\" data-wow-delay=\"800ms\"><div class=\"icon\"><img decoding=\"async\" src=\"http:\/\/103.190.27.205\/technis\/www\/wp-content\/uploads\/2023\/03\/hard-drives.svg\" alt=\"icon\"><\/div><div class=\"text\"><p>Vue du portefeuille d'actifs et comparaison des donn\u00e9es<\/p><\/div><\/div><div class=\"top-icon-with-text-item wow fadeInUp\" style=\"background-color:#ffffff; color:#3c3c3b;\" data-wow-delay=\"1000ms\"><div class=\"icon\"><img decoding=\"async\" src=\"http:\/\/103.190.27.205\/technis\/www\/wp-content\/uploads\/2023\/03\/dollar.svg\" alt=\"icon\"><\/div><div class=\"text\"><p>R\u00e9duction du co\u00fbt de traitement et de la collecte manuels des donn\u00e9es<\/p><\/div><\/div><div class=\"top-icon-with-text-item wow fadeInUp\" style=\"background-color:#ffffff; color:#3c3c3b;\" data-wow-delay=\"1200ms\"><div class=\"icon\"><img decoding=\"async\" src=\"http:\/\/103.190.27.205\/technis\/www\/wp-content\/uploads\/2023\/03\/power.svg\" alt=\"icon\"><\/div><div class=\"text\"><p>Temps r\u00e9el et granularit\u00e9 \u00e9lev\u00e9e<\/p><\/div><\/div><div class=\"top-icon-with-text-item wow fadeInUp\" style=\"background-color:#ffffff; color:#3c3c3b;\" data-wow-delay=\"1400ms\"><div class=\"icon\"><img decoding=\"async\" src=\"http:\/\/103.190.27.205\/technis\/www\/wp-content\/uploads\/2023\/03\/setting.svg\" alt=\"icon\"><\/div><div class=\"text\"><p>Automatisation des processus internes et l\u00e9gaux<\/p><\/div><\/div><div class=\"top-icon-with-text-item wow fadeInUp\" style=\"background-color:#ffffff; color:#3c3c3b;\" data-wow-delay=\"1600ms\"><div class=\"icon\"><img decoding=\"async\" src=\"http:\/\/103.190.27.205\/technis\/www\/wp-content\/uploads\/2023\/03\/users-group.svg\" alt=\"icon\"><\/div><div class=\"text\"><p>Une \u00e9quipe sp\u00e9cialis\u00e9e de l'audit aux r\u00e9sultats<\/p><\/div><\/div><\/div>[\/vc_column_inner][\/vc_row_inner][\/vc_column][\/vc_row]<\/p>\n<\/section>","protected":false},"excerpt":{"rendered":"<p>[vc_row full_width=\u00a0\u00bbstretch_row\u00a0\u00bb el_class=\u00a0\u00bbbanner-section\u00a0\u00bb css=\u00a0\u00bb.vc_custom_1679661583001{background-image: url(http:\/\/103.190.27.205\/technis\/www\/wp-content\/uploads\/2023\/03\/AdobeStock_518271060_Editorial_Use_Only.jpeg?id=1636) !important;background-position: center !important;background-repeat: no-repeat !important;background-size: cover !important;}\u00a0\u00bb][vc_column][vc_row_inner el_class=\u00a0\u00bbbanner-details row-reverse\u00a0\u00bb][vc_column_inner el_class=\u00a0\u00bbbanner-image wow fadeInRight\u00a0\u00bb offset=\u00a0\u00bbvc_col-lg-6 vc_col-md-6&Prime; data_wow_delay=\u00a0\u00bb.2s\u00a0\u00bb][vc_single_image image=\u00a0\u00bb15597&Prime; img_size=\u00a0\u00bbfull\u00a0\u00bb el_class=\u00a0\u00bbimg-full\u00a0\u00bb][\/vc_column_inner][vc_column_inner el_class=\u00a0\u00bbbanner-content wow fadeInUp\u00a0\u00bb offset=\u00a0\u00bbvc_col-lg-6 vc_col-md-6&Prime;][vc_column_text el_class=\u00a0\u00bbbannet-title\u00a0\u00bb] Exposant [\/vc_column_text][vc_column_text el_class=\u00a0\u00bbbannet-text\u00a0\u00bb]Am\u00e9liorez les performances de votre salon en utilisant des outils de marketing objectifs pour maximiser vos r\u00e9sultats.[\/vc_column_text][vc_btn title=\u00a0\u00bbDemander une d\u00e9mo\u00a0\u00bb link=\u00a0\u00bburl:http%3A%2F%2F103.190.27.205%2Ftechnis%2Fwww%2Ffr%2Fdemander-une-demo%2F|title:Demander%20une%20d%C3%A9mo\u00a0\u00bb el_class=\u00a0\u00bbbtn primary\u00a0\u00bb][\/vc_column_inner][\/vc_row_inner][\/vc_column][\/vc_row][vc_row el_class=\u00a0\u00bbs-pd\u00a0\u00bb][vc_column <a href=\"http:\/\/103.190.27.205\/technis\/www\/fr\/solutions\/exposant\/\" class=\"more-link\">&#8230;<span class=\"screen-reader-text\">  Exposant<\/span><\/a><\/p>\n","protected":false},"author":1,"featured_media":0,"parent":16232,"menu_order":0,"comment_status":"closed","ping_status":"closed","template":"","meta":{"content-type":"","footnotes":""},"class_list":["post-16203","page","type-page","status-publish","hentry"],"_links":{"self":[{"href":"http:\/\/103.190.27.205\/technis\/www\/fr\/wp-json\/wp\/v2\/pages\/16203","targetHints":{"allow":["GET"]}}],"collection":[{"href":"http:\/\/103.190.27.205\/technis\/www\/fr\/wp-json\/wp\/v2\/pages"}],"about":[{"href":"http:\/\/103.190.27.205\/technis\/www\/fr\/wp-json\/wp\/v2\/types\/page"}],"author":[{"embeddable":true,"href":"http:\/\/103.190.27.205\/technis\/www\/fr\/wp-json\/wp\/v2\/users\/1"}],"replies":[{"embeddable":true,"href":"http:\/\/103.190.27.205\/technis\/www\/fr\/wp-json\/wp\/v2\/comments?post=16203"}],"version-history":[{"count":5,"href":"http:\/\/103.190.27.205\/technis\/www\/fr\/wp-json\/wp\/v2\/pages\/16203\/revisions"}],"predecessor-version":[{"id":19046,"href":"http:\/\/103.190.27.205\/technis\/www\/fr\/wp-json\/wp\/v2\/pages\/16203\/revisions\/19046"}],"up":[{"embeddable":true,"href":"http:\/\/103.190.27.205\/technis\/www\/fr\/wp-json\/wp\/v2\/pages\/16232"}],"wp:attachment":[{"href":"http:\/\/103.190.27.205\/technis\/www\/fr\/wp-json\/wp\/v2\/media?parent=16203"}],"curies":[{"name":"wp","href":"https:\/\/api.w.org\/{rel}","templated":true}]}}