{"id":16219,"date":"2023-03-10T10:05:44","date_gmt":"2023-03-10T10:05:44","guid":{"rendered":"http:\/\/103.190.27.205\/technis\/www\/pourquoi-technis\/"},"modified":"2023-03-31T09:44:41","modified_gmt":"2023-03-31T09:44:41","slug":"pourquoi-technis","status":"publish","type":"page","link":"http:\/\/103.190.27.205\/technis\/www\/fr\/pourquoi-technis\/","title":{"rendered":"Pourquoi Technis"},"content":{"rendered":"<section class=\"wpb-content-wrapper\"><p>[vc_row full_width=\u00a0\u00bbstretch_row\u00a0\u00bb content_placement=\u00a0\u00bbmiddle\u00a0\u00bb el_class=\u00a0\u00bbbanner-section-without-img\u00a0\u00bb css=\u00a0\u00bb.vc_custom_1679480212756{background-image: url(http:\/\/103.190.27.205\/technis\/www\/wp-content\/uploads\/2023\/03\/TEHCNIS-EXTRAS-NOLOGO-2.jpg?id=909) !important;background-position: center !important;background-repeat: no-repeat !important;background-size: cover !important;}\u00a0\u00bb][vc_column el_class=\u00a0\u00bbz-index-3 wow fadeInUp\u00a0\u00bb][vc_column_text el_class=\u00a0\u00bbtext-center\u00a0\u00bb]<\/p>\n<h1 style=\"text-align: center;\">Pourquoi Technis ?<\/h1>\n<p>[\/vc_column_text][\/vc_column][\/vc_row][vc_row content_placement=\u00a0\u00bbmiddle\u00a0\u00bb el_class=\u00a0\u00bbs-pd row-reverse\u00a0\u00bb][vc_column el_class=\u00a0\u00bbmb-md-24 wow fadeInRight\u00a0\u00bb offset=\u00a0\u00bbvc_col-lg-6 vc_col-md-6&Prime; data_wow_delay=\u00a0\u00bb.2s\u00a0\u00bb][vc_single_image image=\u00a0\u00bb15510&Prime; img_size=\u00a0\u00bbfull\u00a0\u00bb alignment=\u00a0\u00bbcenter\u00a0\u00bb][\/vc_column][vc_column offset=\u00a0\u00bbvc_col-lg-6 vc_col-md-6&Prime; el_class=\u00a0\u00bbtext-md-center wow fadeInUp\u00a0\u00bb][vc_column_text el_class=\u00a0\u00bbmb-16&Prime;]<\/p>\n<h5>Innovation<\/h5>\n<p>[\/vc_column_text][vc_column_text el_class=\u00a0\u00bbmb-16&Prime;]<\/p>\n<h2>Chez Technis, l&rsquo;innovation est au c\u0153ur de tout ce que nous faisons. Bien que nous ayons commenc\u00e9 avec l&rsquo;id\u00e9e de concevoir des terrains de tennis connect\u00e9s, notre parcours nous a conduit vers une autre direction.<\/h2>\n<p>[\/vc_column_text][vc_column_text]Nous avons rapidement r\u00e9alis\u00e9 que notre expertise en mati\u00e8re de capteurs et de collecte de donn\u00e9es avait le potentiel de transformer les b\u00e2timents traditionnels en espaces intelligents, et ainsi de r\u00e9pondre aux besoins des gestionnaires de b\u00e2timents modernes. C&rsquo;est ainsi que notre premier produit, un tapis intelligent qui comptait les entr\u00e9es et sorties d&rsquo;un b\u00e2timent, est n\u00e9.<\/p>\n<p>Depuis lors, nous avons travaill\u00e9 dur pour d\u00e9velopper des solutions de pointe pour la gestion des b\u00e2timents. Nous sommes fiers d&rsquo;\u00eatre aujourd&rsquo;hui l&rsquo;un des principaux fournisseurs de solutions d&rsquo;acquisition de donn\u00e9es pour la gestion des b\u00e2timents. Nous proposons une gamme compl\u00e8te de produits et de services pour aider les entreprises \u00e0 recueillir des informations pr\u00e9cieuses sur leur environnement b\u00e2ti. De la collecte de donn\u00e9es de flux de personnes, \u00e0 la surveillance de la qualit\u00e9 de l&rsquo;environnement, nous sommes \u00e0 la pointe de la collecte de donn\u00e9es pour aider les entreprises \u00e0 optimiser leur utilisation des ressources et \u00e0 r\u00e9duire leur impact environnemental.[\/vc_column_text][\/vc_column][\/vc_row][vc_row full_width=\u00a0\u00bbstretch_row\u00a0\u00bb content_placement=\u00a0\u00bbmiddle\u00a0\u00bb el_class=\u00a0\u00bbs-pd\u00a0\u00bb css=\u00a0\u00bb.vc_custom_1678440498015{background-color: #fafbfc !important;}\u00a0\u00bb][vc_column el_class=\u00a0\u00bbmb-md-24 wow fadeInLeft\u00a0\u00bb offset=\u00a0\u00bbvc_col-lg-6 vc_col-md-6&Prime;][vc_single_image image=\u00a0\u00bb15508&Prime; img_size=\u00a0\u00bbfull\u00a0\u00bb alignment=\u00a0\u00bbcenter\u00a0\u00bb][\/vc_column][vc_column offset=\u00a0\u00bbvc_col-lg-6 vc_col-md-6&Prime; el_class=\u00a0\u00bbtext-md-center wow fadeInUp\u00a0\u00bb data_wow_delay=\u00a0\u00bb.2s\u00a0\u00bb][vc_column_text el_class=\u00a0\u00bbmb-16&Prime;]<\/p>\n<h5>Pour les occupants<\/h5>\n<p>[\/vc_column_text][vc_column_text el_class=\u00a0\u00bbmb-16&Prime;]<\/p>\n<h2>Notre technologie utilise une vari\u00e9t\u00e9 de capteurs et d&rsquo;outils pour collecter en temps r\u00e9el des donn\u00e9es sur l&rsquo;occupation des b\u00e2timents, la consommation d&rsquo;\u00e9nergie et d&rsquo;autres param\u00e8tres importants.<\/h2>\n<p>[\/vc_column_text][vc_column_text]Gr\u00e2ce aux donn\u00e9es collect\u00e9es en temps r\u00e9el par nos capteurs et autres outils, nous sommes en mesure d&rsquo;optimiser l&rsquo;efficacit\u00e9 \u00e9nerg\u00e9tique des b\u00e2timents, tout en rationalisant leurs op\u00e9rations. Ces informations permettent ainsi de cr\u00e9er un environnement plus confortable et plus productif pour les occupants du b\u00e2timent.<\/p>\n<p>En utilisant ces donn\u00e9es pour ajuster les syst\u00e8mes de chauffage, de ventilation et de climatisation en temps r\u00e9el, nous sommes en mesure de garantir que les occupants b\u00e9n\u00e9ficient d&rsquo;un niveau de confort optimal tout en minimisant les co\u00fbts \u00e9nerg\u00e9tiques. De plus, ces informations peuvent \u00e9galement \u00eatre utilis\u00e9es pour am\u00e9liorer la gestion des \u00e9quipements et des ressources, en permettant aux gestionnaires de b\u00e2timents de mieux comprendre l&rsquo;utilisation des espaces et des ressources, ce qui peut conduire \u00e0 des \u00e9conomies de co\u00fbts significatives.[\/vc_column_text][\/vc_column][\/vc_row][vc_row content_placement=\u00a0\u00bbmiddle\u00a0\u00bb el_class=\u00a0\u00bbs-pd row-reverse\u00a0\u00bb][vc_column el_class=\u00a0\u00bbmb-md-24 wow fadeInRight\u00a0\u00bb offset=\u00a0\u00bbvc_col-lg-6 vc_col-md-6&Prime; data_wow_delay=\u00a0\u00bb.2s\u00a0\u00bb][vc_single_image image=\u00a0\u00bb15509&Prime; img_size=\u00a0\u00bbfull\u00a0\u00bb alignment=\u00a0\u00bbcenter\u00a0\u00bb][\/vc_column][vc_column offset=\u00a0\u00bbvc_col-lg-6 vc_col-md-6&Prime; el_class=\u00a0\u00bbtext-md-center wow fadeInUp\u00a0\u00bb][vc_column_text el_class=\u00a0\u00bbmb-16&Prime;]<\/p>\n<h5>expertise<\/h5>\n<p>[\/vc_column_text][vc_column_text el_class=\u00a0\u00bbmb-16&Prime;]<\/p>\n<h2>Notre passion pour la technologie est guid\u00e9e par notre volont\u00e9 de r\u00e9soudre les d\u00e9fis r\u00e9els de nos clients et de les aider \u00e0 atteindre leurs objectifs.<\/h2>\n<p>[\/vc_column_text][vc_column_text]Que vous cherchiez \u00e0 optimiser votre efficacit\u00e9 \u00e9nerg\u00e9tique, \u00e0 renforcer la s\u00e9curit\u00e9 de votre b\u00e2timent ou \u00e0 am\u00e9liorer l&rsquo;exp\u00e9rience globale de vos occupants, chez Technis, nous avons l&rsquo;expertise et les outils n\u00e9cessaires pour vous aider \u00e0 atteindre ces objectifs. Gr\u00e2ce \u00e0 notre plateforme de collecte de donn\u00e9es, nous sommes en mesure de fournir des informations pr\u00e9cieuses et en temps r\u00e9el sur l&rsquo;occupation de vos b\u00e2timents, la consommation d&rsquo;\u00e9nergie et d&rsquo;autres param\u00e8tres cl\u00e9s.<\/p>\n<p>Cela nous permet de proposer des solutions sur mesure qui r\u00e9pondent \u00e0 vos besoins sp\u00e9cifiques. Que ce soit pour am\u00e9liorer la productivit\u00e9 des employ\u00e9s, r\u00e9duire les co\u00fbts de maintenance ou offrir une meilleure exp\u00e9rience aux occupants, nous sommes l\u00e0 pour vous aider \u00e0 r\u00e9ussir.[\/vc_column_text][\/vc_column][\/vc_row][vc_row full_width=\u00a0\u00bbstretch_row\u00a0\u00bb content_placement=\u00a0\u00bbmiddle\u00a0\u00bb el_class=\u00a0\u00bbbg-gradient s-pd\u00a0\u00bb][vc_column offset=\u00a0\u00bbvc_col-lg-5 vc_col-md-5&Prime; el_class=\u00a0\u00bbmb-md-24 wow fadeInUp\u00a0\u00bb][vc_single_image image=\u00a0\u00bb15607&Prime; img_size=\u00a0\u00bbfull\u00a0\u00bb alignment=\u00a0\u00bbcenter\u00a0\u00bb el_class=\u00a0\u00bbmax-450 mx-auto\u00a0\u00bb][\/vc_column][vc_column offset=\u00a0\u00bbvc_col-lg-7 vc_col-md-7&Prime; el_class=\u00a0\u00bbtext-sm-center\u00a0\u00bb][vc_row_inner][vc_column_inner el_class=\u00a0\u00bbwow fadeInUp\u00a0\u00bb data_wow_delay=\u00a0\u00bb.2s\u00a0\u00bb][vc_column_text el_class=\u00a0\u00bbmb-16&Prime;]<\/p>\n<h5>Technis Os<\/h5>\n<p>[\/vc_column_text][\/vc_column_inner][\/vc_row_inner][vc_row_inner el_class=\u00a0\u00bbmb-24&Prime;][vc_column_inner el_class=\u00a0\u00bbwow fadeInUp\u00a0\u00bb width=\u00a0\u00bb2\/3&Prime; data_wow_delay=\u00a0\u00bb.2s\u00a0\u00bb][vc_column_text el_class=\u00a0\u00bbmb-24 text-white\u00a0\u00bb]<\/p>\n<h2>Disponible avec 4 applications<\/h2>\n<p>[\/vc_column_text][\/vc_column_inner][vc_column_inner el_class=\u00a0\u00bbwow fadeInUp\u00a0\u00bb width=\u00a0\u00bb1\/3&Prime; data_wow_delay=\u00a0\u00bb.4s\u00a0\u00bb][vc_btn title=\u00a0\u00bbDemander une d\u00e9mo\u00a0\u00bb align=\u00a0\u00bbright\u00a0\u00bb link=\u00a0\u00bburl:%23|\u00a0\u00bb el_class=\u00a0\u00bbbtn secondary white btn-sm-center mb-24&Prime;][\/vc_column_inner][\/vc_row_inner][vc_row_inner][vc_column_inner]<div class=\"top-icon-with-text-section gap-24 content-left mobile-1 tablet-2 desktop-2 \"><a href=\"http:\/\/103.190.27.205\/technis\/www\/products\/technis-flow\/\" class=\"top-icon-with-text-item wow fadeInUp\" style=\"background-color:rgba(0,0,0,0.7); color:#ffffff;\" data-wow-delay=\"200ms\"><div class=\"icon\"><img decoding=\"async\" src=\"http:\/\/103.190.27.205\/technis\/www\/wp-content\/uploads\/2023\/03\/flow.svg\" alt=\"icon\"><\/div><div class=\"text\"><h4>Technis Flow<\/h4><p>Solution am\u00e9lior\u00e9e de comptage en temps r\u00e9el des visiteurs et des clients dans les espaces publics, avec comptage multizone.<\/p><\/div><\/a><a href=\"http:\/\/103.190.27.205\/technis\/www\/products\/technis-energy\/\" class=\"top-icon-with-text-item wow fadeInUp\" style=\"background-color:rgba(0,0,0,0.7); color:#ffffff;\" data-wow-delay=\"400ms\"><div class=\"icon\"><img decoding=\"async\" src=\"http:\/\/103.190.27.205\/technis\/www\/wp-content\/uploads\/2023\/03\/energy.svg\" alt=\"icon\"><\/div><div class=\"text\"><h4>Technis Energy<\/h4><p>Solution de consolidation des donn\u00e9es de consommation d'\u00e9nergie, avec un suivi en temps r\u00e9el et automatisation ESG.<\/p><\/div><\/a><a href=\"http:\/\/103.190.27.205\/technis\/www\/products\/technis-comfort\/\" class=\"top-icon-with-text-item wow fadeInUp\" style=\"background-color:rgba(0,0,0,0.7); color:#ffffff;\" data-wow-delay=\"600ms\"><div class=\"icon\"><img decoding=\"async\" src=\"http:\/\/103.190.27.205\/technis\/www\/wp-content\/uploads\/2023\/03\/comfort.svg\" alt=\"icon\"><\/div><div class=\"text\"><h4>Technis Comfort<\/h4><p>Solution pour superviser et maintenir un niveau \u00e9lev\u00e9 de confort dans les espaces gr\u00e2ce \u00e0 la surveillance de l'environnement.<\/p><\/div><\/a><a href=\"http:\/\/103.190.27.205\/technis\/www\/products\/technis-behavior\/\" class=\"top-icon-with-text-item wow fadeInUp\" style=\"background-color:rgba(0,0,0,0.7); color:#ffffff;\" data-wow-delay=\"800ms\"><div class=\"icon\"><img decoding=\"async\" src=\"http:\/\/103.190.27.205\/technis\/www\/wp-content\/uploads\/2023\/03\/shopping-cart.svg\" alt=\"icon\"><\/div><div class=\"text\"><h4>Technis Behavior<\/h4><p>Solution pour obtenir des informations sur le comportement des visiteurs, et am\u00e9liorer l'exp\u00e9rience des clients.<\/p><\/div><\/a><\/div>[\/vc_column_inner][\/vc_row_inner][\/vc_column][\/vc_row][vc_row el_class=\u00a0\u00bbs-pd\u00a0\u00bb][vc_column][vc_row_inner el_class=\u00a0\u00bbs-pb-half\u00a0\u00bb][vc_column_inner el_class=\u00a0\u00bbwow fadeInUp\u00a0\u00bb][vc_column_text el_class=\u00a0\u00bbtext-center mb-16&Prime;]<\/p>\n<h5>Notre \u00e9quipe<\/h5>\n<p>[\/vc_column_text][vc_column_text]<\/p>\n<h2 style=\"text-align: center;\">L&rsquo;\u00e9quipe de direction<\/h2>\n<p>[\/vc_column_text][\/vc_column_inner][\/vc_row_inner][vc_row_inner][vc_column_inner]<div class=\"team-lists\"><div class=\"team-item wow fadeInUp\" data-wow-delay=\"200ms\"><a href=\"https:\/\/www.linkedin.com\/in\/wbouree\/\" target=\"_blank\" class=\"team-linkedin\"><\/a><div class=\"team-img\"><img decoding=\"async\" src=\"http:\/\/103.190.27.205\/technis\/www\/wp-content\/uploads\/2023\/03\/Wiktor-2.jpg\"><\/div><div class=\"team-detail\"><h4>Wiktor Boure\u0301e<\/h4><p class=\"font-14\">CEO<\/p><\/div><\/div><div class=\"team-item wow fadeInUp\" data-wow-delay=\"400ms\"><a href=\"https:\/\/www.linkedin.com\/in\/andrew-zappella-707b1621\/\" target=\"_blank\" class=\"team-linkedin\"><\/a><div class=\"team-img\"><img decoding=\"async\" src=\"http:\/\/103.190.27.205\/technis\/www\/wp-content\/uploads\/2023\/03\/Photo-site.jpg\"><\/div><div class=\"team-detail\"><h4>Andrew Zappella<\/h4><p class=\"font-14\">CTO<\/p><\/div><\/div><div class=\"team-item wow fadeInUp\" data-wow-delay=\"600ms\"><a href=\"https:\/\/www.linkedin.com\/in\/arnaud-d%C3%A9planque\/\" target=\"_blank\" class=\"team-linkedin\"><\/a><div class=\"team-img\"><img decoding=\"async\" src=\"http:\/\/103.190.27.205\/technis\/www\/wp-content\/uploads\/2023\/03\/Arnaud-2.jpg\"><\/div><div class=\"team-detail\"><h4>Arnaud De\u0301planque<\/h4><p class=\"font-14\">Executive VP Europe<\/p><\/div><\/div><div class=\"team-item wow fadeInUp\" data-wow-delay=\"800ms\"><a href=\"https:\/\/www.linkedin.com\/in\/cl%C3%A9mence-devarrewaere-985591b6\/\" target=\"_blank\" class=\"team-linkedin\"><\/a><div class=\"team-img\"><img decoding=\"async\" src=\"http:\/\/103.190.27.205\/technis\/www\/wp-content\/uploads\/2023\/03\/Clemence-v2-1.jpg\"><\/div><div class=\"team-detail\"><h4>Cl\u00e9mence Devarrewaere<\/h4><p class=\"font-14\">Administrative & HR Manager<\/p><\/div><\/div><div class=\"team-item wow fadeInUp\" data-wow-delay=\"1000ms\"><a href=\"https:\/\/www.linkedin.com\/in\/laurentdandres\/\" target=\"_blank\" class=\"team-linkedin\"><\/a><div class=\"team-img\"><img decoding=\"async\" src=\"http:\/\/103.190.27.205\/technis\/www\/wp-content\/uploads\/2023\/03\/LaurentD-1.jpg\"><\/div><div class=\"team-detail\"><h4>Laurent d\u2019Andre\u0300s<\/h4><p class=\"font-14\">Head of Engineering<\/p><\/div><\/div><div class=\"team-item wow fadeInUp\" data-wow-delay=\"1200ms\"><a href=\"https:\/\/www.linkedin.com\/in\/aerulin\/\" target=\"_blank\" class=\"team-linkedin\"><\/a><div class=\"team-img\"><img decoding=\"async\" src=\"http:\/\/103.190.27.205\/technis\/www\/wp-content\/uploads\/2023\/03\/Aymeric.jpg\"><\/div><div class=\"team-detail\"><h4>Aymeric Erulin<\/h4><p class=\"font-14\">Head of Product<\/p><\/div><\/div><div class=\"team-item wow fadeInUp\" data-wow-delay=\"1400ms\"><a href=\"https:\/\/www.linkedin.com\/in\/jean-baptiste-biolay-70a60791\/\" target=\"_blank\" class=\"team-linkedin\"><\/a><div class=\"team-img\"><img decoding=\"async\" src=\"http:\/\/103.190.27.205\/technis\/www\/wp-content\/uploads\/2023\/03\/JBB-4.jpg\"><\/div><div class=\"team-detail\"><h4>Jean-Baptiste Biolay<\/h4><p class=\"font-14\">Head of Marketing<\/p><\/div><\/div><div class=\"team-item wow fadeInUp\" data-wow-delay=\"1600ms\"><a href=\"https:\/\/www.linkedin.com\/in\/pierre-iceta-517094112\/\" target=\"_blank\" class=\"team-linkedin\"><\/a><div class=\"team-img\"><img decoding=\"async\" src=\"http:\/\/103.190.27.205\/technis\/www\/wp-content\/uploads\/2023\/03\/Pierre-1.jpg\"><\/div><div class=\"team-detail\"><h4>Pierre Iceta<\/h4><p class=\"font-14\">Head of Sales International<\/p><\/div><\/div><\/div>[\/vc_column_inner][\/vc_row_inner][\/vc_column][\/vc_row][vc_row full_width=\u00a0\u00bbstretch_row\u00a0\u00bb content_placement=\u00a0\u00bbmiddle\u00a0\u00bb el_class=\u00a0\u00bbs-pd\u00a0\u00bb css=\u00a0\u00bb.vc_custom_1678714465676{background-color: #fafbfc !important;}\u00a0\u00bb][vc_column offset=\u00a0\u00bbvc_col-lg-6 vc_col-md-6&Prime; el_class=\u00a0\u00bbmb-md-24 wow fadeInLeft\u00a0\u00bb][vc_single_image image=\u00a0\u00bb15613&Prime; img_size=\u00a0\u00bbfull\u00a0\u00bb alignment=\u00a0\u00bbcenter\u00a0\u00bb][\/vc_column][vc_column el_class=\u00a0\u00bbget-in-touch-block wow fadeInUp\u00a0\u00bb offset=\u00a0\u00bbvc_col-lg-6 vc_col-md-6&Prime; data_wow_delay=\u00a0\u00bb.2s\u00a0\u00bb][vc_row_inner el_class=\u00a0\u00bbs-pb-half\u00a0\u00bb][vc_column_inner el_class=\u00a0\u00bbtext-md-center\u00a0\u00bb][vc_column_text el_class=\u00a0\u00bbmb-16&Prime;]<\/p>\n<h5>Prendre contact<\/h5>\n<p>[\/vc_column_text][vc_column_text]<\/p>\n<h2>Nous contacter<\/h2>\n<p>[\/vc_column_text][\/vc_column_inner][\/vc_row_inner][vc_row_inner][vc_column_inner][vc_column_text]\n<div class=\"wpcf7 no-js\" id=\"wpcf7-f16264-o1\" lang=\"fr-FR\" dir=\"ltr\">\n<div class=\"screen-reader-response\"><p role=\"status\" aria-live=\"polite\" aria-atomic=\"true\"><\/p> <ul><\/ul><\/div>\n<form action=\"\/technis\/www\/fr\/wp-json\/wp\/v2\/pages\/16219#wpcf7-f16264-o1\" method=\"post\" class=\"wpcf7-form init\" aria-label=\"Formulaire de contact\" novalidate=\"novalidate\" data-status=\"init\">\n<div style=\"display: none;\">\n<input type=\"hidden\" name=\"_wpcf7\" value=\"16264\" \/>\n<input type=\"hidden\" name=\"_wpcf7_version\" value=\"5.7.5.1\" \/>\n<input type=\"hidden\" name=\"_wpcf7_locale\" value=\"fr_FR\" \/>\n<input type=\"hidden\" name=\"_wpcf7_unit_tag\" value=\"wpcf7-f16264-o1\" \/>\n<input type=\"hidden\" name=\"_wpcf7_container_post\" value=\"0\" \/>\n<input type=\"hidden\" name=\"_wpcf7_posted_data_hash\" value=\"\" \/>\n<\/div>\n<ul class=\"form-list get-in-touch-form\">\n\t<li>\n\t\t<p><span class=\"wpcf7-form-control-wrap\" data-name=\"your-name\"><input size=\"40\" class=\"wpcf7-form-control wpcf7-text wpcf7-validates-as-required text-field\" aria-required=\"true\" aria-invalid=\"false\" placeholder=\"Nom\" value=\"\" type=\"text\" name=\"your-name\" \/><\/span>\n\t\t<\/p>\n\t<\/li>\n\t<li class=\"half\">\n\t\t<p><span class=\"wpcf7-form-control-wrap\" data-name=\"your-email\"><input size=\"40\" class=\"wpcf7-form-control wpcf7-text wpcf7-email wpcf7-validates-as-required wpcf7-validates-as-email text-field\" aria-required=\"true\" aria-invalid=\"false\" placeholder=\"Courriel :\" value=\"\" type=\"email\" name=\"your-email\" \/><\/span>\n\t\t<\/p>\n\t<\/li>\n\t<li class=\"half\">\n\t\t<p><span class=\"wpcf7-form-control-wrap\" data-name=\"Phone\"><input size=\"40\" class=\"wpcf7-form-control wpcf7-text wpcf7-tel wpcf7-validates-as-tel text-field\" aria-invalid=\"false\" placeholder=\"Phone No.\" value=\"\" type=\"tel\" name=\"Phone\" \/><\/span>\n\t\t<\/p>\n\t<\/li>\n\t<li>\n\t\t<p><span class=\"wpcf7-form-control-wrap\" data-name=\"your-message\"><textarea cols=\"40\" rows=\"10\" class=\"wpcf7-form-control wpcf7-textarea text-field\" aria-invalid=\"false\" placeholder=\"Message\" name=\"your-message\"><\/textarea><\/span>\n\t\t<\/p>\n\t<\/li>\n\t<li>\n\t\t<p><input class=\"wpcf7-form-control has-spinner wpcf7-submit btn primary width-full\" type=\"submit\" value=\"SEND\" \/>\n\t\t<\/p>\n\t<\/li>\n<\/ul><div class=\"wpcf7-response-output\" aria-hidden=\"true\"><\/div>\n<\/form>\n<\/div>\n[\/vc_column_text][\/vc_column_inner][\/vc_row_inner][\/vc_column][\/vc_row]<\/p>\n<\/section>","protected":false},"excerpt":{"rendered":"<p>[vc_row full_width=\u00a0\u00bbstretch_row\u00a0\u00bb content_placement=\u00a0\u00bbmiddle\u00a0\u00bb el_class=\u00a0\u00bbbanner-section-without-img\u00a0\u00bb css=\u00a0\u00bb.vc_custom_1679480212756{background-image: url(http:\/\/103.190.27.205\/technis\/www\/wp-content\/uploads\/2023\/03\/TEHCNIS-EXTRAS-NOLOGO-2.jpg?id=909) !important;background-position: center !important;background-repeat: no-repeat !important;background-size: cover !important;}\u00a0\u00bb][vc_column el_class=\u00a0\u00bbz-index-3 wow fadeInUp\u00a0\u00bb][vc_column_text el_class=\u00a0\u00bbtext-center\u00a0\u00bb] Pourquoi Technis ? [\/vc_column_text][\/vc_column][\/vc_row][vc_row content_placement=\u00a0\u00bbmiddle\u00a0\u00bb el_class=\u00a0\u00bbs-pd row-reverse\u00a0\u00bb][vc_column el_class=\u00a0\u00bbmb-md-24 wow fadeInRight\u00a0\u00bb offset=\u00a0\u00bbvc_col-lg-6 vc_col-md-6&Prime; data_wow_delay=\u00a0\u00bb.2s\u00a0\u00bb][vc_single_image image=\u00a0\u00bb15510&Prime; img_size=\u00a0\u00bbfull\u00a0\u00bb alignment=\u00a0\u00bbcenter\u00a0\u00bb][\/vc_column][vc_column offset=\u00a0\u00bbvc_col-lg-6 vc_col-md-6&Prime; el_class=\u00a0\u00bbtext-md-center wow fadeInUp\u00a0\u00bb][vc_column_text el_class=\u00a0\u00bbmb-16&Prime;] Innovation [\/vc_column_text][vc_column_text el_class=\u00a0\u00bbmb-16&Prime;] Chez Technis, l&rsquo;innovation est au c\u0153ur de tout ce que nous faisons. Bien <a href=\"http:\/\/103.190.27.205\/technis\/www\/fr\/pourquoi-technis\/\" class=\"more-link\">&#8230;<span class=\"screen-reader-text\">  Pourquoi Technis<\/span><\/a><\/p>\n","protected":false},"author":1,"featured_media":0,"parent":0,"menu_order":0,"comment_status":"closed","ping_status":"closed","template":"","meta":{"content-type":"","footnotes":""},"class_list":["post-16219","page","type-page","status-publish","hentry"],"_links":{"self":[{"href":"http:\/\/103.190.27.205\/technis\/www\/fr\/wp-json\/wp\/v2\/pages\/16219","targetHints":{"allow":["GET"]}}],"collection":[{"href":"http:\/\/103.190.27.205\/technis\/www\/fr\/wp-json\/wp\/v2\/pages"}],"about":[{"href":"http:\/\/103.190.27.205\/technis\/www\/fr\/wp-json\/wp\/v2\/types\/page"}],"author":[{"embeddable":true,"href":"http:\/\/103.190.27.205\/technis\/www\/fr\/wp-json\/wp\/v2\/users\/1"}],"replies":[{"embeddable":true,"href":"http:\/\/103.190.27.205\/technis\/www\/fr\/wp-json\/wp\/v2\/comments?post=16219"}],"version-history":[{"count":19,"href":"http:\/\/103.190.27.205\/technis\/www\/fr\/wp-json\/wp\/v2\/pages\/16219\/revisions"}],"predecessor-version":[{"id":18929,"href":"http:\/\/103.190.27.205\/technis\/www\/fr\/wp-json\/wp\/v2\/pages\/16219\/revisions\/18929"}],"wp:attachment":[{"href":"http:\/\/103.190.27.205\/technis\/www\/fr\/wp-json\/wp\/v2\/media?parent=16219"}],"curies":[{"name":"wp","href":"https:\/\/api.w.org\/{rel}","templated":true}]}}