{"id":16223,"date":"2023-03-10T08:17:30","date_gmt":"2023-03-10T08:17:30","guid":{"rendered":"http:\/\/103.190.27.205\/technis\/www\/technis-capture\/"},"modified":"2023-03-31T09:24:28","modified_gmt":"2023-03-31T09:24:28","slug":"technis-capture","status":"publish","type":"page","link":"http:\/\/103.190.27.205\/technis\/www\/fr\/technis-capture\/","title":{"rendered":"Technis Capture"},"content":{"rendered":"<section class=\"wpb-content-wrapper\"><p>[vc_row full_width=\u00a0\u00bbstretch_row\u00a0\u00bb el_class=\u00a0\u00bbbanner-section\u00a0\u00bb css=\u00a0\u00bb.vc_custom_1679493994897{background-image: url(http:\/\/103.190.27.205\/technis\/www\/wp-content\/uploads\/2023\/03\/TEHCNIS-EXTRAS-NOLOGO-37.jpg?id=1186) !important;background-position: center !important;background-repeat: no-repeat !important;background-size: cover !important;}\u00a0\u00bb][vc_column][vc_row_inner el_class=\u00a0\u00bbbanner-details row-reverse\u00a0\u00bb][vc_column_inner el_class=\u00a0\u00bbbanner-image wow fadeInRight\u00a0\u00bb offset=\u00a0\u00bbvc_col-lg-6 vc_col-md-6&Prime; data_wow_delay=\u00a0\u00bb.2s\u00a0\u00bb][\/vc_column_inner][vc_column_inner el_class=\u00a0\u00bbbanner-content wow fadeInUp\u00a0\u00bb offset=\u00a0\u00bbvc_col-lg-6 vc_col-md-6&Prime;][vc_column_text el_class=\u00a0\u00bbbannet-title\u00a0\u00bb]<\/p>\n<h1>Technis Capture<\/h1>\n<p>[\/vc_column_text][vc_column_text el_class=\u00a0\u00bbbannet-text\u00a0\u00bb]Un service qui aide les clients \u00e0 acheter, installer, configurer et maintenir les capteurs et le syst\u00e8me Technis OS pour collecter les donn\u00e9es.[\/vc_column_text][vc_btn title=\u00a0\u00bbCONTACTEZ-NOUS\u00a0\u00bb link=\u00a0\u00bburl:http%3A%2F%2F103.190.27.205%2Ftechnis%2Fwww%2Ffr%2Fnous-contacter%2F|title:Nous%20contacter|\u00a0\u00bb el_class=\u00a0\u00bbbtn primary\u00a0\u00bb][\/vc_column_inner][\/vc_row_inner][\/vc_column][\/vc_row][vc_row content_placement=\u00a0\u00bbmiddle\u00a0\u00bb el_class=\u00a0\u00bbs-pd\u00a0\u00bb][vc_column el_class=\u00a0\u00bbmb-md-24 wow fadeInLeft\u00a0\u00bb offset=\u00a0\u00bbvc_col-lg-6 vc_col-md-6&Prime;][vc_single_image image=\u00a0\u00bb15621&Prime; img_size=\u00a0\u00bbfull\u00a0\u00bb alignment=\u00a0\u00bbcenter\u00a0\u00bb][\/vc_column][vc_column el_class=\u00a0\u00bbmax-580 ml-auto text-md-center wow fadeInUp\u00a0\u00bb offset=\u00a0\u00bbvc_col-lg-6 vc_col-md-6&Prime; data_wow_delay=\u00a0\u00bb.2s\u00a0\u00bb][vc_column_text el_class=\u00a0\u00bbmb-16 text-darkgrey\u00a0\u00bb]<\/p>\n<h4>Le service Technis Capture permet \u00e0 nos clients de collecter rapidement des donn\u00e9es et de connecter leurs diff\u00e9rents capteurs sans avoir besoin de connaissances particuli\u00e8res.<\/h4>\n<p>[\/vc_column_text][vc_column_text el_class=\u00a0\u00bbmb-32&Prime;]Notre service permet de r\u00e9duire, g\u00e9rer et simplifier la complexit\u00e9 li\u00e9e \u00e0 la d\u00e9cision d&rsquo;achat et \u00e0 la connexion intelligente d&rsquo;un b\u00e2timent avec l&rsquo;application Technis OS.[\/vc_column_text][vc_btn title=\u00a0\u00bbNous contacter\u00a0\u00bb link=\u00a0\u00bburl:http%3A%2F%2F103.190.27.205%2Ftechnis%2Fwww%2Ffr%2Fnous-contacter%2F|title:Nous%20contacter|\u00a0\u00bb el_class=\u00a0\u00bbbtn primary\u00a0\u00bb][\/vc_column][\/vc_row][vc_row full_width=\u00a0\u00bbstretch_row\u00a0\u00bb el_class=\u00a0\u00bbs-pd\u00a0\u00bb css=\u00a0\u00bb.vc_custom_1678440477349{background-color: #fafbfc !important;}\u00a0\u00bb][vc_column][vc_row_inner el_class=\u00a0\u00bbs-pb-half\u00a0\u00bb][vc_column_inner el_class=\u00a0\u00bbwow fadeInUp\u00a0\u00bb][vc_column_text el_class=\u00a0\u00bbmb-16 text-center\u00a0\u00bb]<\/p>\n<h5>Technis Capture<\/h5>\n<p>[\/vc_column_text][vc_column_text]<\/p>\n<h2 style=\"text-align: center;\">Avantages cl\u00e9s<\/h2>\n<p>[\/vc_column_text][\/vc_column_inner][\/vc_row_inner][vc_row_inner el_class=\u00a0\u00bbmb-32&Prime;][vc_column_inner]<div class=\"top-icon-with-text-section gap-24 content-center mobile-1 tablet-2 desktop-4 font-medium\"><div class=\"top-icon-with-text-item wow fadeInUp\" style=\"background-color:#ffffff; color:#3c3c3b;\" data-wow-delay=\"200ms\"><div class=\"icon\"><img decoding=\"async\" src=\"http:\/\/103.190.27.205\/technis\/www\/wp-content\/uploads\/2023\/03\/wrench.svg\" alt=\"icon\"><\/div><div class=\"text\"><p>Simplifier le choix de l'achat, de l'installation et de la configuration des bons types de capteurs<\/p><\/div><\/div><div class=\"top-icon-with-text-item wow fadeInUp\" style=\"background-color:#ffffff; color:#3c3c3b;\" data-wow-delay=\"400ms\"><div class=\"icon\"><img decoding=\"async\" src=\"http:\/\/103.190.27.205\/technis\/www\/wp-content\/uploads\/2023\/03\/link.svg\" alt=\"icon\"><\/div><div class=\"text\"><p>Gestion de la connectivit\u00e9 des appareils<\/p><\/div><\/div><div class=\"top-icon-with-text-item wow fadeInUp\" style=\"background-color:#ffffff; color:#3c3c3b;\" data-wow-delay=\"600ms\"><div class=\"icon\"><img decoding=\"async\" src=\"http:\/\/103.190.27.205\/technis\/www\/wp-content\/uploads\/2023\/03\/cable-play.svg\" alt=\"icon\"><\/div><div class=\"text\"><p>Capteurs pr\u00e9configur\u00e9s et pr\u00eats \u00e0 l'emploi (plug-and-play)<\/p><\/div><\/div><div class=\"top-icon-with-text-item wow fadeInUp\" style=\"background-color:#ffffff; color:#3c3c3b;\" data-wow-delay=\"800ms\"><div class=\"icon\"><img decoding=\"async\" src=\"http:\/\/103.190.27.205\/technis\/www\/wp-content\/uploads\/2023\/03\/planet.svg\" alt=\"icon\"><\/div><div class=\"text\"><p>\u00c9tat des appareils sur l'ensemble des sites d\u00e9ploy\u00e9s<\/p><\/div><\/div><\/div>[\/vc_column_inner][\/vc_row_inner][vc_row_inner][vc_column_inner el_class=\u00a0\u00bbwow fadeInUp\u00a0\u00bb][vc_btn title=\u00a0\u00bbNous contacter\u00a0\u00bb align=\u00a0\u00bbcenter\u00a0\u00bb link=\u00a0\u00bburl:http%3A%2F%2F103.190.27.205%2Ftechnis%2Fwww%2Ffr%2Fnous-contacter%2F|title:Nous%20contacter|\u00a0\u00bb el_class=\u00a0\u00bbbtn primary\u00a0\u00bb][\/vc_column_inner][\/vc_row_inner][\/vc_column][\/vc_row][vc_row content_placement=\u00a0\u00bbmiddle\u00a0\u00bb el_class=\u00a0\u00bbs-pd row-reverse\u00a0\u00bb][vc_column el_class=\u00a0\u00bbmb-md-24 wow fadeInRight\u00a0\u00bb offset=\u00a0\u00bbvc_col-lg-6 vc_col-md-6&Prime; data_wow_delay=\u00a0\u00bb.2s\u00a0\u00bb][vc_single_image image=\u00a0\u00bb15505&Prime; img_size=\u00a0\u00bbfull\u00a0\u00bb alignment=\u00a0\u00bbcenter\u00a0\u00bb][\/vc_column][vc_column offset=\u00a0\u00bbvc_col-lg-6 vc_col-md-6&Prime; el_class=\u00a0\u00bbtext-md-center wow fadeInUp\u00a0\u00bb][vc_column_text el_class=\u00a0\u00bbmb-16&Prime;]<\/p>\n<h5>La collecte de donn\u00e9es est essentielle<\/h5>\n<p>[\/vc_column_text][vc_column_text el_class=\u00a0\u00bbmb-16&Prime;]<\/p>\n<h2>Nous accompagnons nos clients dans la digitalisation de leurs b\u00e2timents et dans la collecte de donn\u00e9es pr\u00e9cieuses sur le trafic, la qualit\u00e9 de l&rsquo;environnement, la consommation d&rsquo;\u00e9nergie ainsi que le comportement des visiteurs.<\/h2>\n<p>[\/vc_column_text][vc_column_text]Nous sommes conscients que nos clients doivent faire face \u00e0 des d\u00e9fis op\u00e9rationnels, marketing et financiers. Notre service les aide \u00e0 les relever en identifiant les capteurs les plus appropri\u00e9s, en g\u00e9rant l&rsquo;installation et la configuration, et en leur fournissant une assistance continue.[\/vc_column_text][\/vc_column][\/vc_row][vc_row full_width=\u00a0\u00bbstretch_row\u00a0\u00bb content_placement=\u00a0\u00bbmiddle\u00a0\u00bb el_class=\u00a0\u00bbs-pd\u00a0\u00bb css=\u00a0\u00bb.vc_custom_1678440498015{background-color: #fafbfc !important;}\u00a0\u00bb][vc_column el_class=\u00a0\u00bbmb-md-24 wow fadeInLeft\u00a0\u00bb offset=\u00a0\u00bbvc_col-lg-6 vc_col-md-6&Prime;][vc_single_image image=\u00a0\u00bb15506&Prime; img_size=\u00a0\u00bbfull\u00a0\u00bb alignment=\u00a0\u00bbcenter\u00a0\u00bb][\/vc_column][vc_column offset=\u00a0\u00bbvc_col-lg-6 vc_col-md-6&Prime; el_class=\u00a0\u00bbtext-md-center wow fadeInUp\u00a0\u00bb data_wow_delay=\u00a0\u00bb.2s\u00a0\u00bb][vc_column_text el_class=\u00a0\u00bbmb-16&Prime;]<\/p>\n<h5>Utiliser les donn\u00e9es afin de prendre des d\u00e9cisions<\/h5>\n<p>[\/vc_column_text][vc_column_text el_class=\u00a0\u00bbmb-16&Prime;]<\/p>\n<h2>Technis Capture permet \u00e0 nos clients de prendre des d\u00e9cisions \u00e9clair\u00e9es en se basant sur les donn\u00e9es collect\u00e9es et d&rsquo;optimiser la gestion de leurs b\u00e2timents, ce qui se traduit par une am\u00e9lioration de l&rsquo;efficacit\u00e9 op\u00e9rationnelle, des \u00e9conomies d&rsquo;\u00e9nergie et une exp\u00e9rience client am\u00e9lior\u00e9e.<\/h2>\n<p>[\/vc_column_text][vc_column_text]Chez Technis, nous consid\u00e9rons chaque client comme unique. C&rsquo;est pourquoi notre \u00e9quipe d&rsquo;experts travaille en \u00e9troite collaboration avec chacun d&rsquo;eux pour comprendre leurs besoins sp\u00e9cifiques et leur proposer des solutions sur mesure.[\/vc_column_text][\/vc_column][\/vc_row][vc_row content_placement=\u00a0\u00bbmiddle\u00a0\u00bb el_class=\u00a0\u00bbs-pt s-pb-half row-reverse\u00a0\u00bb][vc_column el_class=\u00a0\u00bbmb-md-24 wow fadeInRight\u00a0\u00bb offset=\u00a0\u00bbvc_col-lg-6 vc_col-md-6&Prime; data_wow_delay=\u00a0\u00bb.2s\u00a0\u00bb][vc_single_image image=\u00a0\u00bb15507&Prime; img_size=\u00a0\u00bbfull\u00a0\u00bb alignment=\u00a0\u00bbcenter\u00a0\u00bb][\/vc_column][vc_column offset=\u00a0\u00bbvc_col-lg-6 vc_col-md-6&Prime; el_class=\u00a0\u00bbtext-md-center wow fadeInUp\u00a0\u00bb][vc_column_text el_class=\u00a0\u00bbmb-16&Prime;]<\/p>\n<h5>Faire les bons choix pour se d\u00e9velopper<\/h5>\n<p>[\/vc_column_text][vc_column_text el_class=\u00a0\u00bbmb-16&Prime;]<\/p>\n<h2>En collaborant avec Technis, nos clients peuvent b\u00e9n\u00e9ficier d&rsquo;un avantage concurrentiel et rester \u00e0 la pointe de l&rsquo;\u00e9volution rapide du march\u00e9.<\/h2>\n<p>[\/vc_column_text][vc_column_text]Contactez-nous d\u00e8s maintenant pour d\u00e9couvrir comment nous pouvons vous aider \u00e0 r\u00e9aliser vos enjeux gr\u00e2ce \u00e0 Technis Capture.[\/vc_column_text][\/vc_column][\/vc_row][vc_row el_class=\u00a0\u00bbs-pb\u00a0\u00bb][vc_column el_class=\u00a0\u00bbwow fadeInUp\u00a0\u00bb][vc_btn title=\u00a0\u00bbNous contacter\u00a0\u00bb align=\u00a0\u00bbcenter\u00a0\u00bb link=\u00a0\u00bburl:http%3A%2F%2F103.190.27.205%2Ftechnis%2Fwww%2Ffr%2Fnous-contacter%2F|title:Nous%20contacter|\u00a0\u00bb el_class=\u00a0\u00bbbtn primary\u00a0\u00bb][\/vc_column][\/vc_row][vc_row el_class=\u00a0\u00bbs-pd\u00a0\u00bb][vc_column][vc_column_text el_class=\u00a0\u00bbmb-16&Prime;]<\/p>\n<h5>Neutre vis-\u00e0-vis du mat\u00e9riel<\/h5>\n<p>[\/vc_column_text][vc_column_text el_class=\u00a0\u00bbmb-16&Prime;]<\/p>\n<h2>Nous pouvons utiliser une vari\u00e9t\u00e9 de capteurs<\/h2>\n<p>[\/vc_column_text][vc_column_text]Technis est une solution logicielle puissante qui utilise une technologie de capteurs de pointe pour collecter des donn\u00e9es en temps r\u00e9el provenant de diff\u00e9rentes sources. Notre plateforme est capable de s&rsquo;int\u00e9grer aux capteurs existants via des API ou des donn\u00e9es pouss\u00e9es, et d&rsquo;incorporer des sources de donn\u00e9es externes telles que les donn\u00e9es des caisses des clients et les relev\u00e9s de compteurs d&rsquo;\u00e9nergie. En choisissant Technis, vous pouvez b\u00e9n\u00e9ficier d&rsquo;un acc\u00e8s \u00e0 une grande vari\u00e9t\u00e9 de donn\u00e9es essentielles, les analyser et les exploiter pour am\u00e9liorer vos op\u00e9rations et l&rsquo;exp\u00e9rience de vos clients.[\/vc_column_text][vc_row_inner el_class=\u00a0\u00bbs-pt-half\u00a0\u00bb][vc_column_inner]<div class=\"accordion wow fadeInUp\"><div class=\"accordion-item\"><h4 class=\"accordion-title\">Capteurs 3D ou cam\u00e9ras st\u00e9r\u00e9oscopiques<\/h4><div class=\"accordion-content\"><img decoding=\"async\" class=\"accordion-image-mobile\" src=\"http:\/\/103.190.27.205\/technis\/www\/wp-content\/uploads\/2023\/03\/P1126546.jpg\" alt=\"\">Technis s'appuie sur la technologie de pointe des capteurs 3D pour collecter des donn\u00e9es pr\u00e9cises sur le flux de personnes, le comportement des visiteurs et la performance des b\u00e2timents. Cela nous permet de calculer des indicateurs importants tels que les taux d'occupation, les tendances du trafic et les taux de conversion, fournissant des informations pr\u00e9cieuses aux entreprises pour optimiser l'agencement, am\u00e9liorer l'exp\u00e9rience des clients et augmenter les revenus. L'avantage de cette technologie est son taux de pr\u00e9cision \u00e9lev\u00e9, sup\u00e9rieur \u00e0 99 %.<\/div><img decoding=\"async\" class=\"accordion-image\" src=\"http:\/\/103.190.27.205\/technis\/www\/wp-content\/uploads\/2023\/03\/P1126546.jpg\" alt=\"\"><\/div><div class=\"accordion-item\"><h4 class=\"accordion-title\">Tapis intelligents<\/h4><div class=\"accordion-content\"><img decoding=\"async\" class=\"accordion-image-mobile\" src=\"http:\/\/103.190.27.205\/technis\/www\/wp-content\/uploads\/2023\/03\/P1126562.jpg\" alt=\"\">Les tapis intelligents de Technis est une solution Plug & Play qui permet un comptage bidirectionnel des personnes gr\u00e2ce \u00e0 des tapis plac\u00e9s sur le sol. La technologie est tr\u00e8s pr\u00e9cise et peut \u00eatre utilis\u00e9e dans diff\u00e9rents environnements, y compris les magasins de d\u00e9tail, les lieux d'\u00e9v\u00e9nements et les hubs de transport. La solution aide les entreprises \u00e0 optimiser l'utilisation de leur espace et \u00e0 am\u00e9liorer l'exp\u00e9rience des clients en fournissant des donn\u00e9es en temps r\u00e9el sur les flux de personnes et les temps d'attente.<\/div><img decoding=\"async\" class=\"accordion-image\" src=\"http:\/\/103.190.27.205\/technis\/www\/wp-content\/uploads\/2023\/03\/P1126562.jpg\" alt=\"\"><\/div><div class=\"accordion-item\"><h4 class=\"accordion-title\">Cam\u00e9ras CCTV<\/h4><div class=\"accordion-content\"><img decoding=\"async\" class=\"accordion-image-mobile\" src=\"http:\/\/103.190.27.205\/technis\/www\/wp-content\/uploads\/2023\/03\/P1126561.jpg\" alt=\"\">Technis s'appuie sur les cam\u00e9ras de vid\u00e9osurveillance pour analyser les flux de personnes et la gestion des files d'attente dans les lieux publics tels que les a\u00e9roports, les gares et les centres de conf\u00e9rence. En utilisant des algorithmes avanc\u00e9s de traitement d'images, notre solution fournit des mesures pr\u00e9cises sur l'occupation, le trafic et les temps d'attente. Cela vous permet d'optimiser l'affectation du personnel, de r\u00e9duire les goulets d'\u00e9tranglement et d'am\u00e9liorer l'exp\u00e9rience des clients.<\/div><img decoding=\"async\" class=\"accordion-image\" src=\"http:\/\/103.190.27.205\/technis\/www\/wp-content\/uploads\/2023\/03\/P1126561.jpg\" alt=\"\"><\/div><div class=\"accordion-item\"><h4 class=\"accordion-title\">Capteurs d'occupation de tables<\/h4><div class=\"accordion-content\"><img decoding=\"async\" class=\"accordion-image-mobile\" src=\"http:\/\/103.190.27.205\/technis\/www\/wp-content\/uploads\/2023\/03\/P1126559.jpg\" alt=\"\">Les capteurs d'occupation de Technis fournissent des informations pr\u00e9cieuses sur l'utilisation des espaces de bureaux en suivant en temps r\u00e9el l'utilisation des bureaux individuels, des salles de conf\u00e9rence et d'autres espaces partag\u00e9s. Ces donn\u00e9es permettent aux entreprises d'optimiser l'utilisation de l'espace et des ressources, de r\u00e9duire les co\u00fbts et de cr\u00e9er un lieu de travail plus productif et plus efficace.<\/div><img decoding=\"async\" class=\"accordion-image\" src=\"http:\/\/103.190.27.205\/technis\/www\/wp-content\/uploads\/2023\/03\/P1126559.jpg\" alt=\"\"><\/div><div class=\"accordion-item\"><h4 class=\"accordion-title\">Capteurs d'occupation pour salles<\/h4><div class=\"accordion-content\"><img decoding=\"async\" class=\"accordion-image-mobile\" src=\"http:\/\/103.190.27.205\/technis\/www\/wp-content\/uploads\/2023\/03\/P1126549.jpg\" alt=\"\">Les capteurs d'occupation de Technis pour les salles de r\u00e9union fournissent des donn\u00e9es pr\u00e9cieuses sur l'utilisation et la disponibilit\u00e9 des salles de r\u00e9union en temps r\u00e9el. Les capteurs d\u00e9tectent avec pr\u00e9cision l'occupation et l'utilisation des salles et en rendent compte, ce qui permet aux organisations d'optimiser l'allocation et l'utilisation de l'espace, de r\u00e9duire les co\u00fbts inutiles et d'augmenter la productivit\u00e9 des employ\u00e9s. Avec la solution Technis, vous pouvez prendre des d\u00e9cisions bas\u00e9es sur des donn\u00e9es afin d'am\u00e9liorer l'efficacit\u00e9 de la gestion de vos salles de r\u00e9union.<\/div><img decoding=\"async\" class=\"accordion-image\" src=\"http:\/\/103.190.27.205\/technis\/www\/wp-content\/uploads\/2023\/03\/P1126549.jpg\" alt=\"\"><\/div><div class=\"accordion-item\"><h4 class=\"accordion-title\">Capteurs environnementaux<\/h4><div class=\"accordion-content\"><img decoding=\"async\" class=\"accordion-image-mobile\" src=\"http:\/\/103.190.27.205\/technis\/www\/wp-content\/uploads\/2023\/03\/P1126554.jpg\" alt=\"\">Les capteurs environnementaux de Technis permettent aux entreprises de mesurer la qualit\u00e9 de l'air, la temp\u00e9rature, l'humidit\u00e9 et les niveaux de bruit dans leurs b\u00e2timents. Gr\u00e2ce \u00e0 ces donn\u00e9es, notre plateforme peut vous aider \u00e0 optimiser l'utilisation de l'\u00e9nergie, \u00e0 identifier les points \u00e0 am\u00e9liorer et \u00e0 cr\u00e9er un espace de travail plus sain et plus confortable. Notre solution vous fournit des alertes en temps r\u00e9el et des analyses de donn\u00e9es, vous permettant de prendre des d\u00e9cisions \u00e9clair\u00e9es qui am\u00e9liorent le bien-\u00eatre de vos employ\u00e9s et l'efficacit\u00e9 de vos op\u00e9rations.<\/div><img decoding=\"async\" class=\"accordion-image\" src=\"http:\/\/103.190.27.205\/technis\/www\/wp-content\/uploads\/2023\/03\/P1126554.jpg\" alt=\"\"><\/div><\/div>[\/vc_column_inner][\/vc_row_inner][\/vc_column][\/vc_row]<\/p>\n<\/section>","protected":false},"excerpt":{"rendered":"<p>[vc_row full_width=\u00a0\u00bbstretch_row\u00a0\u00bb el_class=\u00a0\u00bbbanner-section\u00a0\u00bb css=\u00a0\u00bb.vc_custom_1679493994897{background-image: url(http:\/\/103.190.27.205\/technis\/www\/wp-content\/uploads\/2023\/03\/TEHCNIS-EXTRAS-NOLOGO-37.jpg?id=1186) !important;background-position: center !important;background-repeat: no-repeat !important;background-size: cover !important;}\u00a0\u00bb][vc_column][vc_row_inner el_class=\u00a0\u00bbbanner-details row-reverse\u00a0\u00bb][vc_column_inner el_class=\u00a0\u00bbbanner-image wow fadeInRight\u00a0\u00bb offset=\u00a0\u00bbvc_col-lg-6 vc_col-md-6&Prime; data_wow_delay=\u00a0\u00bb.2s\u00a0\u00bb][\/vc_column_inner][vc_column_inner el_class=\u00a0\u00bbbanner-content wow fadeInUp\u00a0\u00bb offset=\u00a0\u00bbvc_col-lg-6 vc_col-md-6&Prime;][vc_column_text el_class=\u00a0\u00bbbannet-title\u00a0\u00bb] Technis Capture [\/vc_column_text][vc_column_text el_class=\u00a0\u00bbbannet-text\u00a0\u00bb]Un service qui aide les clients \u00e0 acheter, installer, configurer et maintenir les capteurs et le syst\u00e8me Technis OS pour collecter les donn\u00e9es.[\/vc_column_text][vc_btn title=\u00a0\u00bbCONTACTEZ-NOUS\u00a0\u00bb link=\u00a0\u00bburl:http%3A%2F%2F103.190.27.205%2Ftechnis%2Fwww%2Ffr%2Fnous-contacter%2F|title:Nous%20contacter|\u00a0\u00bb el_class=\u00a0\u00bbbtn <a href=\"http:\/\/103.190.27.205\/technis\/www\/fr\/technis-capture\/\" class=\"more-link\">&#8230;<span class=\"screen-reader-text\">  Technis Capture<\/span><\/a><\/p>\n","protected":false},"author":1,"featured_media":0,"parent":0,"menu_order":0,"comment_status":"closed","ping_status":"closed","template":"","meta":{"content-type":"","footnotes":""},"class_list":["post-16223","page","type-page","status-publish","hentry"],"_links":{"self":[{"href":"http:\/\/103.190.27.205\/technis\/www\/fr\/wp-json\/wp\/v2\/pages\/16223","targetHints":{"allow":["GET"]}}],"collection":[{"href":"http:\/\/103.190.27.205\/technis\/www\/fr\/wp-json\/wp\/v2\/pages"}],"about":[{"href":"http:\/\/103.190.27.205\/technis\/www\/fr\/wp-json\/wp\/v2\/types\/page"}],"author":[{"embeddable":true,"href":"http:\/\/103.190.27.205\/technis\/www\/fr\/wp-json\/wp\/v2\/users\/1"}],"replies":[{"embeddable":true,"href":"http:\/\/103.190.27.205\/technis\/www\/fr\/wp-json\/wp\/v2\/comments?post=16223"}],"version-history":[{"count":10,"href":"http:\/\/103.190.27.205\/technis\/www\/fr\/wp-json\/wp\/v2\/pages\/16223\/revisions"}],"predecessor-version":[{"id":18925,"href":"http:\/\/103.190.27.205\/technis\/www\/fr\/wp-json\/wp\/v2\/pages\/16223\/revisions\/18925"}],"wp:attachment":[{"href":"http:\/\/103.190.27.205\/technis\/www\/fr\/wp-json\/wp\/v2\/media?parent=16223"}],"curies":[{"name":"wp","href":"https:\/\/api.w.org\/{rel}","templated":true}]}}