{"id":16232,"date":"2023-03-10T05:14:11","date_gmt":"2023-03-10T05:14:11","guid":{"rendered":"http:\/\/103.190.27.205\/technis\/www\/solutions\/"},"modified":"2023-04-03T06:25:43","modified_gmt":"2023-04-03T06:25:43","slug":"solutions","status":"publish","type":"page","link":"http:\/\/103.190.27.205\/technis\/www\/fr\/solutions\/","title":{"rendered":"Solutions"},"content":{"rendered":"<section class=\"wpb-content-wrapper\"><p>[vc_row full_width=\u00a0\u00bbstretch_row\u00a0\u00bb el_class=\u00a0\u00bbfirst-section\u00a0\u00bb][vc_column][vc_row_inner el_class=\u00a0\u00bbs-pb-half\u00a0\u00bb][vc_column_inner el_class=\u00a0\u00bbwow fadeInUp\u00a0\u00bb][vc_column_text]<\/p>\n<h1>Solutions<\/h1>\n<p>[\/vc_column_text][\/vc_column_inner][\/vc_row_inner][\/vc_column][\/vc_row][vc_row content_placement=\u00a0\u00bbmiddle\u00a0\u00bb el_class=\u00a0\u00bbs-pt-half s-pb row-reverse\u00a0\u00bb][vc_column el_class=\u00a0\u00bbmb-md-24 wow fadeInRight\u00a0\u00bb offset=\u00a0\u00bbvc_col-lg-6 vc_col-md-6&Prime; data_wow_delay=\u00a0\u00bb.2s\u00a0\u00bb][vc_single_image image=\u00a0\u00bb16033&Prime; img_size=\u00a0\u00bbfull\u00a0\u00bb alignment=\u00a0\u00bbcenter\u00a0\u00bb][\/vc_column][vc_column offset=\u00a0\u00bbvc_col-lg-6 vc_col-md-6&Prime; el_class=\u00a0\u00bbwow fadeInUp\u00a0\u00bb][vc_column_text el_class=\u00a0\u00bbmb-16&Prime;]<\/p>\n<h5>Nos solutions<\/h5>\n<p>[\/vc_column_text][vc_column_text el_class=\u00a0\u00bbmb-16&Prime;]<\/p>\n<h2>Transformez votre activit\u00e9 avec Technis : des solutions sur mesure pour tous les secteurs.<\/h2>\n<p>[\/vc_column_text][vc_column_text el_class=\u00a0\u00bbbr-lg-none\u00a0\u00bb]Technis propose une solution compl\u00e8te de gestion et d&rsquo;optimisation des espaces \u00e0 travers son produit phare, Technis OS. Cette solution est compl\u00e9t\u00e9e par quatre applications : Technis Flow pour la gestion des flux de personnes, Technis Comfort pour le suivi de l&rsquo;environnement et de la qualit\u00e9 de l&rsquo;air, Technis Energy pour le suivi de la consommation d&rsquo;\u00e9nergie, et Technis Behavior pour les mesures sp\u00e9cifiques au commerce de d\u00e9tail telles que les taux de conversion, le parcours client et l&rsquo;engagement.[\/vc_column_text][\/vc_column][\/vc_row][vc_row full_width=\u00a0\u00bbstretch_row\u00a0\u00bb el_class=\u00a0\u00bbs-pd\u00a0\u00bb css=\u00a0\u00bb.vc_custom_1680094202151{background-color: #fafbfc !important;}\u00a0\u00bb][vc_column]<div class=\"image-box-list\"><div class=\"image-box-list-item wow fadeInUp\" data-wow-delay=\"200ms\"><div class=\"image-box-image\"><img decoding=\"async\" class=\"image\" src=\"http:\/\/103.190.27.205\/technis\/www\/wp-content\/uploads\/2023\/03\/solution-1.png\" alt=\"image\"><\/div><div class=\"image-box-content\"><h4 class=\"image-box-title\">Retail<\/h4><p>Boostez les profits et l'exp\u00e9rience client de votre commerce avec Technis. Nos solutions offrent des informations ROIstes pour am\u00e9liorer la valeur de votre commerce, la satisfaction de vos clients et la croissance de vos revenus.<\/p>\n<a class=\"arrow-link\" href=\"https:\/\/www.technis.com\/solutions\/retail-mall-center\/\">Centre commercial<\/a>\n<a class=\"arrow-link\" href=\"https:\/\/www.technis.com\/solutions\/retail-point-of-sale-network\/\">R\u00e9seau de points de vente<\/a>\n<a class=\"arrow-link\" href=\"https:\/\/www.technis.com\/solutions\/retail-corner-and-shops-in-shop\/\">Corner<\/a>\n<a class=\"arrow-link\" href=\"https:\/\/www.technis.com\/solutions\/retail-luxury\/\">Luxe<\/a><\/div><\/div><div class=\"image-box-list-item wow fadeInUp\" data-wow-delay=\"400ms\"><div class=\"image-box-image\"><img decoding=\"async\" class=\"image\" src=\"http:\/\/103.190.27.205\/technis\/www\/wp-content\/uploads\/2023\/03\/solution-2.png\" alt=\"image\"><\/div><div class=\"image-box-content\"><h4 class=\"image-box-title\">Immobilier<\/h4><p>Technis am\u00e9liore la performance des b\u00e2timents et la satisfaction des clients, permettant aux gestionnaires d'actifs immobiliers de prendre des d\u00e9cisions bas\u00e9es sur des donn\u00e9es et de r\u00e9duire les co\u00fbts d'exploitation.<\/p>\n<a class=\"arrow-link\" href=\"https:\/\/www.technis.com\/solutions\/real-estate-real-estate-asset-manager\/\">Gestionnaire d'actifs immobiliers<\/a>\n<a class=\"arrow-link\" href=\"https:\/\/www.technis.com\/solutions\/real-estate-investor-or-real-estate-company\/\">Investisseur<\/a>\n<a class=\"arrow-link\" href=\"https:\/\/www.technis.com\/solutions\/real-estate-real-estate-promoter\/\">Promoteur<\/a><\/div><\/div><div class=\"image-box-list-item wow fadeInUp\" data-wow-delay=\"600ms\"><div class=\"image-box-image\"><img decoding=\"async\" class=\"image\" src=\"http:\/\/103.190.27.205\/technis\/www\/wp-content\/uploads\/2023\/03\/solution-3.png\" alt=\"image\"><\/div><div class=\"image-box-content\"><h4 class=\"image-box-title\">Facility & Office management<\/h4><p>Technis optimise la performance des b\u00e2timents, r\u00e9duit les co\u00fbts \u00e9nerg\u00e9tiques et am\u00e9liore l'exp\u00e9rience des occupants gr\u00e2ce \u00e0 des donn\u00e9es en temps r\u00e9el pour une prise de d\u00e9cision plus intelligente dans la gestion des actifs.<\/p>\n<a class=\"arrow-link\" href=\"https:\/\/www.technis.com\/solutions\/facility-office-management-occupant-tenant\/\">Occupant \/ Locataire<\/a>\n<a class=\"arrow-link\" href=\"https:\/\/www.technis.com\/solutions\/facility-office-management-business-services\/\">Business Services<\/a>\n<a class=\"arrow-link\" href=\"https:\/\/www.technis.com\/solutions\/facility-office-management\/\">Facility Management<\/a>\n<a class=\"arrow-link\" href=\"https:\/\/www.technis.com\/solutions\/facility-office-management-coworking-spaces\/\">Espace de co-working<\/a><\/div><\/div><div class=\"image-box-list-item wow fadeInUp\" data-wow-delay=\"800ms\"><div class=\"image-box-image\"><img decoding=\"async\" class=\"image\" src=\"http:\/\/103.190.27.205\/technis\/www\/wp-content\/uploads\/2023\/03\/solution-4.png\" alt=\"image\"><\/div><div class=\"image-box-content\"><h4 class=\"image-box-title\">Transports<\/h4><p>Technis optimise l'efficacit\u00e9 op\u00e9rationnelle et l'exp\u00e9rience des passagers gr\u00e2ce \u00e0 des donn\u00e9es en temps r\u00e9el pour l'industrie du transport, r\u00e9duisant les co\u00fbts, am\u00e9liorant la s\u00e9curit\u00e9 et offrant une exp\u00e9rience de voyage sans faille.<\/p>\n<a class=\"arrow-link\" href=\"https:\/\/www.technis.com\/solutions\/mobilities-station\/\">Gare \/ Station<\/a>\n<a class=\"arrow-link\" href=\"https:\/\/www.technis.com\/solutions\/mobilities-airport-airline\/\">A\u00e9roport \/ Compagnie a\u00e9rienne<\/a><\/div><\/div><div class=\"image-box-list-item wow fadeInUp\" data-wow-delay=\"1000ms\"><div class=\"image-box-image\"><img decoding=\"async\" class=\"image\" src=\"http:\/\/103.190.27.205\/technis\/www\/wp-content\/uploads\/2023\/03\/solution-5.png\" alt=\"image\"><\/div><div class=\"image-box-content\"><h4 class=\"image-box-title\">Ev\u00e8nementiel<\/h4><p>Technis optimise la logistique des \u00e9v\u00e9nements et l'exp\u00e9rience des participants gr\u00e2ce \u00e0 des donn\u00e9es en temps r\u00e9el pour les organisateurs d'\u00e9v\u00e9nements et les gestionnaires de sites, ce qui se traduit par une exp\u00e9rience m\u00e9morable et sans faille.<\/p>\n<a class=\"arrow-link\" href=\"https:\/\/www.technis.com\/solutions\/event-convention-center\/\">Centre de congr\u00e8s<\/a>\n<a class=\"arrow-link\" href=\"https:\/\/www.technis.com\/solutions\/event-event-organizer\/\">Organisateur d'\u00e9v\u00e8nements<\/a>\n<a class=\"arrow-link\" href=\"https:\/\/www.technis.com\/solutions\/event-exhibitor\/\">Exposant<\/a><\/div><\/div><div class=\"image-box-list-item wow fadeInUp\" data-wow-delay=\"1200ms\"><div class=\"image-box-image\"><img decoding=\"async\" class=\"image\" src=\"http:\/\/103.190.27.205\/technis\/www\/wp-content\/uploads\/2023\/03\/solution-6.png\" alt=\"image\"><\/div><div class=\"image-box-content\"><h4 class=\"image-box-title\">\u00c9ducation<\/h4><p>Technis optimise les op\u00e9rations sur les campus, l'exp\u00e9rience des \u00e9tudiants et l'efficacit\u00e9 \u00e9nerg\u00e9tique pour les \u00e9tablissements d'enseignement gr\u00e2ce \u00e0 des donn\u00e9es en temps r\u00e9el, favorisant un environnement s\u00fbr et confortable pour la r\u00e9ussite scolaire.<\/p>\n<a class=\"arrow-link\" href=\"https:\/\/www.technis.com\/solutions\/education-university-campus\/\">Universit\u00e9 \/ Campus<\/a><\/div><\/div><\/div>[\/vc_column][\/vc_row]<\/p>\n<\/section>","protected":false},"excerpt":{"rendered":"<p>[vc_row full_width=\u00a0\u00bbstretch_row\u00a0\u00bb el_class=\u00a0\u00bbfirst-section\u00a0\u00bb][vc_column][vc_row_inner el_class=\u00a0\u00bbs-pb-half\u00a0\u00bb][vc_column_inner el_class=\u00a0\u00bbwow fadeInUp\u00a0\u00bb][vc_column_text] Solutions [\/vc_column_text][\/vc_column_inner][\/vc_row_inner][\/vc_column][\/vc_row][vc_row content_placement=\u00a0\u00bbmiddle\u00a0\u00bb el_class=\u00a0\u00bbs-pt-half s-pb row-reverse\u00a0\u00bb][vc_column el_class=\u00a0\u00bbmb-md-24 wow fadeInRight\u00a0\u00bb offset=\u00a0\u00bbvc_col-lg-6 vc_col-md-6&Prime; data_wow_delay=\u00a0\u00bb.2s\u00a0\u00bb][vc_single_image image=\u00a0\u00bb16033&Prime; img_size=\u00a0\u00bbfull\u00a0\u00bb alignment=\u00a0\u00bbcenter\u00a0\u00bb][\/vc_column][vc_column offset=\u00a0\u00bbvc_col-lg-6 vc_col-md-6&Prime; el_class=\u00a0\u00bbwow fadeInUp\u00a0\u00bb][vc_column_text el_class=\u00a0\u00bbmb-16&Prime;] Nos solutions [\/vc_column_text][vc_column_text el_class=\u00a0\u00bbmb-16&Prime;] Transformez votre activit\u00e9 avec Technis : des solutions sur mesure pour tous les secteurs. [\/vc_column_text][vc_column_text el_class=\u00a0\u00bbbr-lg-none\u00a0\u00bb]Technis propose une solution compl\u00e8te de gestion et d&rsquo;optimisation des <a href=\"http:\/\/103.190.27.205\/technis\/www\/fr\/solutions\/\" class=\"more-link\">&#8230;<span class=\"screen-reader-text\">  Solutions<\/span><\/a><\/p>\n","protected":false},"author":1,"featured_media":0,"parent":0,"menu_order":0,"comment_status":"closed","ping_status":"closed","template":"","meta":{"content-type":"","footnotes":""},"class_list":["post-16232","page","type-page","status-publish","hentry"],"_links":{"self":[{"href":"http:\/\/103.190.27.205\/technis\/www\/fr\/wp-json\/wp\/v2\/pages\/16232","targetHints":{"allow":["GET"]}}],"collection":[{"href":"http:\/\/103.190.27.205\/technis\/www\/fr\/wp-json\/wp\/v2\/pages"}],"about":[{"href":"http:\/\/103.190.27.205\/technis\/www\/fr\/wp-json\/wp\/v2\/types\/page"}],"author":[{"embeddable":true,"href":"http:\/\/103.190.27.205\/technis\/www\/fr\/wp-json\/wp\/v2\/users\/1"}],"replies":[{"embeddable":true,"href":"http:\/\/103.190.27.205\/technis\/www\/fr\/wp-json\/wp\/v2\/comments?post=16232"}],"version-history":[{"count":4,"href":"http:\/\/103.190.27.205\/technis\/www\/fr\/wp-json\/wp\/v2\/pages\/16232\/revisions"}],"predecessor-version":[{"id":18967,"href":"http:\/\/103.190.27.205\/technis\/www\/fr\/wp-json\/wp\/v2\/pages\/16232\/revisions\/18967"}],"wp:attachment":[{"href":"http:\/\/103.190.27.205\/technis\/www\/fr\/wp-json\/wp\/v2\/media?parent=16232"}],"curies":[{"name":"wp","href":"https:\/\/api.w.org\/{rel}","templated":true}]}}