{"id":16473,"date":"2023-03-28T10:06:20","date_gmt":"2023-03-28T10:06:20","guid":{"rendered":"http:\/\/103.190.27.205\/technis\/www\/produits\/"},"modified":"2023-03-31T10:11:40","modified_gmt":"2023-03-31T10:11:40","slug":"produits","status":"publish","type":"page","link":"http:\/\/103.190.27.205\/technis\/www\/fr\/produits\/","title":{"rendered":"Produits"},"content":{"rendered":"<section class=\"wpb-content-wrapper\"><p>[vc_row full_width=\u00a0\u00bbstretch_row\u00a0\u00bb el_class=\u00a0\u00bbfirst-section\u00a0\u00bb][vc_column][vc_row_inner el_class=\u00a0\u00bbs-pb\u00a0\u00bb][vc_column_inner el_class=\u00a0\u00bbwow fadeInUp\u00a0\u00bb][vc_column_text]<\/p>\n<h1>Produits<\/h1>\n<p>[\/vc_column_text][\/vc_column_inner][\/vc_row_inner][vc_row_inner el_class=\u00a0\u00bbs-pb-half\u00a0\u00bb][vc_column_inner el_class=\u00a0\u00bbwow fadeInUp\u00a0\u00bb][vc_column_text el_class=\u00a0\u00bbmb-16&Prime;]<\/p>\n<h5>Architecture de la plateforme<\/h5>\n<p>[\/vc_column_text][vc_column_text]<\/p>\n<h2>Une plateforme \u00e9volutive pour r\u00e9pondre \u00e0 tous vos enjeux.<\/h2>\n<p>[\/vc_column_text][\/vc_column_inner][\/vc_row_inner][\/vc_column][\/vc_row][vc_row el_class=\u00a0\u00bbmb-24&Prime;][vc_column][vc_row_inner el_class=\u00a0\u00bbmb-16&Prime;][vc_column_inner el_class=\u00a0\u00bbwow fadeInUp\u00a0\u00bb][vc_btn title=\u00a0\u00bbDonn\u00e9es consolid\u00e9es\u00a0\u00bb align=\u00a0\u00bbcenter\u00a0\u00bb el_class=\u00a0\u00bbbtn dashed arrow event-none\u00a0\u00bb][\/vc_column_inner][\/vc_row_inner][vc_row_inner][vc_column_inner el_class=\u00a0\u00bbmb-md-24&Prime;]<div class=\"top-icon-with-text-section gap-16 content-center mobile-2 tablet-3 desktop-6 \"><div class=\"top-icon-with-text-item wow fadeInUp\" style=\"background-color:#fafbfc; color:#3c3c3b;\" data-wow-delay=\"200ms\"><div class=\"icon\"><img decoding=\"async\" src=\"http:\/\/103.190.27.205\/technis\/www\/wp-content\/uploads\/2023\/03\/consolidated-1.svg\" alt=\"icon\"><\/div><div class=\"text\"><p>Web \/ Mobile \nDashboards<\/p><\/div><\/div><div class=\"top-icon-with-text-item wow fadeInUp\" style=\"background-color:#fafbfc; color:#3c3c3b;\" data-wow-delay=\"400ms\"><div class=\"icon\"><img decoding=\"async\" src=\"http:\/\/103.190.27.205\/technis\/www\/wp-content\/uploads\/2023\/03\/consolidated-2.svg\" alt=\"icon\"><\/div><div class=\"text\"><p>API<\/p><\/div><\/div><div class=\"top-icon-with-text-item wow fadeInUp\" style=\"background-color:#fafbfc; color:#3c3c3b;\" data-wow-delay=\"600ms\"><div class=\"icon\"><img decoding=\"async\" src=\"http:\/\/103.190.27.205\/technis\/www\/wp-content\/uploads\/2023\/03\/consolidated-3.svg\" alt=\"icon\"><\/div><div class=\"text\"><p>Display<\/p><\/div><\/div><div class=\"top-icon-with-text-item wow fadeInUp\" style=\"background-color:#fafbfc; color:#3c3c3b;\" data-wow-delay=\"800ms\"><div class=\"icon\"><img decoding=\"async\" src=\"http:\/\/103.190.27.205\/technis\/www\/wp-content\/uploads\/2023\/03\/consolidated-4.svg\" alt=\"icon\"><\/div><div class=\"text\"><p>Web app<\/p><\/div><\/div><div class=\"top-icon-with-text-item wow fadeInUp\" style=\"background-color:#fafbfc; color:#3c3c3b;\" data-wow-delay=\"1000ms\"><div class=\"icon\"><img decoding=\"async\" src=\"http:\/\/103.190.27.205\/technis\/www\/wp-content\/uploads\/2023\/03\/consolidated-5.svg\" alt=\"icon\"><\/div><div class=\"text\"><p>ESG platform<\/p><\/div><\/div><div class=\"top-icon-with-text-item wow fadeInUp\" style=\"background-color:#fafbfc; color:#3c3c3b;\" data-wow-delay=\"1200ms\"><div class=\"icon\"><img decoding=\"async\" src=\"http:\/\/103.190.27.205\/technis\/www\/wp-content\/uploads\/2023\/03\/consolidated-6.svg\" alt=\"icon\"><\/div><div class=\"text\"><p>ERP<\/p><\/div><\/div><\/div>[\/vc_column_inner][\/vc_row_inner][\/vc_column][\/vc_row][vc_row el_class=\u00a0\u00bbmb-24&Prime;][vc_column][vc_row_inner el_class=\u00a0\u00bbmb-16&Prime;][vc_column_inner el_class=\u00a0\u00bbwow fadeInUp\u00a0\u00bb][vc_btn title=\u00a0\u00bbApplications orient\u00e9es m\u00e9tiers\u00a0\u00bb align=\u00a0\u00bbcenter\u00a0\u00bb el_class=\u00a0\u00bbbtn dashed arrow event-none\u00a0\u00bb][\/vc_column_inner][\/vc_row_inner][vc_row_inner][vc_column_inner el_class=\u00a0\u00bbmb-md-24&Prime;]<div class=\"left-icon-with-text-section gap-16 icon-center mobile-1 tablet-2 desktop-4 technis-flow\"><a href=\"http:\/\/103.190.27.205\/technis\/www\/products\/technis-flow\/\" class=\"left-icon-with-text-item wow fadeInUp\" style=\"background-color:; color:#ffffff;\" data-wow-delay=\"200ms\"><div class=\"icon\"><img decoding=\"async\" src=\"http:\/\/103.190.27.205\/technis\/www\/wp-content\/uploads\/2023\/03\/flow.svg\" alt=\"icon\"><\/div><div class=\"text\"><h4>Technis Flow<\/h4><\/div><\/a><a href=\"http:\/\/103.190.27.205\/technis\/www\/products\/technis-energy\/\" class=\"left-icon-with-text-item wow fadeInUp\" style=\"background-color:; color:#ffffff;\" data-wow-delay=\"400ms\"><div class=\"icon\"><img decoding=\"async\" src=\"http:\/\/103.190.27.205\/technis\/www\/wp-content\/uploads\/2023\/03\/energy.svg\" alt=\"icon\"><\/div><div class=\"text\"><h4>Technis Energy<\/h4><\/div><\/a><a href=\"http:\/\/103.190.27.205\/technis\/www\/products\/technis-comfort\/\" class=\"left-icon-with-text-item wow fadeInUp\" style=\"background-color:; color:#ffffff;\" data-wow-delay=\"600ms\"><div class=\"icon\"><img decoding=\"async\" src=\"http:\/\/103.190.27.205\/technis\/www\/wp-content\/uploads\/2023\/03\/comfort.svg\" alt=\"icon\"><\/div><div class=\"text\"><h4>Technis Comfort<\/h4><\/div><\/a><a href=\"http:\/\/103.190.27.205\/technis\/www\/products\/technis-behavior\/\" class=\"left-icon-with-text-item wow fadeInUp\" style=\"background-color:; color:#ffffff;\" data-wow-delay=\"800ms\"><div class=\"icon\"><img decoding=\"async\" src=\"http:\/\/103.190.27.205\/technis\/www\/wp-content\/uploads\/2023\/03\/shopping-cart.svg\" alt=\"icon\"><\/div><div class=\"text\"><h4>Technis Behavior<\/h4><\/div><\/a><\/div>[\/vc_column_inner][\/vc_row_inner][\/vc_column][\/vc_row][vc_row el_class=\u00a0\u00bbmb-24&Prime;][vc_column el_class=\u00a0\u00bbmb-md-24&Prime;][vc_row_inner el_class=\u00a0\u00bbmb-16&Prime;][vc_column_inner el_class=\u00a0\u00bbwow fadeInUp\u00a0\u00bb][vc_btn title=\u00a0\u00bbDes donn\u00e9es brutes aux indicateurs de performance cl\u00e9s\u00a0\u00bb align=\u00a0\u00bbcenter\u00a0\u00bb el_class=\u00a0\u00bbbtn dashed arrow event-none\u00a0\u00bb][\/vc_column_inner][\/vc_row_inner][vc_row_inner css=\u00a0\u00bb.vc_custom_1680181071719{margin-right: 0px !important;margin-left: 0px !important;}\u00a0\u00bb][vc_column_inner el_class=\u00a0\u00bbwow fadeInUp\u00a0\u00bb data_wow_delay=\u00a0\u00bb.2s\u00a0\u00bb css=\u00a0\u00bb.vc_custom_1680181112848{background-image: url(http:\/\/103.190.27.205\/technis\/www\/wp-content\/uploads\/2023\/03\/KPI-bg.jpg?id=16293) !important;border-radius: 4px !important;}\u00a0\u00bb][vc_column_text el_class=\u00a0\u00bbmb-8 text-white pt-24&Prime;]<\/p>\n<h2 style=\"text-align: center;\"><a href=\"http:\/\/103.190.27.205\/technis\/www\/fr\/produits\/technis-os\/\">Technis OS<\/a><\/h2>\n<p>[\/vc_column_text][vc_column_text el_class=\u00a0\u00bbfont-medium text-white pb-24&Prime;]<\/p>\n<p style=\"text-align: center;\">Plateforme de donn\u00e9es et de KPI en temps r\u00e9el (IA, apprentissage automatique) \/<br \/>\nPlateforme d&rsquo;int\u00e9gration mat\u00e9rielle[\/vc_column_text][\/vc_column_inner][\/vc_row_inner][\/vc_column][\/vc_row][vc_row el_class=\u00a0\u00bbs-pb\u00a0\u00bb][vc_column][vc_row_inner el_class=\u00a0\u00bbmb-16&Prime;][vc_column_inner el_class=\u00a0\u00bbwow fadeInUp\u00a0\u00bb][vc_btn title=\u00a0\u00bbCollecte de donn\u00e9es en temps r\u00e9el\u00a0\u00bb align=\u00a0\u00bbcenter\u00a0\u00bb el_class=\u00a0\u00bbbtn dashed arrow event-none\u00a0\u00bb][\/vc_column_inner][\/vc_row_inner][vc_row_inner][vc_column_inner]<div class=\"top-icon-with-text-section gap-16 content-center mobile-2 tablet-3 desktop-6 \"><div class=\"top-icon-with-text-item wow fadeInUp\" style=\"background-color:#fafbfc; color:#3c3c3b;\" data-wow-delay=\"200ms\"><div class=\"icon\"><img decoding=\"async\" src=\"http:\/\/103.190.27.205\/technis\/www\/wp-content\/uploads\/2023\/03\/collection-1.svg\" alt=\"icon\"><\/div><div class=\"text\"><p>Smart floor<\/p><\/div><\/div><div class=\"top-icon-with-text-item wow fadeInUp\" style=\"background-color:#fafbfc; color:#3c3c3b;\" data-wow-delay=\"400ms\"><div class=\"icon\"><img decoding=\"async\" src=\"http:\/\/103.190.27.205\/technis\/www\/wp-content\/uploads\/2023\/03\/collection-2.svg\" alt=\"icon\"><\/div><div class=\"text\"><p>3D sensors and \nstereoscopic cameras<\/p><\/div><\/div><div class=\"top-icon-with-text-item wow fadeInUp\" style=\"background-color:#fafbfc; color:#3c3c3b;\" data-wow-delay=\"600ms\"><div class=\"icon\"><img decoding=\"async\" src=\"http:\/\/103.190.27.205\/technis\/www\/wp-content\/uploads\/2023\/03\/collection-3.svg\" alt=\"icon\"><\/div><div class=\"text\"><p>Presence sensors<\/p><\/div><\/div><div class=\"top-icon-with-text-item wow fadeInUp\" style=\"background-color:#fafbfc; color:#3c3c3b;\" data-wow-delay=\"800ms\"><div class=\"icon\"><img decoding=\"async\" src=\"http:\/\/103.190.27.205\/technis\/www\/wp-content\/uploads\/2023\/03\/collection-4.svg\" alt=\"icon\"><\/div><div class=\"text\"><p>Energy sensors<\/p><\/div><\/div><div class=\"top-icon-with-text-item wow fadeInUp\" style=\"background-color:#fafbfc; color:#3c3c3b;\" data-wow-delay=\"1000ms\"><div class=\"icon\"><img decoding=\"async\" src=\"http:\/\/103.190.27.205\/technis\/www\/wp-content\/uploads\/2023\/03\/collection-5.svg\" alt=\"icon\"><\/div><div class=\"text\"><p>Environmental \nsensors<\/p><\/div><\/div><div class=\"top-icon-with-text-item wow fadeInUp\" style=\"background-color:#fafbfc; color:#3c3c3b;\" data-wow-delay=\"1200ms\"><div class=\"icon\"><img decoding=\"async\" src=\"http:\/\/103.190.27.205\/technis\/www\/wp-content\/uploads\/2023\/03\/collection-6.svg\" alt=\"icon\"><\/div><div class=\"text\"><p>External and \ncustomer data<\/p><\/div><\/div><\/div>[\/vc_column_inner][\/vc_row_inner][\/vc_column][\/vc_row][vc_row el_class=\u00a0\u00bbs-pb\u00a0\u00bb][vc_column offset=\u00a0\u00bbvc_col-lg-8 vc_col-md-10&Prime; el_class=\u00a0\u00bbwow fadeInUp br-md-none\u00a0\u00bb][vc_column_text el_class=\u00a0\u00bbmb-24&Prime;]<\/p>\n<h2>La solution Technis repose sur un syst\u00e8me d&rsquo;exploitation pour les b\u00e2timents, compl\u00e9t\u00e9 par 4 applications adapt\u00e9es aux diff\u00e9rents enjeux de nos clients.<\/h2>\n<p>[\/vc_column_text][vc_column_text]Toutes ces donn\u00e9es peuvent \u00eatre export\u00e9es vers des plateformes externes telles que les plateformes ESG, ERP ou autres. L&rsquo;acquisition de donn\u00e9es se fait \u00e0 partir de\u00a0capteurs ou des flux de donn\u00e9es fournis par le client. Nous sommes agnostiques en ce qui concerne le choix des capteurs, et tant qu&rsquo;il existe une API ou que nous avons la capacit\u00e9 de r\u00e9cup\u00e9rer vos donn\u00e9es, notre solution logicielle peut s&rsquo;interfacer avec une multitude de sources.[\/vc_column_text][\/vc_column][vc_column width=\u00a0\u00bb1\/2&Prime; offset=\u00a0\u00bbvc_col-lg-4 vc_col-md-2 vc_hidden-sm vc_hidden-xs\u00a0\u00bb][\/vc_column][\/vc_row][vc_row full_width=\u00a0\u00bbstretch_row\u00a0\u00bb el_class=\u00a0\u00bbs-pd\u00a0\u00bb css=\u00a0\u00bb.vc_custom_1680175403218{background-color: #fafbfc !important;}\u00a0\u00bb][vc_column]<div class=\"left-icon-with-text-section gap-32 icon-top mobile-1 tablet-1 desktop-2 body-text-color technis-detail-block\"><div class=\"left-icon-with-text-item wow fadeInUp\" style=\"background-color:#ffffff; color:#3c3c3b;\" data-wow-delay=\"200ms\"><div class=\"icon\"><img decoding=\"async\" src=\"http:\/\/103.190.27.205\/technis\/www\/wp-content\/uploads\/2023\/03\/technis_os_big.svg\" alt=\"icon\"><\/div><div class=\"text\"><h4>Technis OS : La base de notre solution<\/h4><p>Notre syst\u00e8me d'exploitation est la base solide de toutes nos applications. Il offre un syst\u00e8me d'exploitation complet et s\u00e9curis\u00e9 garantissant une acquisition de donn\u00e9es, un stockage et un traitement fiables. Avec Technis OS, vous pouvez avoir l'esprit tranquille en sachant que vos donn\u00e9es sont s\u00e9curis\u00e9es, fiables et toujours disponibles.<\/p><\/div><\/div><div class=\"left-icon-with-text-item wow fadeInUp\" style=\"background-color:#ffffff; color:#3c3c3b;\" data-wow-delay=\"400ms\"><div class=\"icon\"><img decoding=\"async\" src=\"http:\/\/103.190.27.205\/technis\/www\/wp-content\/uploads\/2023\/03\/flow_big.svg\" alt=\"icon\"><\/div><div class=\"text\"><h4>Ma\u00eetrisez le flux de vos visiteurs gr\u00e2ce \u00e0 Technis Flow<\/h4><p>Optimisez le flux de personnes dans votre entreprise avec Technis Flow. Cette application vous fournit des donn\u00e9es pr\u00e9cises en temps r\u00e9el pour optimiser vos ressources, r\u00e9duire les temps d'attente et am\u00e9liorer l'exp\u00e9rience globale de vos clients. Avec Technis Flow, vous obtenez une vue compl\u00e8te du parcours de vos clients dans votre espace, ce qui vous permet de prendre des d\u00e9cisions \u00e9clair\u00e9es pour am\u00e9liorer leur exp\u00e9rience.<\/p><\/div><\/div><div class=\"left-icon-with-text-item wow fadeInUp\" style=\"background-color:#ffffff; color:#3c3c3b;\" data-wow-delay=\"600ms\"><div class=\"icon\"><img decoding=\"async\" src=\"http:\/\/103.190.27.205\/technis\/www\/wp-content\/uploads\/2023\/03\/comfort_big.svg\" alt=\"icon\"><\/div><div class=\"text\"><h4>Surveillez la qualit\u00e9 de votre environnement avec Technis Comfort<\/h4><p>Avec Technis Comfort, surveillez la qualit\u00e9 de l'environnement et de l'air dans votre entreprise. Gr\u00e2ce \u00e0 des donn\u00e9es en temps r\u00e9el, assurez-vous que vos clients et employ\u00e9s respirent un air sain et que les niveaux de temp\u00e9rature, d'humidit\u00e9 et d'\u00e9clairage sont optimaux. Offrez \u00e0 tous un environnement confortable et sain gr\u00e2ce \u00e0 Technis Comfort.<\/p><\/div><\/div><div class=\"left-icon-with-text-item wow fadeInUp\" style=\"background-color:#ffffff; color:#3c3c3b;\" data-wow-delay=\"800ms\"><div class=\"icon\"><img decoding=\"async\" src=\"http:\/\/103.190.27.205\/technis\/www\/wp-content\/uploads\/2023\/03\/energy_big.svg\" alt=\"icon\"><\/div><div class=\"text\"><h4>Optimisez votre consommation d'\u00e9nergie avec Technis Energy<\/h4><p>Technis Energy vous permet d'optimiser votre consommation d'\u00e9nergie gr\u00e2ce \u00e0 une application qui recueille en temps r\u00e9el des donn\u00e9es sur l'utilisation de l'\u00e9nergie dans votre b\u00e2timent. En surveillant les donn\u00e9es de consommation d'\u00e9nergie, vous pouvez identifier les domaines \u00e0 fort impact \u00e9nerg\u00e9tique et prendre des mesures pour \u00e9conomiser de l'\u00e9nergie et r\u00e9duire les co\u00fbts. Avec Technis Energy, vous pouvez faire des \u00e9conomies tout en r\u00e9duisant votre empreinte carbone.<\/p><\/div><\/div><div class=\"left-icon-with-text-item wow fadeInUp\" style=\"background-color:#ffffff; color:#3c3c3b;\" data-wow-delay=\"1000ms\"><div class=\"icon\"><img decoding=\"async\" src=\"http:\/\/103.190.27.205\/technis\/www\/wp-content\/uploads\/2023\/03\/behavior_big.svg\" alt=\"icon\"><\/div><div class=\"text\"><h4>Maximisez l'engagement de vos clients gr\u00e2ce \u00e0 Technis Behavior<\/h4><p>Technis Behavior est une application con\u00e7ue pour mesurer l'engagement de vos clients. Avec des donn\u00e9es en temps r\u00e9el sur les taux de conversion, les taux de capture, les parcours clients et les niveaux d'engagement, vous pouvez comprendre comment vos clients interagissent avec votre marque et prendre des d\u00e9cisions \u00e9clair\u00e9es sur la mani\u00e8re d'am\u00e9liorer l'exp\u00e9rience client. Avec Technis Behavior, vous pouvez optimiser votre entreprise et offrir une exp\u00e9rience transparente et personnalis\u00e9e \u00e0 vos clients.<\/p><\/div><\/div><\/div>[\/vc_column][\/vc_row]<\/p>\n<\/section>","protected":false},"excerpt":{"rendered":"<p>[vc_row full_width=\u00a0\u00bbstretch_row\u00a0\u00bb el_class=\u00a0\u00bbfirst-section\u00a0\u00bb][vc_column][vc_row_inner el_class=\u00a0\u00bbs-pb\u00a0\u00bb][vc_column_inner el_class=\u00a0\u00bbwow fadeInUp\u00a0\u00bb][vc_column_text] Produits [\/vc_column_text][\/vc_column_inner][\/vc_row_inner][vc_row_inner el_class=\u00a0\u00bbs-pb-half\u00a0\u00bb][vc_column_inner el_class=\u00a0\u00bbwow fadeInUp\u00a0\u00bb][vc_column_text el_class=\u00a0\u00bbmb-16&Prime;] Architecture de la plateforme [\/vc_column_text][vc_column_text] Une plateforme \u00e9volutive pour r\u00e9pondre \u00e0 tous vos enjeux. [\/vc_column_text][\/vc_column_inner][\/vc_row_inner][\/vc_column][\/vc_row][vc_row el_class=\u00a0\u00bbmb-24&Prime;][vc_column][vc_row_inner el_class=\u00a0\u00bbmb-16&Prime;][vc_column_inner el_class=\u00a0\u00bbwow fadeInUp\u00a0\u00bb][vc_btn title=\u00a0\u00bbDonn\u00e9es consolid\u00e9es\u00a0\u00bb align=\u00a0\u00bbcenter\u00a0\u00bb el_class=\u00a0\u00bbbtn dashed arrow event-none\u00a0\u00bb][\/vc_column_inner][\/vc_row_inner][vc_row_inner][vc_column_inner el_class=\u00a0\u00bbmb-md-24&Prime;][\/vc_column_inner][\/vc_row_inner][\/vc_column][\/vc_row][vc_row el_class=\u00a0\u00bbmb-24&Prime;][vc_column][vc_row_inner el_class=\u00a0\u00bbmb-16&Prime;][vc_column_inner el_class=\u00a0\u00bbwow fadeInUp\u00a0\u00bb][vc_btn title=\u00a0\u00bbApplications orient\u00e9es m\u00e9tiers\u00a0\u00bb align=\u00a0\u00bbcenter\u00a0\u00bb el_class=\u00a0\u00bbbtn dashed arrow event-none\u00a0\u00bb][\/vc_column_inner][\/vc_row_inner][vc_row_inner][vc_column_inner el_class=\u00a0\u00bbmb-md-24&Prime;][\/vc_column_inner][\/vc_row_inner][\/vc_column][\/vc_row][vc_row el_class=\u00a0\u00bbmb-24&Prime;][vc_column el_class=\u00a0\u00bbmb-md-24&Prime;][vc_row_inner el_class=\u00a0\u00bbmb-16&Prime;][vc_column_inner <a href=\"http:\/\/103.190.27.205\/technis\/www\/fr\/produits\/\" class=\"more-link\">&#8230;<span class=\"screen-reader-text\">  Produits<\/span><\/a><\/p>\n","protected":false},"author":1,"featured_media":0,"parent":0,"menu_order":0,"comment_status":"closed","ping_status":"closed","template":"","meta":{"content-type":"","footnotes":""},"class_list":["post-16473","page","type-page","status-publish","hentry"],"_links":{"self":[{"href":"http:\/\/103.190.27.205\/technis\/www\/fr\/wp-json\/wp\/v2\/pages\/16473","targetHints":{"allow":["GET"]}}],"collection":[{"href":"http:\/\/103.190.27.205\/technis\/www\/fr\/wp-json\/wp\/v2\/pages"}],"about":[{"href":"http:\/\/103.190.27.205\/technis\/www\/fr\/wp-json\/wp\/v2\/types\/page"}],"author":[{"embeddable":true,"href":"http:\/\/103.190.27.205\/technis\/www\/fr\/wp-json\/wp\/v2\/users\/1"}],"replies":[{"embeddable":true,"href":"http:\/\/103.190.27.205\/technis\/www\/fr\/wp-json\/wp\/v2\/comments?post=16473"}],"version-history":[{"count":11,"href":"http:\/\/103.190.27.205\/technis\/www\/fr\/wp-json\/wp\/v2\/pages\/16473\/revisions"}],"predecessor-version":[{"id":18933,"href":"http:\/\/103.190.27.205\/technis\/www\/fr\/wp-json\/wp\/v2\/pages\/16473\/revisions\/18933"}],"wp:attachment":[{"href":"http:\/\/103.190.27.205\/technis\/www\/fr\/wp-json\/wp\/v2\/media?parent=16473"}],"curies":[{"name":"wp","href":"https:\/\/api.w.org\/{rel}","templated":true}]}}